{"id":2023,"date":"2016-01-01T21:20:20","date_gmt":"2016-01-01T19:20:20","guid":{"rendered":"http:\/\/fabeventslab.com\/de\/?page_id=2023"},"modified":"2023-03-11T13:50:44","modified_gmt":"2023-03-11T11:50:44","slug":"exklusive-luxus-villen-mallorca-hochzeiten-events","status":"publish","type":"page","link":"https:\/\/fabeventslab.com\/de\/exklusive-luxus-villen-mallorca-hochzeiten-events\/","title":{"rendered":"Private Villen und Fincas f\u00fcr Hochzeiten &#038; Events auf Mallorca"},"content":{"rendered":"<div class=\"wpb-content-wrapper\"><p>[vc_row full_width=&#8220;stretch_row&#8220; full_height=&#8220;yes&#8220; css=&#8220;.vc_custom_1495220529243{background-image: url(http:\/\/fabeventslab.com\/wp-content\/uploads\/2016\/01\/hochzeit-mallorca-villa.jpg?id=3642) !important;background-position: center !important;background-repeat: no-repeat !important;background-size: cover !important;}&#8220;][vc_column][\/vc_column][\/vc_row][vc_row][vc_column][vc_column_text]<\/p>\n<h2>Private Villen und Fincas f\u00fcr Hochzeiten auf Mallorca<\/h2>\n<h3>Stilvolle &amp; exklusive Events und Hochzeiten der Extraklasse auf Mallorca<\/h3>\n<p>Wir planen und organisieren exklusive Events in Luxus-Villen und Fincas f\u00fcr Hochzeiten auf Mallorca\u00a0\u2013 von religi\u00f6sen\u00a0oder freien\u00a0Trauungen bis zu Luxusempf\u00e4ngen sind wir der ideale Ansprechpartner f\u00fcr die Hochzeitsplanung in privaten Villen oder exklusiven Fincas.\u00a0Unser Service ist voll und ganz\u00a0ma\u00dfgeschneidert. Dabei gehen wir zu 100 % auf die Bed\u00fcrfnisse unserer zuk\u00fcnftigen Brautpaare und Kunden ein.\u00a0Mit unserem gepr\u00fcften und zuverl\u00e4ssigen\u00a0Zulieferern wie <strong><a href=\"http:\/\/fabeventslab.com\/de\/heiraten-auf-mallorca\/catering-hochzeit-mallorca\/\">exklusive Caterern<\/a>, Top-Stylisten, Floristen oder Musikern<\/strong> wird Ihre Hochzeit und Ihr Fest perfekt und einzigartig. Unsere\u00a0<strong>Hochzeitslocations der Extraklasse<\/strong> f\u00fcr elegante und einzigartige Hochzeiten auf Mallorca befinden sich zum Beispiel in\u00a0Andratx, Portals Nous, Valldemossa, S\u00f3ller, Cala D&#8217;Or or Pollensa, um nur ein paar Orte zu nennen.<\/p>\n<p>&nbsp;<\/p>\n<h4><a href=\"https:\/\/fabeventslab.com\/wp-content\/uploads\/2019\/09\/Private-Villen-und-Fincas-f\u00fcr-Hochzeiten-auf-Mallorca.jpg\"><img decoding=\"async\" class=\" wp-image-4514 alignright\" src=\"https:\/\/fabeventslab.com\/wp-content\/uploads\/2019\/09\/Private-Villen-und-Fincas-f\u00fcr-Hochzeiten-auf-Mallorca-1024x683.jpg\" alt=\"Private Villen und Fincas f\u00fcr Hochzeiten auf Mallorca\" width=\"668\" height=\"445\" srcset=\"https:\/\/fabeventslab.com\/wp-content\/uploads\/2019\/09\/Private-Villen-und-Fincas-f\u00fcr-Hochzeiten-auf-Mallorca-1024x683.jpg 1024w, https:\/\/fabeventslab.com\/wp-content\/uploads\/2019\/09\/Private-Villen-und-Fincas-f\u00fcr-Hochzeiten-auf-Mallorca-300x200.jpg 300w, https:\/\/fabeventslab.com\/wp-content\/uploads\/2019\/09\/Private-Villen-und-Fincas-f\u00fcr-Hochzeiten-auf-Mallorca-768x513.jpg 768w, https:\/\/fabeventslab.com\/wp-content\/uploads\/2019\/09\/Private-Villen-und-Fincas-f\u00fcr-Hochzeiten-auf-Mallorca-1144x763.jpg 1144w, https:\/\/fabeventslab.com\/wp-content\/uploads\/2019\/09\/Private-Villen-und-Fincas-f\u00fcr-Hochzeiten-auf-Mallorca.jpg 1500w\" sizes=\"(max-width: 668px) 100vw, 668px\" \/><\/a>Unsere Auswahl an Luxus-Villen und Fincas f\u00fcr Hochzeiten\u00a0auf\u00a0Mallorca umfassen zum Beispiel:<\/h4>\n<p style=\"text-align: left;\">\u21d2 Private Chefs<\/p>\n<p style=\"text-align: left;\">\u21d2\u00a0Dienst- und Hauspersonal<\/p>\n<p style=\"text-align: left;\">\u21d2 Infinity Pools<\/p>\n<p style=\"text-align: left;\">\u21d2 Hochwertige\u00a0Design-Ausstattung<\/p>\n<p style=\"text-align: left;\">\u21d2 Private\u00a0Villen mit Meerblick oder Bergsicht<\/p>\n<p style=\"text-align: left;\">\u21d2 Private\u00a0Tennispl\u00e4tze<\/p>\n<p style=\"text-align: left;\">\u21d2\u00a0Kinderspielpl\u00e4tze<\/p>\n<p style=\"text-align: left;\">\u21d2\u00a0Hubschrauberlandepl\u00e4tze<\/p>\n<p style=\"text-align: left;\">\u21d2 Personal Shopper Service<\/p>\n<p style=\"text-align: left;\">\u21d2\u00a0und vieles mehr<\/p>\n<p>&nbsp;<\/p>\n<h2>Ihr Event. Ganz nach Ihren W\u00fcnschen.<\/h2>\n<p>Als <a href=\"http:\/\/fabeventslab.com\/de\/hochzeitsplaner-mallorca\/\">Hochzeitsplaner und Event Designer auf Mallorca<\/a> sind wir Ihr professioneller Eventdienstleister f\u00fcr perfekte\u00a0Hochzeiten und private\u00a0Veranstaltungen.\u00a0Unvergesslich und einzigartig.<\/p>\n<p>Alle erstklassigen <a href=\"https:\/\/fabeventslab.com\/de\/hochzeitslocations-mallorca\/\">Hochzeitslocations in unserem Portfolio<\/a> (wie zum Beispiel luxuri\u00f6se Villen, moderne H\u00e4user, traditionelle Fincas, herrschaftliche Anwesen, erste Linie \/ Meerblick) befinden sich in Pr\u00e4ferenzlage und sind oft auch zur Ferienanmietung geeignet. Wenn Sie interessiert sind, n\u00e4here Informationen von diesen exklusiven H\u00e4usern zu erhalten, <a href=\"http:\/\/fabeventslab.com\/de\/kontakt-weddingplaner-mallorca\/\">senden Sie uns bitte Ihre Anfrage<\/a>.[\/vc_column_text][\/vc_column][\/vc_row][vc_row][vc_column][vc_column_text]Noch nicht \u00fcberzeugt? Lesen Sie die <a href=\"https:\/\/www.facebook.com\/pg\/event.wedding.planners.mallorca\/reviews\/\" target=\"_blank\" rel=\"noopener noreferrer\">Erfahrungsberichte unserer Paare auf Facebook<\/a> oder auch die <a href=\"https:\/\/fabeventslab.com\/de\/heiraten-auf-mallorca\/bewertungen-hochzeitsplaner-mallorca\/\">Bewertungen auf unserer Webseite<\/a>![\/vc_column_text][\/vc_column][\/vc_row]<\/p>\n<\/div>","protected":false},"excerpt":{"rendered":"<p>[vc_row full_width=&#8220;stretch_row&#8220; full_height=&#8220;yes&#8220; css=&#8220;.vc_custom_1495220529243{background-image: url(http:\/\/fabeventslab.com\/wp-content\/uploads\/2016\/01\/hochzeit-mallorca-villa.jpg?id=3642) !important;background-position: center !important;background-repeat: no-repeat !important;background-size: cover !important;}&#8220;][vc_column][\/vc_column][\/vc_row][vc_row][vc_column][vc_column_text] Private Villen und Fincas f\u00fcr Hochzeiten auf Mallorca Stilvolle &amp; exklusive Events und Hochzeiten der Extraklasse auf Mallorca [&hellip;]<\/p>\n","protected":false},"author":3,"featured_media":0,"parent":0,"menu_order":0,"comment_status":"closed","ping_status":"closed","template":"","meta":{"_monsterinsights_skip_tracking":false,"_monsterinsights_sitenote_active":false,"_monsterinsights_sitenote_note":"","_monsterinsights_sitenote_category":0,"footnotes":""},"class_list":["post-2023","page","type-page","status-publish","hentry"],"yoast_head":"<!-- This site is optimized with the Yoast SEO plugin v27.6 - https:\/\/yoast.com\/product\/yoast-seo-wordpress\/ -->\n<title>Traumhafte Villen und Fincas f\u00fcr Hochzeiten auf Mallorca<\/title>\n<meta name=\"description\" content=\"Wir sind Ihr Eventdienstleister f\u00fcr exklusive Hochzeiten &amp; private Events auf Mallorca. Uns stehen eine Vielzahl von Fincas f\u00fcr Hochzeiten auf Mallorca zur Verf\u00fcgung. Im Rahmen der Hochzeitsplanung begleiten und beraten euch bei der Auswahl und Organisation des Festes von A bis Z.\" \/>\n<meta name=\"robots\" content=\"index, follow, max-snippet:-1, max-image-preview:large, max-video-preview:-1\" \/>\n<link rel=\"canonical\" href=\"https:\/\/fabeventslab.com\/de\/exklusive-luxus-villen-mallorca-hochzeiten-events\/\" \/>\n<meta property=\"og:locale\" content=\"de_DE\" \/>\n<meta property=\"og:type\" content=\"article\" \/>\n<meta property=\"og:title\" content=\"Traumhafte Villen und Fincas f\u00fcr Hochzeiten auf Mallorca\" \/>\n<meta property=\"og:description\" content=\"Wir sind Ihr Eventdienstleister f\u00fcr exklusive Hochzeiten &amp; private Events auf Mallorca. Uns stehen eine Vielzahl von Fincas f\u00fcr Hochzeiten auf Mallorca zur Verf\u00fcgung. Im Rahmen der Hochzeitsplanung begleiten und beraten euch bei der Auswahl und Organisation des Festes von A bis Z.\" \/>\n<meta property=\"og:url\" content=\"https:\/\/fabeventslab.com\/de\/exklusive-luxus-villen-mallorca-hochzeiten-events\/\" \/>\n<meta property=\"og:site_name\" content=\"FAB events LAB\" \/>\n<meta property=\"article:publisher\" content=\"https:\/\/www.facebook.com\/event.wedding.planners.mallorca\" \/>\n<meta property=\"article:modified_time\" content=\"2023-03-11T11:50:44+00:00\" \/>\n<meta property=\"og:image\" content=\"https:\/\/fabeventslab.com\/wp-content\/uploads\/2023\/02\/wedding-planner-mallorca-fabeventslab.jpg\" \/>\n\t<meta property=\"og:image:width\" content=\"2000\" \/>\n\t<meta property=\"og:image:height\" content=\"1330\" \/>\n\t<meta property=\"og:image:type\" content=\"image\/jpeg\" \/>\n<meta name=\"twitter:card\" content=\"summary_large_image\" \/>\n<meta name=\"twitter:site\" content=\"@FABweddingsLAB\" \/>\n<meta name=\"twitter:label1\" content=\"Gesch\u00e4tzte Lesezeit\" \/>\n\t<meta name=\"twitter:data1\" content=\"2\u00a0Minuten\" \/>\n<script type=\"application\/ld+json\" class=\"yoast-schema-graph\">{\"@context\":\"https:\\\/\\\/schema.org\",\"@graph\":[{\"@type\":\"WebPage\",\"@id\":\"https:\\\/\\\/fabeventslab.com\\\/de\\\/exklusive-luxus-villen-mallorca-hochzeiten-events\\\/\",\"url\":\"https:\\\/\\\/fabeventslab.com\\\/de\\\/exklusive-luxus-villen-mallorca-hochzeiten-events\\\/\",\"name\":\"Traumhafte Villen und Fincas f\u00fcr Hochzeiten auf Mallorca\",\"isPartOf\":{\"@id\":\"https:\\\/\\\/fabeventslab.com\\\/#website\"},\"datePublished\":\"2016-01-01T19:20:20+00:00\",\"dateModified\":\"2023-03-11T11:50:44+00:00\",\"description\":\"Wir sind Ihr Eventdienstleister f\u00fcr exklusive Hochzeiten & private Events auf Mallorca. Uns stehen eine Vielzahl von Fincas f\u00fcr Hochzeiten auf Mallorca zur Verf\u00fcgung. Im Rahmen der Hochzeitsplanung begleiten und beraten euch bei der Auswahl und Organisation des Festes von A bis Z.\",\"breadcrumb\":{\"@id\":\"https:\\\/\\\/fabeventslab.com\\\/de\\\/exklusive-luxus-villen-mallorca-hochzeiten-events\\\/#breadcrumb\"},\"inLanguage\":\"de\",\"potentialAction\":[{\"@type\":\"ReadAction\",\"target\":[\"https:\\\/\\\/fabeventslab.com\\\/de\\\/exklusive-luxus-villen-mallorca-hochzeiten-events\\\/\"]}]},{\"@type\":\"BreadcrumbList\",\"@id\":\"https:\\\/\\\/fabeventslab.com\\\/de\\\/exklusive-luxus-villen-mallorca-hochzeiten-events\\\/#breadcrumb\",\"itemListElement\":[{\"@type\":\"ListItem\",\"position\":1,\"name\":\"Home\",\"item\":\"https:\\\/\\\/fabeventslab.com\\\/de\\\/\"},{\"@type\":\"ListItem\",\"position\":2,\"name\":\"Private Villen und Fincas f\u00fcr Hochzeiten &#038; Events auf Mallorca\"}]},{\"@type\":\"WebSite\",\"@id\":\"https:\\\/\\\/fabeventslab.com\\\/#website\",\"url\":\"https:\\\/\\\/fabeventslab.com\\\/\",\"name\":\"FAB events LAB\",\"description\":\"Wedding Planner Mallorca\",\"publisher\":{\"@id\":\"https:\\\/\\\/fabeventslab.com\\\/#organization\"},\"potentialAction\":[{\"@type\":\"SearchAction\",\"target\":{\"@type\":\"EntryPoint\",\"urlTemplate\":\"https:\\\/\\\/fabeventslab.com\\\/?s={search_term_string}\"},\"query-input\":{\"@type\":\"PropertyValueSpecification\",\"valueRequired\":true,\"valueName\":\"search_term_string\"}}],\"inLanguage\":\"de\"},{\"@type\":\"Organization\",\"@id\":\"https:\\\/\\\/fabeventslab.com\\\/#organization\",\"name\":\"FAB events LAB Wedding Planner Mallorca\",\"alternateName\":\"FAB events LAB\",\"url\":\"https:\\\/\\\/fabeventslab.com\\\/\",\"logo\":{\"@type\":\"ImageObject\",\"inLanguage\":\"de\",\"@id\":\"https:\\\/\\\/fabeventslab.com\\\/#\\\/schema\\\/logo\\\/image\\\/\",\"url\":\"https:\\\/\\\/fabeventslab.com\\\/wp-content\\\/uploads\\\/2017\\\/05\\\/FAB-events-LAB-Wedding-Planner-Mallorca-3-Kopie.png\",\"contentUrl\":\"https:\\\/\\\/fabeventslab.com\\\/wp-content\\\/uploads\\\/2017\\\/05\\\/FAB-events-LAB-Wedding-Planner-Mallorca-3-Kopie.png\",\"width\":\"224\",\"height\":\"220\",\"caption\":\"FAB events LAB Wedding Planner Mallorca\"},\"image\":{\"@id\":\"https:\\\/\\\/fabeventslab.com\\\/#\\\/schema\\\/logo\\\/image\\\/\"},\"sameAs\":[\"https:\\\/\\\/www.facebook.com\\\/event.wedding.planners.mallorca\",\"https:\\\/\\\/x.com\\\/FABweddingsLAB\",\"https:\\\/\\\/www.instagram.com\\\/fab_events_lab\\\/\",\"https:\\\/\\\/www.linkedin.com\\\/company\\\/fab-events-lab\",\"https:\\\/\\\/es.pinterest.com\\\/mallorcaevents\\\/\",\"https:\\\/\\\/www.youtube.com\\\/channel\\\/UC-9PwyQerpHS3ULinxpawBA\"]}]}<\/script>\n<!-- \/ Yoast SEO plugin. -->","yoast_head_json":{"title":"Traumhafte Villen und Fincas f\u00fcr Hochzeiten auf Mallorca","description":"Wir sind Ihr Eventdienstleister f\u00fcr exklusive Hochzeiten & private Events auf Mallorca. Uns stehen eine Vielzahl von Fincas f\u00fcr Hochzeiten auf Mallorca zur Verf\u00fcgung. Im Rahmen der Hochzeitsplanung begleiten und beraten euch bei der Auswahl und Organisation des Festes von A bis Z.","robots":{"index":"index","follow":"follow","max-snippet":"max-snippet:-1","max-image-preview":"max-image-preview:large","max-video-preview":"max-video-preview:-1"},"canonical":"https:\/\/fabeventslab.com\/de\/exklusive-luxus-villen-mallorca-hochzeiten-events\/","og_locale":"de_DE","og_type":"article","og_title":"Traumhafte Villen und Fincas f\u00fcr Hochzeiten auf Mallorca","og_description":"Wir sind Ihr Eventdienstleister f\u00fcr exklusive Hochzeiten & private Events auf Mallorca. Uns stehen eine Vielzahl von Fincas f\u00fcr Hochzeiten auf Mallorca zur Verf\u00fcgung. Im Rahmen der Hochzeitsplanung begleiten und beraten euch bei der Auswahl und Organisation des Festes von A bis Z.","og_url":"https:\/\/fabeventslab.com\/de\/exklusive-luxus-villen-mallorca-hochzeiten-events\/","og_site_name":"FAB events LAB","article_publisher":"https:\/\/www.facebook.com\/event.wedding.planners.mallorca","article_modified_time":"2023-03-11T11:50:44+00:00","og_image":[{"width":2000,"height":1330,"url":"https:\/\/fabeventslab.com\/wp-content\/uploads\/2023\/02\/wedding-planner-mallorca-fabeventslab.jpg","type":"image\/jpeg"}],"twitter_card":"summary_large_image","twitter_site":"@FABweddingsLAB","twitter_misc":{"Gesch\u00e4tzte Lesezeit":"2\u00a0Minuten"},"schema":{"@context":"https:\/\/schema.org","@graph":[{"@type":"WebPage","@id":"https:\/\/fabeventslab.com\/de\/exklusive-luxus-villen-mallorca-hochzeiten-events\/","url":"https:\/\/fabeventslab.com\/de\/exklusive-luxus-villen-mallorca-hochzeiten-events\/","name":"Traumhafte Villen und Fincas f\u00fcr Hochzeiten auf Mallorca","isPartOf":{"@id":"https:\/\/fabeventslab.com\/#website"},"datePublished":"2016-01-01T19:20:20+00:00","dateModified":"2023-03-11T11:50:44+00:00","description":"Wir sind Ihr Eventdienstleister f\u00fcr exklusive Hochzeiten & private Events auf Mallorca. Uns stehen eine Vielzahl von Fincas f\u00fcr Hochzeiten auf Mallorca zur Verf\u00fcgung. Im Rahmen der Hochzeitsplanung begleiten und beraten euch bei der Auswahl und Organisation des Festes von A bis Z.","breadcrumb":{"@id":"https:\/\/fabeventslab.com\/de\/exklusive-luxus-villen-mallorca-hochzeiten-events\/#breadcrumb"},"inLanguage":"de","potentialAction":[{"@type":"ReadAction","target":["https:\/\/fabeventslab.com\/de\/exklusive-luxus-villen-mallorca-hochzeiten-events\/"]}]},{"@type":"BreadcrumbList","@id":"https:\/\/fabeventslab.com\/de\/exklusive-luxus-villen-mallorca-hochzeiten-events\/#breadcrumb","itemListElement":[{"@type":"ListItem","position":1,"name":"Home","item":"https:\/\/fabeventslab.com\/de\/"},{"@type":"ListItem","position":2,"name":"Private Villen und Fincas f\u00fcr Hochzeiten &#038; Events auf Mallorca"}]},{"@type":"WebSite","@id":"https:\/\/fabeventslab.com\/#website","url":"https:\/\/fabeventslab.com\/","name":"FAB events LAB","description":"Wedding Planner Mallorca","publisher":{"@id":"https:\/\/fabeventslab.com\/#organization"},"potentialAction":[{"@type":"SearchAction","target":{"@type":"EntryPoint","urlTemplate":"https:\/\/fabeventslab.com\/?s={search_term_string}"},"query-input":{"@type":"PropertyValueSpecification","valueRequired":true,"valueName":"search_term_string"}}],"inLanguage":"de"},{"@type":"Organization","@id":"https:\/\/fabeventslab.com\/#organization","name":"FAB events LAB Wedding Planner Mallorca","alternateName":"FAB events LAB","url":"https:\/\/fabeventslab.com\/","logo":{"@type":"ImageObject","inLanguage":"de","@id":"https:\/\/fabeventslab.com\/#\/schema\/logo\/image\/","url":"https:\/\/fabeventslab.com\/wp-content\/uploads\/2017\/05\/FAB-events-LAB-Wedding-Planner-Mallorca-3-Kopie.png","contentUrl":"https:\/\/fabeventslab.com\/wp-content\/uploads\/2017\/05\/FAB-events-LAB-Wedding-Planner-Mallorca-3-Kopie.png","width":"224","height":"220","caption":"FAB events LAB Wedding Planner Mallorca"},"image":{"@id":"https:\/\/fabeventslab.com\/#\/schema\/logo\/image\/"},"sameAs":["https:\/\/www.facebook.com\/event.wedding.planners.mallorca","https:\/\/x.com\/FABweddingsLAB","https:\/\/www.instagram.com\/fab_events_lab\/","https:\/\/www.linkedin.com\/company\/fab-events-lab","https:\/\/es.pinterest.com\/mallorcaevents\/","https:\/\/www.youtube.com\/channel\/UC-9PwyQerpHS3ULinxpawBA"]}]}},"_links":{"self":[{"href":"https:\/\/fabeventslab.com\/de\/wp-json\/wp\/v2\/pages\/2023","targetHints":{"allow":["GET"]}}],"collection":[{"href":"https:\/\/fabeventslab.com\/de\/wp-json\/wp\/v2\/pages"}],"about":[{"href":"https:\/\/fabeventslab.com\/de\/wp-json\/wp\/v2\/types\/page"}],"author":[{"embeddable":true,"href":"https:\/\/fabeventslab.com\/de\/wp-json\/wp\/v2\/users\/3"}],"replies":[{"embeddable":true,"href":"https:\/\/fabeventslab.com\/de\/wp-json\/wp\/v2\/comments?post=2023"}],"version-history":[{"count":5,"href":"https:\/\/fabeventslab.com\/de\/wp-json\/wp\/v2\/pages\/2023\/revisions"}],"predecessor-version":[{"id":6009,"href":"https:\/\/fabeventslab.com\/de\/wp-json\/wp\/v2\/pages\/2023\/revisions\/6009"}],"wp:attachment":[{"href":"https:\/\/fabeventslab.com\/de\/wp-json\/wp\/v2\/media?parent=2023"}],"curies":[{"name":"wp","href":"https:\/\/api.w.org\/{rel}","templated":true}]}}