{"id":2063,"date":"2016-02-21T17:34:25","date_gmt":"2016-02-21T15:34:25","guid":{"rendered":"http:\/\/fabeventslab.com\/de\/?page_id=2063"},"modified":"2023-01-21T19:58:26","modified_gmt":"2023-01-21T17:58:26","slug":"yacht-schiff-hochzeit","status":"publish","type":"page","link":"https:\/\/fabeventslab.com\/de\/heiraten-auf-mallorca\/yacht-schiff-hochzeit\/","title":{"rendered":"Hochzeit auf einem Boot auf Mallorca"},"content":{"rendered":"<div class=\"wpb-content-wrapper\"><p>[vc_row full_width=&#8220;stretch_row&#8220; full_height=&#8220;yes&#8220; css=&#8220;.vc_custom_1495219912539{background-image: url(http:\/\/fabeventslab.com\/wp-content\/uploads\/2014\/10\/Heiraten-auf-Mallorca.jpg?id=353) !important;background-position: center !important;background-repeat: no-repeat !important;background-size: cover !important;}&#8220;][vc_column][\/vc_column][\/vc_row][vc_row][vc_column][vc_column_text]<\/p>\n<h2>Einzigartige Hochzeiten k\u00f6nnen auf Mallorca auch an Bord eines Boots gefeiert werden<\/h2>\n<p>Heirate auf einem Katamaran, einem Segelboot oder auf einer luxuri\u00f6sen Yacht und segle rund um die Insel, um den Tag mit eurer Familie und Freunden ganz exklusiv zu genie\u00dfen. Oder warum nicht eine Bootsfahrt mit euren G\u00e4sten als ein <strong>Get-Together\u00a0vor\u00a0der\u00a0Hochzeit<\/strong> organisieren? Die herrliche Aussicht auf Mallorca mit den sch\u00f6nsten K\u00fcsten und Buchten bietet eine unvergessliche Kulisse f\u00fcr euren gro\u00dfen Tag und all den Fotografien! Ist es nicht eine wundersch\u00f6ne Vorstellung, sich in einer malerischen Bucht auf einer wei\u00dfen Yacht im Kreise der Familie und der besten Freunde feiern zu lassen? Den Tag mit einer exklusiven Hochzeitsfeier ausklingen zu lassen und erst in der sp\u00e4ten Nacht in den Hafen zur\u00fcckzukehren? Auf Mallorca ist es m\u00f6glich!<\/p>\n<p>&nbsp;<\/p>\n<h2>Unsere traumhaften Yacht- und Schiffshochzeiten auf Mallorca<\/h2>\n<p><a href=\"http:\/\/fabeventslab.com\/wp-content\/uploads\/2016\/02\/Schiff-Hochzeit-Mallorca.jpg\" rel=\"attachment wp-att-2066\"><img decoding=\"async\" class=\"alignright wp-image-2066\" src=\"http:\/\/fabeventslab.com\/wp-content\/uploads\/2016\/02\/Schiff-Hochzeit-Mallorca.jpg\" alt=\"Schiff Hochzeit Mallorca\" width=\"500\" height=\"332\" srcset=\"https:\/\/fabeventslab.com\/wp-content\/uploads\/2016\/02\/Schiff-Hochzeit-Mallorca.jpg 500w, https:\/\/fabeventslab.com\/wp-content\/uploads\/2016\/02\/Schiff-Hochzeit-Mallorca-300x199.jpg 300w\" sizes=\"(max-width: 500px) 100vw, 500px\" \/><\/a>Unsere Yachten und Boote sind die perfekte Wahl f\u00fcr eine Hochzeitsfeier von bis zu 75 G\u00e4sten. Mallorca ist f\u00fcr ihre wundersch\u00f6ne Landschaft ber\u00fchmt und eine beliebte Insel f\u00fcr Hochzeiten und romantische Flitterwochen f\u00fcr verliebte Paare aus der ganzen Welt. Von einer privaten Tour nur f\u00fcr das gl\u00fcckliche Paar bis zu einer voll ausgestatteten Feier f\u00fcr die gesamte Hochzeitsgesellschaft, wir freuen uns f\u00fcr euch diesen besonderen Anlass \u00a0planen und organisieren zu d\u00fcrfen!<\/p>\n<p>F\u00fcr die Ausrichtung von\u00a0Veranstaltungen jeder Art, Traumhochzeiten, Geburtstagsfeiern oder anderen festlichen Ereignissen auf dem Wasser sind wir von <em>FAB events\u00a0LAB<\/em> die perfekte Wahl auf hoher See. Wir wollen nicht nur planen &#8230; <strong>wir entwerfen und verwirklichen euren besonderen Tag <\/strong>ganz nach euren W\u00fcnschen.<\/p>\n<p>&nbsp;<\/p>\n<h2>Kontaktiert unsere Hochzeitsplaner heute noch!<\/h2>\n<p>Schreibt unseren <a href=\"http:\/\/fabeventslab.com\/de\/hochzeitsplaner-mallorca\/\">Hochzeitsplanern auf Mallorca<\/a> eine E-Mail an\u00a0<a href=\"mailto:hello@fabeventslab.com\">hello@fabeventslab.com<\/a> oder schickt eure Anfrage \u00fcber das <span style=\"text-decoration: underline;\"><a href=\"http:\/\/fabeventslab.com\/de\/kontakt-weddingplaner-mallorca\/\">Online-Formular<\/a><\/span> und gerne werden wir euch antworten.[\/vc_column_text][\/vc_column][\/vc_row]<\/p>\n<\/div>","protected":false},"excerpt":{"rendered":"<p>[vc_row full_width=&#8220;stretch_row&#8220; full_height=&#8220;yes&#8220; css=&#8220;.vc_custom_1495219912539{background-image: url(http:\/\/fabeventslab.com\/wp-content\/uploads\/2014\/10\/Heiraten-auf-Mallorca.jpg?id=353) !important;background-position: center !important;background-repeat: no-repeat !important;background-size: cover !important;}&#8220;][vc_column][\/vc_column][\/vc_row][vc_row][vc_column][vc_column_text] Einzigartige Hochzeiten k\u00f6nnen auf Mallorca auch an Bord eines Boots gefeiert werden Heirate auf einem Katamaran, einem Segelboot [&hellip;]<\/p>\n","protected":false},"author":3,"featured_media":0,"parent":352,"menu_order":0,"comment_status":"closed","ping_status":"closed","template":"","meta":{"_monsterinsights_skip_tracking":false,"_monsterinsights_sitenote_active":false,"_monsterinsights_sitenote_note":"","_monsterinsights_sitenote_category":0,"footnotes":""},"class_list":["post-2063","page","type-page","status-publish","hentry"],"yoast_head":"<!-- This site is optimized with the Yoast SEO plugin v27.4 - https:\/\/yoast.com\/product\/yoast-seo-wordpress\/ -->\n<title>Hochzeit auf einem Boot auf Mallorca | FAB events LAB<\/title>\n<meta name=\"description\" content=\"Kreiert mit uns ein unvergessliches Erlebnis: eine Hochzeit auf einem Boot auf Mallorca! Unsere Hochzeitsplaner beraten euch gerne.\" \/>\n<meta name=\"robots\" content=\"index, follow, max-snippet:-1, max-image-preview:large, max-video-preview:-1\" \/>\n<link rel=\"canonical\" href=\"https:\/\/fabeventslab.com\/de\/heiraten-auf-mallorca\/yacht-schiff-hochzeit\/\" \/>\n<meta property=\"og:locale\" content=\"de_DE\" \/>\n<meta property=\"og:type\" content=\"article\" \/>\n<meta property=\"og:title\" content=\"Hochzeit auf einem Boot auf Mallorca | FAB events LAB\" \/>\n<meta property=\"og:description\" content=\"Kreiert mit uns ein unvergessliches Erlebnis: eine Hochzeit auf einem Boot auf Mallorca! Unsere Hochzeitsplaner beraten euch gerne.\" \/>\n<meta property=\"og:url\" content=\"https:\/\/fabeventslab.com\/de\/heiraten-auf-mallorca\/yacht-schiff-hochzeit\/\" \/>\n<meta property=\"og:site_name\" content=\"FAB events LAB\" \/>\n<meta property=\"article:publisher\" content=\"https:\/\/www.facebook.com\/event.wedding.planners.mallorca\" \/>\n<meta property=\"article:modified_time\" content=\"2023-01-21T17:58:26+00:00\" \/>\n<meta property=\"og:image\" content=\"http:\/\/fabeventslab.com\/wp-content\/uploads\/2016\/02\/Schiff-Hochzeit-Mallorca.jpg\" \/>\n<meta name=\"twitter:card\" content=\"summary_large_image\" \/>\n<meta name=\"twitter:site\" content=\"@FABweddingsLAB\" \/>\n<meta name=\"twitter:label1\" content=\"Gesch\u00e4tzte Lesezeit\" \/>\n\t<meta name=\"twitter:data1\" content=\"2\u00a0Minuten\" \/>\n<script type=\"application\/ld+json\" class=\"yoast-schema-graph\">{\"@context\":\"https:\\\/\\\/schema.org\",\"@graph\":[{\"@type\":\"WebPage\",\"@id\":\"https:\\\/\\\/fabeventslab.com\\\/de\\\/heiraten-auf-mallorca\\\/yacht-schiff-hochzeit\\\/\",\"url\":\"https:\\\/\\\/fabeventslab.com\\\/de\\\/heiraten-auf-mallorca\\\/yacht-schiff-hochzeit\\\/\",\"name\":\"Hochzeit auf einem Boot auf Mallorca | FAB events LAB\",\"isPartOf\":{\"@id\":\"https:\\\/\\\/fabeventslab.com\\\/#website\"},\"primaryImageOfPage\":{\"@id\":\"https:\\\/\\\/fabeventslab.com\\\/de\\\/heiraten-auf-mallorca\\\/yacht-schiff-hochzeit\\\/#primaryimage\"},\"image\":{\"@id\":\"https:\\\/\\\/fabeventslab.com\\\/de\\\/heiraten-auf-mallorca\\\/yacht-schiff-hochzeit\\\/#primaryimage\"},\"thumbnailUrl\":\"http:\\\/\\\/fabeventslab.com\\\/wp-content\\\/uploads\\\/2016\\\/02\\\/Schiff-Hochzeit-Mallorca.jpg\",\"datePublished\":\"2016-02-21T15:34:25+00:00\",\"dateModified\":\"2023-01-21T17:58:26+00:00\",\"description\":\"Kreiert mit uns ein unvergessliches Erlebnis: eine Hochzeit auf einem Boot auf Mallorca! Unsere Hochzeitsplaner beraten euch gerne.\",\"breadcrumb\":{\"@id\":\"https:\\\/\\\/fabeventslab.com\\\/de\\\/heiraten-auf-mallorca\\\/yacht-schiff-hochzeit\\\/#breadcrumb\"},\"inLanguage\":\"de\",\"potentialAction\":[{\"@type\":\"ReadAction\",\"target\":[\"https:\\\/\\\/fabeventslab.com\\\/de\\\/heiraten-auf-mallorca\\\/yacht-schiff-hochzeit\\\/\"]}]},{\"@type\":\"ImageObject\",\"inLanguage\":\"de\",\"@id\":\"https:\\\/\\\/fabeventslab.com\\\/de\\\/heiraten-auf-mallorca\\\/yacht-schiff-hochzeit\\\/#primaryimage\",\"url\":\"http:\\\/\\\/fabeventslab.com\\\/wp-content\\\/uploads\\\/2016\\\/02\\\/Schiff-Hochzeit-Mallorca.jpg\",\"contentUrl\":\"http:\\\/\\\/fabeventslab.com\\\/wp-content\\\/uploads\\\/2016\\\/02\\\/Schiff-Hochzeit-Mallorca.jpg\"},{\"@type\":\"BreadcrumbList\",\"@id\":\"https:\\\/\\\/fabeventslab.com\\\/de\\\/heiraten-auf-mallorca\\\/yacht-schiff-hochzeit\\\/#breadcrumb\",\"itemListElement\":[{\"@type\":\"ListItem\",\"position\":1,\"name\":\"Home\",\"item\":\"https:\\\/\\\/fabeventslab.com\\\/de\\\/\"},{\"@type\":\"ListItem\",\"position\":2,\"name\":\"Heiraten auf Mallorca &#8211; einzigartig und unvergesslich\",\"item\":\"https:\\\/\\\/fabeventslab.com\\\/de\\\/heiraten-auf-mallorca\\\/\"},{\"@type\":\"ListItem\",\"position\":3,\"name\":\"Hochzeit auf einem Boot auf Mallorca\"}]},{\"@type\":\"WebSite\",\"@id\":\"https:\\\/\\\/fabeventslab.com\\\/#website\",\"url\":\"https:\\\/\\\/fabeventslab.com\\\/\",\"name\":\"FAB events LAB\",\"description\":\"Wedding Planner Mallorca\",\"publisher\":{\"@id\":\"https:\\\/\\\/fabeventslab.com\\\/#organization\"},\"potentialAction\":[{\"@type\":\"SearchAction\",\"target\":{\"@type\":\"EntryPoint\",\"urlTemplate\":\"https:\\\/\\\/fabeventslab.com\\\/?s={search_term_string}\"},\"query-input\":{\"@type\":\"PropertyValueSpecification\",\"valueRequired\":true,\"valueName\":\"search_term_string\"}}],\"inLanguage\":\"de\"},{\"@type\":\"Organization\",\"@id\":\"https:\\\/\\\/fabeventslab.com\\\/#organization\",\"name\":\"FAB events LAB Wedding Planner Mallorca\",\"alternateName\":\"FAB events LAB\",\"url\":\"https:\\\/\\\/fabeventslab.com\\\/\",\"logo\":{\"@type\":\"ImageObject\",\"inLanguage\":\"de\",\"@id\":\"https:\\\/\\\/fabeventslab.com\\\/#\\\/schema\\\/logo\\\/image\\\/\",\"url\":\"https:\\\/\\\/fabeventslab.com\\\/wp-content\\\/uploads\\\/2017\\\/05\\\/FAB-events-LAB-Wedding-Planner-Mallorca-3-Kopie.png\",\"contentUrl\":\"https:\\\/\\\/fabeventslab.com\\\/wp-content\\\/uploads\\\/2017\\\/05\\\/FAB-events-LAB-Wedding-Planner-Mallorca-3-Kopie.png\",\"width\":\"224\",\"height\":\"220\",\"caption\":\"FAB events LAB Wedding Planner Mallorca\"},\"image\":{\"@id\":\"https:\\\/\\\/fabeventslab.com\\\/#\\\/schema\\\/logo\\\/image\\\/\"},\"sameAs\":[\"https:\\\/\\\/www.facebook.com\\\/event.wedding.planners.mallorca\",\"https:\\\/\\\/x.com\\\/FABweddingsLAB\",\"https:\\\/\\\/www.instagram.com\\\/fab_events_lab\\\/\",\"https:\\\/\\\/www.linkedin.com\\\/company\\\/fab-events-lab\",\"https:\\\/\\\/es.pinterest.com\\\/mallorcaevents\\\/\",\"https:\\\/\\\/www.youtube.com\\\/channel\\\/UC-9PwyQerpHS3ULinxpawBA\"]}]}<\/script>\n<!-- \/ Yoast SEO plugin. -->","yoast_head_json":{"title":"Hochzeit auf einem Boot auf Mallorca | FAB events LAB","description":"Kreiert mit uns ein unvergessliches Erlebnis: eine Hochzeit auf einem Boot auf Mallorca! Unsere Hochzeitsplaner beraten euch gerne.","robots":{"index":"index","follow":"follow","max-snippet":"max-snippet:-1","max-image-preview":"max-image-preview:large","max-video-preview":"max-video-preview:-1"},"canonical":"https:\/\/fabeventslab.com\/de\/heiraten-auf-mallorca\/yacht-schiff-hochzeit\/","og_locale":"de_DE","og_type":"article","og_title":"Hochzeit auf einem Boot auf Mallorca | FAB events LAB","og_description":"Kreiert mit uns ein unvergessliches Erlebnis: eine Hochzeit auf einem Boot auf Mallorca! Unsere Hochzeitsplaner beraten euch gerne.","og_url":"https:\/\/fabeventslab.com\/de\/heiraten-auf-mallorca\/yacht-schiff-hochzeit\/","og_site_name":"FAB events LAB","article_publisher":"https:\/\/www.facebook.com\/event.wedding.planners.mallorca","article_modified_time":"2023-01-21T17:58:26+00:00","og_image":[{"url":"http:\/\/fabeventslab.com\/wp-content\/uploads\/2016\/02\/Schiff-Hochzeit-Mallorca.jpg","type":"","width":"","height":""}],"twitter_card":"summary_large_image","twitter_site":"@FABweddingsLAB","twitter_misc":{"Gesch\u00e4tzte Lesezeit":"2\u00a0Minuten"},"schema":{"@context":"https:\/\/schema.org","@graph":[{"@type":"WebPage","@id":"https:\/\/fabeventslab.com\/de\/heiraten-auf-mallorca\/yacht-schiff-hochzeit\/","url":"https:\/\/fabeventslab.com\/de\/heiraten-auf-mallorca\/yacht-schiff-hochzeit\/","name":"Hochzeit auf einem Boot auf Mallorca | FAB events LAB","isPartOf":{"@id":"https:\/\/fabeventslab.com\/#website"},"primaryImageOfPage":{"@id":"https:\/\/fabeventslab.com\/de\/heiraten-auf-mallorca\/yacht-schiff-hochzeit\/#primaryimage"},"image":{"@id":"https:\/\/fabeventslab.com\/de\/heiraten-auf-mallorca\/yacht-schiff-hochzeit\/#primaryimage"},"thumbnailUrl":"http:\/\/fabeventslab.com\/wp-content\/uploads\/2016\/02\/Schiff-Hochzeit-Mallorca.jpg","datePublished":"2016-02-21T15:34:25+00:00","dateModified":"2023-01-21T17:58:26+00:00","description":"Kreiert mit uns ein unvergessliches Erlebnis: eine Hochzeit auf einem Boot auf Mallorca! Unsere Hochzeitsplaner beraten euch gerne.","breadcrumb":{"@id":"https:\/\/fabeventslab.com\/de\/heiraten-auf-mallorca\/yacht-schiff-hochzeit\/#breadcrumb"},"inLanguage":"de","potentialAction":[{"@type":"ReadAction","target":["https:\/\/fabeventslab.com\/de\/heiraten-auf-mallorca\/yacht-schiff-hochzeit\/"]}]},{"@type":"ImageObject","inLanguage":"de","@id":"https:\/\/fabeventslab.com\/de\/heiraten-auf-mallorca\/yacht-schiff-hochzeit\/#primaryimage","url":"http:\/\/fabeventslab.com\/wp-content\/uploads\/2016\/02\/Schiff-Hochzeit-Mallorca.jpg","contentUrl":"http:\/\/fabeventslab.com\/wp-content\/uploads\/2016\/02\/Schiff-Hochzeit-Mallorca.jpg"},{"@type":"BreadcrumbList","@id":"https:\/\/fabeventslab.com\/de\/heiraten-auf-mallorca\/yacht-schiff-hochzeit\/#breadcrumb","itemListElement":[{"@type":"ListItem","position":1,"name":"Home","item":"https:\/\/fabeventslab.com\/de\/"},{"@type":"ListItem","position":2,"name":"Heiraten auf Mallorca &#8211; einzigartig und unvergesslich","item":"https:\/\/fabeventslab.com\/de\/heiraten-auf-mallorca\/"},{"@type":"ListItem","position":3,"name":"Hochzeit auf einem Boot auf Mallorca"}]},{"@type":"WebSite","@id":"https:\/\/fabeventslab.com\/#website","url":"https:\/\/fabeventslab.com\/","name":"FAB events LAB","description":"Wedding Planner Mallorca","publisher":{"@id":"https:\/\/fabeventslab.com\/#organization"},"potentialAction":[{"@type":"SearchAction","target":{"@type":"EntryPoint","urlTemplate":"https:\/\/fabeventslab.com\/?s={search_term_string}"},"query-input":{"@type":"PropertyValueSpecification","valueRequired":true,"valueName":"search_term_string"}}],"inLanguage":"de"},{"@type":"Organization","@id":"https:\/\/fabeventslab.com\/#organization","name":"FAB events LAB Wedding Planner Mallorca","alternateName":"FAB events LAB","url":"https:\/\/fabeventslab.com\/","logo":{"@type":"ImageObject","inLanguage":"de","@id":"https:\/\/fabeventslab.com\/#\/schema\/logo\/image\/","url":"https:\/\/fabeventslab.com\/wp-content\/uploads\/2017\/05\/FAB-events-LAB-Wedding-Planner-Mallorca-3-Kopie.png","contentUrl":"https:\/\/fabeventslab.com\/wp-content\/uploads\/2017\/05\/FAB-events-LAB-Wedding-Planner-Mallorca-3-Kopie.png","width":"224","height":"220","caption":"FAB events LAB Wedding Planner Mallorca"},"image":{"@id":"https:\/\/fabeventslab.com\/#\/schema\/logo\/image\/"},"sameAs":["https:\/\/www.facebook.com\/event.wedding.planners.mallorca","https:\/\/x.com\/FABweddingsLAB","https:\/\/www.instagram.com\/fab_events_lab\/","https:\/\/www.linkedin.com\/company\/fab-events-lab","https:\/\/es.pinterest.com\/mallorcaevents\/","https:\/\/www.youtube.com\/channel\/UC-9PwyQerpHS3ULinxpawBA"]}]}},"_links":{"self":[{"href":"https:\/\/fabeventslab.com\/de\/wp-json\/wp\/v2\/pages\/2063","targetHints":{"allow":["GET"]}}],"collection":[{"href":"https:\/\/fabeventslab.com\/de\/wp-json\/wp\/v2\/pages"}],"about":[{"href":"https:\/\/fabeventslab.com\/de\/wp-json\/wp\/v2\/types\/page"}],"author":[{"embeddable":true,"href":"https:\/\/fabeventslab.com\/de\/wp-json\/wp\/v2\/users\/3"}],"replies":[{"embeddable":true,"href":"https:\/\/fabeventslab.com\/de\/wp-json\/wp\/v2\/comments?post=2063"}],"version-history":[{"count":3,"href":"https:\/\/fabeventslab.com\/de\/wp-json\/wp\/v2\/pages\/2063\/revisions"}],"predecessor-version":[{"id":4754,"href":"https:\/\/fabeventslab.com\/de\/wp-json\/wp\/v2\/pages\/2063\/revisions\/4754"}],"up":[{"embeddable":true,"href":"https:\/\/fabeventslab.com\/de\/wp-json\/wp\/v2\/pages\/352"}],"wp:attachment":[{"href":"https:\/\/fabeventslab.com\/de\/wp-json\/wp\/v2\/media?parent=2063"}],"curies":[{"name":"wp","href":"https:\/\/api.w.org\/{rel}","templated":true}]}}