{"id":2117,"date":"2016-03-18T18:42:09","date_gmt":"2016-03-18T16:42:09","guid":{"rendered":"http:\/\/fabeventslab.com\/de\/?page_id=2117"},"modified":"2023-03-11T13:41:11","modified_gmt":"2023-03-11T11:41:11","slug":"gay-hochzeit-mallorca-spanien","status":"publish","type":"page","link":"https:\/\/fabeventslab.com\/de\/gay-hochzeit-mallorca-spanien\/","title":{"rendered":"Gleichgeschlechtliche Hochzeiten (Mallorca, Spanien)"},"content":{"rendered":"<div class=\"wpb-content-wrapper\"><p>[vc_row full_width=&#8220;stretch_row&#8220; full_height=&#8220;yes&#8220; css=&#8220;.vc_custom_1503428155539{background-image: url(http:\/\/fabeventslab.com\/wp-content\/uploads\/2016\/03\/Gay-Schwule-Hochzeiten-Mallorca-Spanien.jpg?id=3736) !important;background-position: center !important;background-repeat: no-repeat !important;background-size: cover !important;}&#8220;][vc_column][\/vc_column][\/vc_row][vc_row][vc_column][vc_column_text]<\/p>\n<h2>Gleichgeschlechtliche Hochzeiten (Mallorca, Spanien)<\/h2>\n<h3>Romantisch und exklusiv heiraten auf Mallorca<\/h3>\n<p><strong>Herzlichen Gl\u00fcckwunsch zur bevorstehenden Hochzeit!<\/strong> Der Hochzeitstag soll f\u00fcr viele schwule und lesbische Paare der sch\u00f6nste Tag im Leben werden.\u00a0<strong>Warum uns\u00a0als Ihren\u00a0Hochzeitsplaner auf Mallorca beauftragen?\u00a0<\/strong>Ein Hochzeitsplaner sollte neben einer jahrelangen Erfahrung und Professionalit\u00e4t sehr gro\u00dfes Einf\u00fchlungsverm\u00f6gen mitbringen und genau das findet ihr bei uns.\u00a0Wir\u00a0verf\u00fcgen \u00fcber das richtige Fingerspitzengef\u00fchl, das wir bei unserer eigenen Hochzeit und anderer gleichgeschlechtlicher Paare erlangt haben.<\/p>\n<p>&nbsp;<\/p>\n<h4>F\u00fcr uns sind die pers\u00f6nliche Beratung und Planung sowie\u00a0das kreieren individueller Ideen von h\u00f6chster Wichtigkeit.<\/h4>\n<p>Eine Hochzeit, nicht nur auf Mallorca,\u00a0ist ein ganz individueller Tag, der auf jedes Paar, egal ob schwul, lesbisch oder heterosexuell,\u00a0exakt zugeschnitten werden muss. Daher ist es uns sehr wichtig, <strong>keine vorgefertigten Pakete anzubieten<\/strong>,\u00a0sondern f\u00fcr jedes Paar den exakt passenden Lieferanten auf der Insel\u00a0zu finden.<\/p>\n<p>Egal ob\u00a0romantisch, traditionell, ausgefallen, rustikal, luxuri\u00f6s oder diskret, im kleinen Kreis\u00a0oder f\u00fcr 100 Hochzeitsg\u00e4ste: Wir kennen viele traumhafte\u00a0Pl\u00e4tze auf Mallorca und unterst\u00fctzen Sie\u00a0bei der Organisation der Feier.<\/p>\n<p>&nbsp;<\/p>\n<h2>Zu unseren Leistungen im Rahmen der Hochzeitsplanung auf Mallorca geh\u00f6ren zum Beispiel:<\/h2>\n<p><a href=\"http:\/\/fabeventslab.com\/wp-content\/uploads\/2016\/03\/Gay-Hochzeit-Mallorca-1.jpg\"><img decoding=\"async\" class=\"size-full wp-image-3630 alignright\" src=\"http:\/\/fabeventslab.com\/wp-content\/uploads\/2016\/03\/Gay-Hochzeit-Mallorca-1.jpg\" alt=\"Gay Hochzeit Mallorca\" width=\"500\" height=\"333\" srcset=\"https:\/\/fabeventslab.com\/wp-content\/uploads\/2016\/03\/Gay-Hochzeit-Mallorca-1.jpg 500w, https:\/\/fabeventslab.com\/wp-content\/uploads\/2016\/03\/Gay-Hochzeit-Mallorca-1-300x200.jpg 300w\" sizes=\"(max-width: 500px) 100vw, 500px\" \/><\/a>\u21d2 <a href=\"https:\/\/fabeventslab.com\/de\/hochzeitslocations-mallorca\/\">Auswahl und Vermittlung der passenden Hochzeitslocation<\/a><br \/>\n\u21d2 Planung und Organisation der Zeremonie\u00a0(mit Meerblick, in einer Kirche\/Kapelle, auf einer Finca, symbolisch, mit Segnung, &#8230;)<br \/>\n\u21d2 mehrst\u00fcndige Betreuung am Tag der Hochzeit<br \/>\n\u21d2 Organisation des Blumenschmucks und der Dekoration<br \/>\n\u21d2 <a href=\"http:\/\/fabeventslab.com\/de\/heiraten-auf-mallorca\/catering-hochzeit-mallorca\/\">Planung und Organisation des Caterings<\/a> sowie des\u00a0Rahmenprogramms<br \/>\n\u21d2 Vermittlung von Fotografen, Friseuren, Fahrzeugen, Konditoren, S\u00e4ngern, Live Bands und\u00a0allem, was Euer\u00a0Herz begehrt und wir erm\u00f6glichen k\u00f6nnen!<\/p>\n<p>Wenn Sie\u00a0als\u00a0schwules oder lesbisches Paar auf Mallorca heiraten wollen\u00a0und dieser besondere Anlass Ihren\u00a0ganz pers\u00f6nlichen und individuellen Stil widerspiegeln sollte, dann stehen wir Ihnen\u00a0gerne als <a href=\"http:\/\/fabeventslab.com\/de\/hochzeitsplaner-mallorca\/\">Hochzeitsplaner\u00a0und Designer auf Mallorca<\/a> mit viel Kreativit\u00e4t, Einf\u00fchlungsverm\u00f6gen und einem sicheren Gef\u00fchl f\u00fcr Stil und Eleganz zur Seite. Wir\u00a0begleiten Sie\u00a0bei allen wichtigen Schritten\u00a0rund um Ihre Traumhochzeit.<\/p>\n<p>&nbsp;<\/p>\n<h2>Wie geht es weiter?<\/h2>\n<p>Nach einem kostenlosen und f\u00fcr Sie\u00a0unverbindlichen Vorgespr\u00e4ch, in dem wir uns \u00fcber Ihre\u00a0W\u00fcnsche und Vorstellungen unterhalten, bekommen Sie von uns\u00a0eine Planung der voraussichtlichen Kosten.\u00a0Bei Auftragserteilung beginnen wir mit der individuellen Planung Ihres\u00a0Festes auf Mallorca, das wir gemeinsam realisieren.<\/p>\n<p>Bitte beachten Sie, dass wir\u00a0durch unsere<strong>\u00a0individuelle und pers\u00f6nliche Hochzeitsplanung<\/strong>\u00a0nur eine bestimmte Anzahl an Hochzeiten\u00a0pro Jahr durchf\u00fchren k\u00f6nnen. So stellen wir sicher, dass alle unsere Paare\u00a0so viel Liebe und Aufmerksamkeit f\u00fcr ihre Hochzeit bekommen wie sie brauchen.<\/p>\n<p>Wir freuen uns auf Ihre\u00a0<a href=\"http:\/\/fabeventslab.com\/de\/kontakt-weddingplaner-mallorca\/\">Kontaktaufnahme<\/a>![\/vc_column_text][\/vc_column][\/vc_row][vc_row][vc_column][vc_video link=&#8220;https:\/\/www.youtube.com\/watch?v=_oVDWxY1oFQ&amp;t&#8220; el_width=&#8220;70&#8243; align=&#8220;center&#8220; title=&#8220;Schaut euch hier das Video eines unserer Paare an:&#8220;][\/vc_column][\/vc_row]<\/p>\n<\/div>","protected":false},"excerpt":{"rendered":"<p>[vc_row full_width=&#8220;stretch_row&#8220; full_height=&#8220;yes&#8220; css=&#8220;.vc_custom_1503428155539{background-image: url(http:\/\/fabeventslab.com\/wp-content\/uploads\/2016\/03\/Gay-Schwule-Hochzeiten-Mallorca-Spanien.jpg?id=3736) !important;background-position: center !important;background-repeat: no-repeat !important;background-size: cover !important;}&#8220;][vc_column][\/vc_column][\/vc_row][vc_row][vc_column][vc_column_text] Gleichgeschlechtliche Hochzeiten (Mallorca, Spanien) Romantisch und exklusiv heiraten auf Mallorca Herzlichen Gl\u00fcckwunsch zur bevorstehenden Hochzeit! Der Hochzeitstag soll [&hellip;]<\/p>\n","protected":false},"author":3,"featured_media":0,"parent":0,"menu_order":0,"comment_status":"closed","ping_status":"closed","template":"","meta":{"_monsterinsights_skip_tracking":false,"_monsterinsights_sitenote_active":false,"_monsterinsights_sitenote_note":"","_monsterinsights_sitenote_category":0,"footnotes":""},"class_list":["post-2117","page","type-page","status-publish","hentry"],"yoast_head":"<!-- This site is optimized with the Yoast SEO plugin v27.4 - https:\/\/yoast.com\/product\/yoast-seo-wordpress\/ -->\n<title>Zauberhafte gleichgeschlechtliche Hochzeiten auf Mallorca | Spanien | \u2764<\/title>\n<meta name=\"description\" content=\"Wir unterst\u00fctzen und betreuen gleichgeschlechtliche (schwule &amp; lesbische) Hochzeiten auf Mallorca (Spanien). Eure Gay Hochzeit auf Mallorca mit viel Gef\u00fchl und Liebe, eine Traumhochzeit die f\u00fcr immer in eurer Erinnerung bleibt. Schaut euch unsere tollen Hochzeitslocations an.\" \/>\n<meta name=\"robots\" content=\"index, follow, max-snippet:-1, max-image-preview:large, max-video-preview:-1\" \/>\n<link rel=\"canonical\" href=\"https:\/\/fabeventslab.com\/de\/gay-hochzeit-mallorca-spanien\/\" \/>\n<meta property=\"og:locale\" content=\"de_DE\" \/>\n<meta property=\"og:type\" content=\"article\" \/>\n<meta property=\"og:title\" content=\"Zauberhafte gleichgeschlechtliche Hochzeiten auf Mallorca | Spanien | \u2764\" \/>\n<meta property=\"og:description\" content=\"Wir unterst\u00fctzen und betreuen gleichgeschlechtliche (schwule &amp; lesbische) Hochzeiten auf Mallorca (Spanien). Eure Gay Hochzeit auf Mallorca mit viel Gef\u00fchl und Liebe, eine Traumhochzeit die f\u00fcr immer in eurer Erinnerung bleibt. Schaut euch unsere tollen Hochzeitslocations an.\" \/>\n<meta property=\"og:url\" content=\"https:\/\/fabeventslab.com\/de\/gay-hochzeit-mallorca-spanien\/\" \/>\n<meta property=\"og:site_name\" content=\"FAB events LAB\" \/>\n<meta property=\"article:publisher\" content=\"https:\/\/www.facebook.com\/event.wedding.planners.mallorca\" \/>\n<meta property=\"article:modified_time\" content=\"2023-03-11T11:41:11+00:00\" \/>\n<meta property=\"og:image\" content=\"http:\/\/fabeventslab.com\/wp-content\/uploads\/2016\/03\/Gay-Hochzeit-Mallorca-1.jpg\" \/>\n<meta name=\"twitter:card\" content=\"summary_large_image\" \/>\n<meta name=\"twitter:site\" content=\"@FABweddingsLAB\" \/>\n<meta name=\"twitter:label1\" content=\"Gesch\u00e4tzte Lesezeit\" \/>\n\t<meta name=\"twitter:data1\" content=\"3\u00a0Minuten\" \/>\n<script type=\"application\/ld+json\" class=\"yoast-schema-graph\">{\"@context\":\"https:\\\/\\\/schema.org\",\"@graph\":[{\"@type\":\"WebPage\",\"@id\":\"https:\\\/\\\/fabeventslab.com\\\/de\\\/gay-hochzeit-mallorca-spanien\\\/\",\"url\":\"https:\\\/\\\/fabeventslab.com\\\/de\\\/gay-hochzeit-mallorca-spanien\\\/\",\"name\":\"Zauberhafte gleichgeschlechtliche Hochzeiten auf Mallorca | Spanien | \u2764\",\"isPartOf\":{\"@id\":\"https:\\\/\\\/fabeventslab.com\\\/#website\"},\"primaryImageOfPage\":{\"@id\":\"https:\\\/\\\/fabeventslab.com\\\/de\\\/gay-hochzeit-mallorca-spanien\\\/#primaryimage\"},\"image\":{\"@id\":\"https:\\\/\\\/fabeventslab.com\\\/de\\\/gay-hochzeit-mallorca-spanien\\\/#primaryimage\"},\"thumbnailUrl\":\"http:\\\/\\\/fabeventslab.com\\\/wp-content\\\/uploads\\\/2016\\\/03\\\/Gay-Hochzeit-Mallorca-1.jpg\",\"datePublished\":\"2016-03-18T16:42:09+00:00\",\"dateModified\":\"2023-03-11T11:41:11+00:00\",\"description\":\"Wir unterst\u00fctzen und betreuen gleichgeschlechtliche (schwule & lesbische) Hochzeiten auf Mallorca (Spanien). Eure Gay Hochzeit auf Mallorca mit viel Gef\u00fchl und Liebe, eine Traumhochzeit die f\u00fcr immer in eurer Erinnerung bleibt. Schaut euch unsere tollen Hochzeitslocations an.\",\"breadcrumb\":{\"@id\":\"https:\\\/\\\/fabeventslab.com\\\/de\\\/gay-hochzeit-mallorca-spanien\\\/#breadcrumb\"},\"inLanguage\":\"de\",\"potentialAction\":[{\"@type\":\"ReadAction\",\"target\":[\"https:\\\/\\\/fabeventslab.com\\\/de\\\/gay-hochzeit-mallorca-spanien\\\/\"]}]},{\"@type\":\"ImageObject\",\"inLanguage\":\"de\",\"@id\":\"https:\\\/\\\/fabeventslab.com\\\/de\\\/gay-hochzeit-mallorca-spanien\\\/#primaryimage\",\"url\":\"http:\\\/\\\/fabeventslab.com\\\/wp-content\\\/uploads\\\/2016\\\/03\\\/Gay-Hochzeit-Mallorca-1.jpg\",\"contentUrl\":\"http:\\\/\\\/fabeventslab.com\\\/wp-content\\\/uploads\\\/2016\\\/03\\\/Gay-Hochzeit-Mallorca-1.jpg\"},{\"@type\":\"BreadcrumbList\",\"@id\":\"https:\\\/\\\/fabeventslab.com\\\/de\\\/gay-hochzeit-mallorca-spanien\\\/#breadcrumb\",\"itemListElement\":[{\"@type\":\"ListItem\",\"position\":1,\"name\":\"Home\",\"item\":\"https:\\\/\\\/fabeventslab.com\\\/de\\\/\"},{\"@type\":\"ListItem\",\"position\":2,\"name\":\"Gleichgeschlechtliche Hochzeiten (Mallorca, Spanien)\"}]},{\"@type\":\"WebSite\",\"@id\":\"https:\\\/\\\/fabeventslab.com\\\/#website\",\"url\":\"https:\\\/\\\/fabeventslab.com\\\/\",\"name\":\"FAB events LAB\",\"description\":\"Wedding Planner Mallorca\",\"publisher\":{\"@id\":\"https:\\\/\\\/fabeventslab.com\\\/#organization\"},\"potentialAction\":[{\"@type\":\"SearchAction\",\"target\":{\"@type\":\"EntryPoint\",\"urlTemplate\":\"https:\\\/\\\/fabeventslab.com\\\/?s={search_term_string}\"},\"query-input\":{\"@type\":\"PropertyValueSpecification\",\"valueRequired\":true,\"valueName\":\"search_term_string\"}}],\"inLanguage\":\"de\"},{\"@type\":\"Organization\",\"@id\":\"https:\\\/\\\/fabeventslab.com\\\/#organization\",\"name\":\"FAB events LAB Wedding Planner Mallorca\",\"alternateName\":\"FAB events LAB\",\"url\":\"https:\\\/\\\/fabeventslab.com\\\/\",\"logo\":{\"@type\":\"ImageObject\",\"inLanguage\":\"de\",\"@id\":\"https:\\\/\\\/fabeventslab.com\\\/#\\\/schema\\\/logo\\\/image\\\/\",\"url\":\"https:\\\/\\\/fabeventslab.com\\\/wp-content\\\/uploads\\\/2017\\\/05\\\/FAB-events-LAB-Wedding-Planner-Mallorca-3-Kopie.png\",\"contentUrl\":\"https:\\\/\\\/fabeventslab.com\\\/wp-content\\\/uploads\\\/2017\\\/05\\\/FAB-events-LAB-Wedding-Planner-Mallorca-3-Kopie.png\",\"width\":\"224\",\"height\":\"220\",\"caption\":\"FAB events LAB Wedding Planner Mallorca\"},\"image\":{\"@id\":\"https:\\\/\\\/fabeventslab.com\\\/#\\\/schema\\\/logo\\\/image\\\/\"},\"sameAs\":[\"https:\\\/\\\/www.facebook.com\\\/event.wedding.planners.mallorca\",\"https:\\\/\\\/x.com\\\/FABweddingsLAB\",\"https:\\\/\\\/www.instagram.com\\\/fab_events_lab\\\/\",\"https:\\\/\\\/www.linkedin.com\\\/company\\\/fab-events-lab\",\"https:\\\/\\\/es.pinterest.com\\\/mallorcaevents\\\/\",\"https:\\\/\\\/www.youtube.com\\\/channel\\\/UC-9PwyQerpHS3ULinxpawBA\"]}]}<\/script>\n<!-- \/ Yoast SEO plugin. -->","yoast_head_json":{"title":"Zauberhafte gleichgeschlechtliche Hochzeiten auf Mallorca | Spanien | \u2764","description":"Wir unterst\u00fctzen und betreuen gleichgeschlechtliche (schwule & lesbische) Hochzeiten auf Mallorca (Spanien). Eure Gay Hochzeit auf Mallorca mit viel Gef\u00fchl und Liebe, eine Traumhochzeit die f\u00fcr immer in eurer Erinnerung bleibt. Schaut euch unsere tollen Hochzeitslocations an.","robots":{"index":"index","follow":"follow","max-snippet":"max-snippet:-1","max-image-preview":"max-image-preview:large","max-video-preview":"max-video-preview:-1"},"canonical":"https:\/\/fabeventslab.com\/de\/gay-hochzeit-mallorca-spanien\/","og_locale":"de_DE","og_type":"article","og_title":"Zauberhafte gleichgeschlechtliche Hochzeiten auf Mallorca | Spanien | \u2764","og_description":"Wir unterst\u00fctzen und betreuen gleichgeschlechtliche (schwule & lesbische) Hochzeiten auf Mallorca (Spanien). Eure Gay Hochzeit auf Mallorca mit viel Gef\u00fchl und Liebe, eine Traumhochzeit die f\u00fcr immer in eurer Erinnerung bleibt. Schaut euch unsere tollen Hochzeitslocations an.","og_url":"https:\/\/fabeventslab.com\/de\/gay-hochzeit-mallorca-spanien\/","og_site_name":"FAB events LAB","article_publisher":"https:\/\/www.facebook.com\/event.wedding.planners.mallorca","article_modified_time":"2023-03-11T11:41:11+00:00","og_image":[{"url":"http:\/\/fabeventslab.com\/wp-content\/uploads\/2016\/03\/Gay-Hochzeit-Mallorca-1.jpg","type":"","width":"","height":""}],"twitter_card":"summary_large_image","twitter_site":"@FABweddingsLAB","twitter_misc":{"Gesch\u00e4tzte Lesezeit":"3\u00a0Minuten"},"schema":{"@context":"https:\/\/schema.org","@graph":[{"@type":"WebPage","@id":"https:\/\/fabeventslab.com\/de\/gay-hochzeit-mallorca-spanien\/","url":"https:\/\/fabeventslab.com\/de\/gay-hochzeit-mallorca-spanien\/","name":"Zauberhafte gleichgeschlechtliche Hochzeiten auf Mallorca | Spanien | \u2764","isPartOf":{"@id":"https:\/\/fabeventslab.com\/#website"},"primaryImageOfPage":{"@id":"https:\/\/fabeventslab.com\/de\/gay-hochzeit-mallorca-spanien\/#primaryimage"},"image":{"@id":"https:\/\/fabeventslab.com\/de\/gay-hochzeit-mallorca-spanien\/#primaryimage"},"thumbnailUrl":"http:\/\/fabeventslab.com\/wp-content\/uploads\/2016\/03\/Gay-Hochzeit-Mallorca-1.jpg","datePublished":"2016-03-18T16:42:09+00:00","dateModified":"2023-03-11T11:41:11+00:00","description":"Wir unterst\u00fctzen und betreuen gleichgeschlechtliche (schwule & lesbische) Hochzeiten auf Mallorca (Spanien). Eure Gay Hochzeit auf Mallorca mit viel Gef\u00fchl und Liebe, eine Traumhochzeit die f\u00fcr immer in eurer Erinnerung bleibt. Schaut euch unsere tollen Hochzeitslocations an.","breadcrumb":{"@id":"https:\/\/fabeventslab.com\/de\/gay-hochzeit-mallorca-spanien\/#breadcrumb"},"inLanguage":"de","potentialAction":[{"@type":"ReadAction","target":["https:\/\/fabeventslab.com\/de\/gay-hochzeit-mallorca-spanien\/"]}]},{"@type":"ImageObject","inLanguage":"de","@id":"https:\/\/fabeventslab.com\/de\/gay-hochzeit-mallorca-spanien\/#primaryimage","url":"http:\/\/fabeventslab.com\/wp-content\/uploads\/2016\/03\/Gay-Hochzeit-Mallorca-1.jpg","contentUrl":"http:\/\/fabeventslab.com\/wp-content\/uploads\/2016\/03\/Gay-Hochzeit-Mallorca-1.jpg"},{"@type":"BreadcrumbList","@id":"https:\/\/fabeventslab.com\/de\/gay-hochzeit-mallorca-spanien\/#breadcrumb","itemListElement":[{"@type":"ListItem","position":1,"name":"Home","item":"https:\/\/fabeventslab.com\/de\/"},{"@type":"ListItem","position":2,"name":"Gleichgeschlechtliche Hochzeiten (Mallorca, Spanien)"}]},{"@type":"WebSite","@id":"https:\/\/fabeventslab.com\/#website","url":"https:\/\/fabeventslab.com\/","name":"FAB events LAB","description":"Wedding Planner Mallorca","publisher":{"@id":"https:\/\/fabeventslab.com\/#organization"},"potentialAction":[{"@type":"SearchAction","target":{"@type":"EntryPoint","urlTemplate":"https:\/\/fabeventslab.com\/?s={search_term_string}"},"query-input":{"@type":"PropertyValueSpecification","valueRequired":true,"valueName":"search_term_string"}}],"inLanguage":"de"},{"@type":"Organization","@id":"https:\/\/fabeventslab.com\/#organization","name":"FAB events LAB Wedding Planner Mallorca","alternateName":"FAB events LAB","url":"https:\/\/fabeventslab.com\/","logo":{"@type":"ImageObject","inLanguage":"de","@id":"https:\/\/fabeventslab.com\/#\/schema\/logo\/image\/","url":"https:\/\/fabeventslab.com\/wp-content\/uploads\/2017\/05\/FAB-events-LAB-Wedding-Planner-Mallorca-3-Kopie.png","contentUrl":"https:\/\/fabeventslab.com\/wp-content\/uploads\/2017\/05\/FAB-events-LAB-Wedding-Planner-Mallorca-3-Kopie.png","width":"224","height":"220","caption":"FAB events LAB Wedding Planner Mallorca"},"image":{"@id":"https:\/\/fabeventslab.com\/#\/schema\/logo\/image\/"},"sameAs":["https:\/\/www.facebook.com\/event.wedding.planners.mallorca","https:\/\/x.com\/FABweddingsLAB","https:\/\/www.instagram.com\/fab_events_lab\/","https:\/\/www.linkedin.com\/company\/fab-events-lab","https:\/\/es.pinterest.com\/mallorcaevents\/","https:\/\/www.youtube.com\/channel\/UC-9PwyQerpHS3ULinxpawBA"]}]}},"_links":{"self":[{"href":"https:\/\/fabeventslab.com\/de\/wp-json\/wp\/v2\/pages\/2117","targetHints":{"allow":["GET"]}}],"collection":[{"href":"https:\/\/fabeventslab.com\/de\/wp-json\/wp\/v2\/pages"}],"about":[{"href":"https:\/\/fabeventslab.com\/de\/wp-json\/wp\/v2\/types\/page"}],"author":[{"embeddable":true,"href":"https:\/\/fabeventslab.com\/de\/wp-json\/wp\/v2\/users\/3"}],"replies":[{"embeddable":true,"href":"https:\/\/fabeventslab.com\/de\/wp-json\/wp\/v2\/comments?post=2117"}],"version-history":[{"count":2,"href":"https:\/\/fabeventslab.com\/de\/wp-json\/wp\/v2\/pages\/2117\/revisions"}],"predecessor-version":[{"id":6004,"href":"https:\/\/fabeventslab.com\/de\/wp-json\/wp\/v2\/pages\/2117\/revisions\/6004"}],"wp:attachment":[{"href":"https:\/\/fabeventslab.com\/de\/wp-json\/wp\/v2\/media?parent=2117"}],"curies":[{"name":"wp","href":"https:\/\/api.w.org\/{rel}","templated":true}]}}