{"id":303,"date":"2014-10-09T00:37:20","date_gmt":"2014-10-08T22:37:20","guid":{"rendered":"http:\/\/fabeventslab.com\/?page_id=303"},"modified":"2023-03-11T13:51:18","modified_gmt":"2023-03-11T11:51:18","slug":"hochzeitsplaner-mallorca","status":"publish","type":"page","link":"https:\/\/fabeventslab.com\/de\/hochzeitsplaner-mallorca\/","title":{"rendered":"\u00dcber unsere Hochzeitsplaner auf Mallorca"},"content":{"rendered":"<div class=\"wpb-content-wrapper\"><p>[vc_row full_width=&#8220;stretch_row&#8220; full_height=&#8220;yes&#8220; css=&#8220;.vc_custom_1569145680700{margin-top: 0px !important;margin-bottom: 0px !important;background-image: url(https:\/\/fabeventslab.com\/wp-content\/uploads\/2019\/09\/Wedding-Planning-Mallorca.jpg?id=4494) !important;background-position: center !important;background-repeat: no-repeat !important;background-size: cover !important;}&#8220;][vc_column width=&#8220;1\/2&#8243; css=&#8220;.vc_custom_1495127990654{padding-top: 8% !important;padding-right: 10% !important;padding-bottom: 8% !important;padding-left: 10% !important;}&#8220;]<h2 class=\"ozy-divider-cap-left wpb_content_element \"  style=\"color:#000000\" >Willkommen bei FAB events LAB, Hochzeitsplaner auf Mallorca<\/h2><div class=\"ozy-content-divider \" style=\"border-top-style:solid;border-top-width:1px;border-top-color:#000000!important;width:40px;max-width:40px;left:0;\"><\/div>[vc_custom_heading text=&#8220;Startet euer Abenteuer Hochzeit hier und mit uns an der Seite!&#8220; font_container=&#8220;tag:h4|text_align:left|color:%23000000&#8243; use_theme_fonts=&#8220;yes&#8220; css=&#8220;.vc_custom_1569145806552{margin-top: 30px !important;}&#8220;][\/vc_column][vc_column width=&#8220;1\/2&#8243;][\/vc_column][\/vc_row][vc_row][vc_column][vc_column_text]<\/p>\n<p>Wir bei\u00a0FAB events\u00a0LAB (Event- und Hochzeitsplaner auf Mallorca) entwickeln, planen und organisieren einzigartige festliche Ereignisse und Events. Wir haben uns insbesondere auf die <strong>Hochzeitsplanung auf dieser sch\u00f6nen Insel spezialisiert<\/strong>, die ganz <em>nach eurem Stil<\/em> (rustikal, modern, mediterran, luxuri\u00f6s&#8230;) gestaltet werden kann.<\/p>\n<p>&nbsp;<\/p>\n<h2>Unser Ansatz als Hochzeitsplaner auf Mallorca: ma\u00dfgeschneidert \u2212 und absolut diskret<\/h2>\n<p>Die Grundlage unserer T\u00e4tigkeit besteht darin, die Interessen unserer zuk\u00fcnftigen Brautpaare und Kunden durch eine <strong>pers\u00f6nliche und professionelle Betreuung<\/strong> zu realisieren. Bei uns findet ihr alles, was man sich f\u00fcr eine Traumhochzeit w\u00fcnscht: Detaillierte Organisation, pers\u00f6nliche Beratung, qualit\u00e4tsvolle Dienste und eine Menge Kreativit\u00e4t. Wir \u00fcberwachen das vorgegebene Budget, sowie alle Termine und Fristen &#8230; und so bleibt euch die <em>Zeit f\u00fcr andere wichtigen Dinge<\/em>.<\/p>\n<p>&nbsp;<\/p>\n<h2>Individuelle L\u00f6sungen sind die St\u00e4rken unserer Hochzeitsplaner auf Mallorca<\/h2>\n<p>Aufbauend auf <strong>diversifizierte Erfahrungen<\/strong> in der <a href=\"https:\/\/fabeventslab.com\/de\/eventagentur-auf-mallorca\/\">Eventplanung<\/a> finden wir ganz sicher auch f\u00fcr euch die passende L\u00f6sung: denn jedes festliche Ereignis und <em>jede Hochzeit ist einzigartig<\/em>! Aus einer unendlichen Menge an tollen M\u00f6glichkeiten kreieren wir die f\u00fcr euch eine ma\u00dfgeschneiderte Hochzeit, egal ob traditionell, kirchlich, symbolisch, unkonventionell, homosexuell &#8230; Von der lockeren mediterranen <a href=\"http:\/\/fabeventslab.com\/de\/category\/hochzeit-finca-mallorca\/\">Fincahochzeit<\/a>\u00a0\u00fcber eine\u00a0Motto- oder <a href=\"https:\/\/fabeventslab.com\/de\/heiraten-auf-mallorca\/yacht-schiff-hochzeit\/\">Schiffshochzeit<\/a> bis zur Luxushochzeit: Grenzen gibt es f\u00fcr unsere Hochzeitsplaner auf Mallorca kaum.<\/p>\n<p>&nbsp;<\/p>\n<h2>Ein Experten-Netzwerk auf Mallorca<\/h2>\n<p>Wenn man eine Hochzeit plant, wird man von den unz\u00e4hligen Anbietern\u00a0fast erschlagen: <a href=\"https:\/\/fabeventslab.com\/de\/hochzeitslocations-mallorca\/\">Hochzeitslocations<\/a>,\u00a0<a href=\"http:\/\/fabeventslab.com\/de\/heiraten-auf-mallorca\/catering-hochzeit-mallorca\/\">Caterer<\/a>, Konditoren, Musiker, Stylisten, Fotografen, Videografen, Floristen, Kinderbetreuung, DJs, Dekoration &#8230; Die Liste hat kein Ende. Wir bringen Licht ins Dunkel und empfehlen euch unsere verl\u00e4sslichen und gepr\u00fcften Dienstleister. Unsere Hochzeitsplaner auf Mallorca arbeiten mit einem <em>Netzwerk von mehr als 100 Experten<\/em> im Bereich Eventmanagement, aber auch au\u00dferhalb der Insel. Dadurch ist eine <strong>optimale Projektabwicklung gew\u00e4hrleistet<\/strong>.<\/p>\n<p>&nbsp;<\/p>\n<h2><a href=\"http:\/\/fabeventslab.com\/wp-content\/uploads\/2014\/10\/Hochzeitsplaner-Mallorca.png\"><img decoding=\"async\" class=\"alignright wp-image-3624 size-medium\" src=\"https:\/\/fabeventslab.com\/wp-content\/uploads\/2014\/10\/Hochzeitsplaner-Mallorca-300x225.png\" alt=\"Hochzeitsplaner auf Mallorca\" width=\"300\" height=\"225\" srcset=\"https:\/\/fabeventslab.com\/wp-content\/uploads\/2014\/10\/Hochzeitsplaner-Mallorca-300x225.png 300w, https:\/\/fabeventslab.com\/wp-content\/uploads\/2014\/10\/Hochzeitsplaner-Mallorca.png 640w\" sizes=\"(max-width: 300px) 100vw, 300px\" \/><\/a>Wie geht es weiter?<\/h2>\n<p>Nach einem kostenlosen und f\u00fcr Sie unverbindlichen Vorgespr\u00e4ch, in dem wir uns \u00fcber eure W\u00fcnsche und Vorstellungen unterhalten, bekommt ihr von uns eine Planung der <em>voraussichtlichen Kosten bzw ein Angebot<\/em>. Bei Auftragserteilung beginnen wir mit der individuellen Planung eures Festes auf Mallorca, das wir gemeinsam realisieren.<\/p>\n<p>Bitte beachtet, dass wir durch unsere<strong> individuelle Hochzeitsplanung<\/strong> nur eine bestimmte Anzahl an Hochzeiten pro Jahr durchf\u00fchren. So stellen wir sicher, dass alle unsere Paare so viel Liebe und Aufmerksamkeit f\u00fcr ihre Hochzeit bekommen wie sie brauchen.<\/p>\n<p>&nbsp;<\/p>\n<h2>Wir freuen uns auf eure Anfrage!<\/h2>\n<p>Noch nicht \u00fcberzeugt? Lest mehr \u00fcber <a href=\"https:\/\/www.facebook.com\/pg\/event.wedding.planners.mallorca\/reviews\/\" target=\"_blank\" rel=\"noopener noreferrer\">Erfahrungen anderer Paare hier<\/a> &#8230;[\/vc_column_text][\/vc_column][\/vc_row]<\/p>\n<\/div>","protected":false},"excerpt":{"rendered":"<p>[vc_row full_width=&#8220;stretch_row&#8220; full_height=&#8220;yes&#8220; css=&#8220;.vc_custom_1569145680700{margin-top: 0px !important;margin-bottom: 0px !important;background-image: url(https:\/\/fabeventslab.com\/wp-content\/uploads\/2019\/09\/Wedding-Planning-Mallorca.jpg?id=4494) !important;background-position: center !important;background-repeat: no-repeat !important;background-size: cover !important;}&#8220;][vc_column width=&#8220;1\/2&#8243; css=&#8220;.vc_custom_1495127990654{padding-top: 8% !important;padding-right: 10% !important;padding-bottom: 8% !important;padding-left: 10% !important;}&#8220;][vc_custom_heading text=&#8220;Startet euer Abenteuer Hochzeit [&hellip;]<\/p>\n","protected":false},"author":3,"featured_media":0,"parent":0,"menu_order":0,"comment_status":"closed","ping_status":"closed","template":"","meta":{"_monsterinsights_skip_tracking":false,"_monsterinsights_sitenote_active":false,"_monsterinsights_sitenote_note":"","_monsterinsights_sitenote_category":0,"footnotes":""},"class_list":["post-303","page","type-page","status-publish","hentry"],"yoast_head":"<!-- This site is optimized with the Yoast SEO plugin v27.6 - https:\/\/yoast.com\/product\/yoast-seo-wordpress\/ -->\n<title>\u00dcber unsere Hochzeitsplaner auf Mallorca | FAB events LAB<\/title>\n<meta name=\"description\" content=\"Erfahren Sie mehr \u00fcber unsere erfahrenen Hochzeitsplaner auf Mallorca, wie sie arbeiten und wie sie euch unterst\u00fctzen k\u00f6nnen.\" \/>\n<meta name=\"robots\" content=\"index, follow, max-snippet:-1, max-image-preview:large, max-video-preview:-1\" \/>\n<link rel=\"canonical\" href=\"https:\/\/fabeventslab.com\/de\/hochzeitsplaner-mallorca\/\" \/>\n<meta property=\"og:locale\" content=\"de_DE\" \/>\n<meta property=\"og:type\" content=\"article\" \/>\n<meta property=\"og:title\" content=\"\u00dcber unsere Hochzeitsplaner auf Mallorca | FAB events LAB\" \/>\n<meta property=\"og:description\" content=\"Erfahren Sie mehr \u00fcber unsere erfahrenen Hochzeitsplaner auf Mallorca, wie sie arbeiten und wie sie euch unterst\u00fctzen k\u00f6nnen.\" \/>\n<meta property=\"og:url\" content=\"https:\/\/fabeventslab.com\/de\/hochzeitsplaner-mallorca\/\" \/>\n<meta property=\"og:site_name\" content=\"FAB events LAB\" \/>\n<meta property=\"article:publisher\" content=\"https:\/\/www.facebook.com\/event.wedding.planners.mallorca\" \/>\n<meta property=\"article:modified_time\" content=\"2023-03-11T11:51:18+00:00\" \/>\n<meta property=\"og:image\" content=\"https:\/\/fabeventslab.com\/wp-content\/uploads\/2014\/10\/Hochzeitsplaner-Mallorca-300x225.png\" \/>\n<meta name=\"twitter:card\" content=\"summary_large_image\" \/>\n<meta name=\"twitter:site\" content=\"@FABweddingsLAB\" \/>\n<meta name=\"twitter:label1\" content=\"Gesch\u00e4tzte Lesezeit\" \/>\n\t<meta name=\"twitter:data1\" content=\"3\u00a0Minuten\" \/>\n<script type=\"application\/ld+json\" class=\"yoast-schema-graph\">{\"@context\":\"https:\\\/\\\/schema.org\",\"@graph\":[{\"@type\":\"WebPage\",\"@id\":\"https:\\\/\\\/fabeventslab.com\\\/de\\\/hochzeitsplaner-mallorca\\\/\",\"url\":\"https:\\\/\\\/fabeventslab.com\\\/de\\\/hochzeitsplaner-mallorca\\\/\",\"name\":\"\u00dcber unsere Hochzeitsplaner auf Mallorca | FAB events LAB\",\"isPartOf\":{\"@id\":\"https:\\\/\\\/fabeventslab.com\\\/#website\"},\"primaryImageOfPage\":{\"@id\":\"https:\\\/\\\/fabeventslab.com\\\/de\\\/hochzeitsplaner-mallorca\\\/#primaryimage\"},\"image\":{\"@id\":\"https:\\\/\\\/fabeventslab.com\\\/de\\\/hochzeitsplaner-mallorca\\\/#primaryimage\"},\"thumbnailUrl\":\"https:\\\/\\\/fabeventslab.com\\\/wp-content\\\/uploads\\\/2014\\\/10\\\/Hochzeitsplaner-Mallorca-300x225.png\",\"datePublished\":\"2014-10-08T22:37:20+00:00\",\"dateModified\":\"2023-03-11T11:51:18+00:00\",\"description\":\"Erfahren Sie mehr \u00fcber unsere erfahrenen Hochzeitsplaner auf Mallorca, wie sie arbeiten und wie sie euch unterst\u00fctzen k\u00f6nnen.\",\"breadcrumb\":{\"@id\":\"https:\\\/\\\/fabeventslab.com\\\/de\\\/hochzeitsplaner-mallorca\\\/#breadcrumb\"},\"inLanguage\":\"de\",\"potentialAction\":[{\"@type\":\"ReadAction\",\"target\":[\"https:\\\/\\\/fabeventslab.com\\\/de\\\/hochzeitsplaner-mallorca\\\/\"]}]},{\"@type\":\"ImageObject\",\"inLanguage\":\"de\",\"@id\":\"https:\\\/\\\/fabeventslab.com\\\/de\\\/hochzeitsplaner-mallorca\\\/#primaryimage\",\"url\":\"https:\\\/\\\/fabeventslab.com\\\/wp-content\\\/uploads\\\/2014\\\/10\\\/Hochzeitsplaner-Mallorca-300x225.png\",\"contentUrl\":\"https:\\\/\\\/fabeventslab.com\\\/wp-content\\\/uploads\\\/2014\\\/10\\\/Hochzeitsplaner-Mallorca-300x225.png\"},{\"@type\":\"BreadcrumbList\",\"@id\":\"https:\\\/\\\/fabeventslab.com\\\/de\\\/hochzeitsplaner-mallorca\\\/#breadcrumb\",\"itemListElement\":[{\"@type\":\"ListItem\",\"position\":1,\"name\":\"Home\",\"item\":\"https:\\\/\\\/fabeventslab.com\\\/de\\\/\"},{\"@type\":\"ListItem\",\"position\":2,\"name\":\"\u00dcber unsere Hochzeitsplaner auf Mallorca\"}]},{\"@type\":\"WebSite\",\"@id\":\"https:\\\/\\\/fabeventslab.com\\\/#website\",\"url\":\"https:\\\/\\\/fabeventslab.com\\\/\",\"name\":\"FAB events LAB\",\"description\":\"Wedding Planner Mallorca\",\"publisher\":{\"@id\":\"https:\\\/\\\/fabeventslab.com\\\/#organization\"},\"potentialAction\":[{\"@type\":\"SearchAction\",\"target\":{\"@type\":\"EntryPoint\",\"urlTemplate\":\"https:\\\/\\\/fabeventslab.com\\\/?s={search_term_string}\"},\"query-input\":{\"@type\":\"PropertyValueSpecification\",\"valueRequired\":true,\"valueName\":\"search_term_string\"}}],\"inLanguage\":\"de\"},{\"@type\":\"Organization\",\"@id\":\"https:\\\/\\\/fabeventslab.com\\\/#organization\",\"name\":\"FAB events LAB Wedding Planner Mallorca\",\"alternateName\":\"FAB events LAB\",\"url\":\"https:\\\/\\\/fabeventslab.com\\\/\",\"logo\":{\"@type\":\"ImageObject\",\"inLanguage\":\"de\",\"@id\":\"https:\\\/\\\/fabeventslab.com\\\/#\\\/schema\\\/logo\\\/image\\\/\",\"url\":\"https:\\\/\\\/fabeventslab.com\\\/wp-content\\\/uploads\\\/2017\\\/05\\\/FAB-events-LAB-Wedding-Planner-Mallorca-3-Kopie.png\",\"contentUrl\":\"https:\\\/\\\/fabeventslab.com\\\/wp-content\\\/uploads\\\/2017\\\/05\\\/FAB-events-LAB-Wedding-Planner-Mallorca-3-Kopie.png\",\"width\":\"224\",\"height\":\"220\",\"caption\":\"FAB events LAB Wedding Planner Mallorca\"},\"image\":{\"@id\":\"https:\\\/\\\/fabeventslab.com\\\/#\\\/schema\\\/logo\\\/image\\\/\"},\"sameAs\":[\"https:\\\/\\\/www.facebook.com\\\/event.wedding.planners.mallorca\",\"https:\\\/\\\/x.com\\\/FABweddingsLAB\",\"https:\\\/\\\/www.instagram.com\\\/fab_events_lab\\\/\",\"https:\\\/\\\/www.linkedin.com\\\/company\\\/fab-events-lab\",\"https:\\\/\\\/es.pinterest.com\\\/mallorcaevents\\\/\",\"https:\\\/\\\/www.youtube.com\\\/channel\\\/UC-9PwyQerpHS3ULinxpawBA\"]}]}<\/script>\n<!-- \/ Yoast SEO plugin. -->","yoast_head_json":{"title":"\u00dcber unsere Hochzeitsplaner auf Mallorca | FAB events LAB","description":"Erfahren Sie mehr \u00fcber unsere erfahrenen Hochzeitsplaner auf Mallorca, wie sie arbeiten und wie sie euch unterst\u00fctzen k\u00f6nnen.","robots":{"index":"index","follow":"follow","max-snippet":"max-snippet:-1","max-image-preview":"max-image-preview:large","max-video-preview":"max-video-preview:-1"},"canonical":"https:\/\/fabeventslab.com\/de\/hochzeitsplaner-mallorca\/","og_locale":"de_DE","og_type":"article","og_title":"\u00dcber unsere Hochzeitsplaner auf Mallorca | FAB events LAB","og_description":"Erfahren Sie mehr \u00fcber unsere erfahrenen Hochzeitsplaner auf Mallorca, wie sie arbeiten und wie sie euch unterst\u00fctzen k\u00f6nnen.","og_url":"https:\/\/fabeventslab.com\/de\/hochzeitsplaner-mallorca\/","og_site_name":"FAB events LAB","article_publisher":"https:\/\/www.facebook.com\/event.wedding.planners.mallorca","article_modified_time":"2023-03-11T11:51:18+00:00","og_image":[{"url":"https:\/\/fabeventslab.com\/wp-content\/uploads\/2014\/10\/Hochzeitsplaner-Mallorca-300x225.png","type":"","width":"","height":""}],"twitter_card":"summary_large_image","twitter_site":"@FABweddingsLAB","twitter_misc":{"Gesch\u00e4tzte Lesezeit":"3\u00a0Minuten"},"schema":{"@context":"https:\/\/schema.org","@graph":[{"@type":"WebPage","@id":"https:\/\/fabeventslab.com\/de\/hochzeitsplaner-mallorca\/","url":"https:\/\/fabeventslab.com\/de\/hochzeitsplaner-mallorca\/","name":"\u00dcber unsere Hochzeitsplaner auf Mallorca | FAB events LAB","isPartOf":{"@id":"https:\/\/fabeventslab.com\/#website"},"primaryImageOfPage":{"@id":"https:\/\/fabeventslab.com\/de\/hochzeitsplaner-mallorca\/#primaryimage"},"image":{"@id":"https:\/\/fabeventslab.com\/de\/hochzeitsplaner-mallorca\/#primaryimage"},"thumbnailUrl":"https:\/\/fabeventslab.com\/wp-content\/uploads\/2014\/10\/Hochzeitsplaner-Mallorca-300x225.png","datePublished":"2014-10-08T22:37:20+00:00","dateModified":"2023-03-11T11:51:18+00:00","description":"Erfahren Sie mehr \u00fcber unsere erfahrenen Hochzeitsplaner auf Mallorca, wie sie arbeiten und wie sie euch unterst\u00fctzen k\u00f6nnen.","breadcrumb":{"@id":"https:\/\/fabeventslab.com\/de\/hochzeitsplaner-mallorca\/#breadcrumb"},"inLanguage":"de","potentialAction":[{"@type":"ReadAction","target":["https:\/\/fabeventslab.com\/de\/hochzeitsplaner-mallorca\/"]}]},{"@type":"ImageObject","inLanguage":"de","@id":"https:\/\/fabeventslab.com\/de\/hochzeitsplaner-mallorca\/#primaryimage","url":"https:\/\/fabeventslab.com\/wp-content\/uploads\/2014\/10\/Hochzeitsplaner-Mallorca-300x225.png","contentUrl":"https:\/\/fabeventslab.com\/wp-content\/uploads\/2014\/10\/Hochzeitsplaner-Mallorca-300x225.png"},{"@type":"BreadcrumbList","@id":"https:\/\/fabeventslab.com\/de\/hochzeitsplaner-mallorca\/#breadcrumb","itemListElement":[{"@type":"ListItem","position":1,"name":"Home","item":"https:\/\/fabeventslab.com\/de\/"},{"@type":"ListItem","position":2,"name":"\u00dcber unsere Hochzeitsplaner auf Mallorca"}]},{"@type":"WebSite","@id":"https:\/\/fabeventslab.com\/#website","url":"https:\/\/fabeventslab.com\/","name":"FAB events LAB","description":"Wedding Planner Mallorca","publisher":{"@id":"https:\/\/fabeventslab.com\/#organization"},"potentialAction":[{"@type":"SearchAction","target":{"@type":"EntryPoint","urlTemplate":"https:\/\/fabeventslab.com\/?s={search_term_string}"},"query-input":{"@type":"PropertyValueSpecification","valueRequired":true,"valueName":"search_term_string"}}],"inLanguage":"de"},{"@type":"Organization","@id":"https:\/\/fabeventslab.com\/#organization","name":"FAB events LAB Wedding Planner Mallorca","alternateName":"FAB events LAB","url":"https:\/\/fabeventslab.com\/","logo":{"@type":"ImageObject","inLanguage":"de","@id":"https:\/\/fabeventslab.com\/#\/schema\/logo\/image\/","url":"https:\/\/fabeventslab.com\/wp-content\/uploads\/2017\/05\/FAB-events-LAB-Wedding-Planner-Mallorca-3-Kopie.png","contentUrl":"https:\/\/fabeventslab.com\/wp-content\/uploads\/2017\/05\/FAB-events-LAB-Wedding-Planner-Mallorca-3-Kopie.png","width":"224","height":"220","caption":"FAB events LAB Wedding Planner Mallorca"},"image":{"@id":"https:\/\/fabeventslab.com\/#\/schema\/logo\/image\/"},"sameAs":["https:\/\/www.facebook.com\/event.wedding.planners.mallorca","https:\/\/x.com\/FABweddingsLAB","https:\/\/www.instagram.com\/fab_events_lab\/","https:\/\/www.linkedin.com\/company\/fab-events-lab","https:\/\/es.pinterest.com\/mallorcaevents\/","https:\/\/www.youtube.com\/channel\/UC-9PwyQerpHS3ULinxpawBA"]}]}},"_links":{"self":[{"href":"https:\/\/fabeventslab.com\/de\/wp-json\/wp\/v2\/pages\/303","targetHints":{"allow":["GET"]}}],"collection":[{"href":"https:\/\/fabeventslab.com\/de\/wp-json\/wp\/v2\/pages"}],"about":[{"href":"https:\/\/fabeventslab.com\/de\/wp-json\/wp\/v2\/types\/page"}],"author":[{"embeddable":true,"href":"https:\/\/fabeventslab.com\/de\/wp-json\/wp\/v2\/users\/3"}],"replies":[{"embeddable":true,"href":"https:\/\/fabeventslab.com\/de\/wp-json\/wp\/v2\/comments?post=303"}],"version-history":[{"count":9,"href":"https:\/\/fabeventslab.com\/de\/wp-json\/wp\/v2\/pages\/303\/revisions"}],"predecessor-version":[{"id":6010,"href":"https:\/\/fabeventslab.com\/de\/wp-json\/wp\/v2\/pages\/303\/revisions\/6010"}],"wp:attachment":[{"href":"https:\/\/fabeventslab.com\/de\/wp-json\/wp\/v2\/media?parent=303"}],"curies":[{"name":"wp","href":"https:\/\/api.w.org\/{rel}","templated":true}]}}