{"id":332,"date":"2014-10-09T09:00:15","date_gmt":"2014-10-09T07:00:15","guid":{"rendered":"http:\/\/fabeventslab.com\/?page_id=332"},"modified":"2019-09-22T11:20:45","modified_gmt":"2019-09-22T09:20:45","slug":"kontakt-weddingplaner-mallorca","status":"publish","type":"page","link":"https:\/\/fabeventslab.com\/de\/kontakt-weddingplaner-mallorca\/","title":{"rendered":"Kontakt"},"content":{"rendered":"<div class=\"wpb-content-wrapper\"><p>[vc_row full_width=&#8220;stretch_row&#8220; full_height=&#8220;yes&#8220; css=&#8220;.vc_custom_1569144040700{background-image: url(https:\/\/fabeventslab.com\/wp-content\/uploads\/2019\/09\/Contact-Wedding-Planner-Mallorca.jpg?id=4480) !important;background-position: center !important;background-repeat: no-repeat !important;background-size: cover !important;}&#8220;][vc_column][\/vc_column][\/vc_row][vc_row][vc_column][vc_column_text]Falls ihr eine unvergessliche und einzigartige Hochzeit auf Mallorca planen wollt, dann seid ihr bei uns in jedem Fall richtig!<\/p>\n<p>Uns stehen die besten Lieferanten (Caterer, Locations, Musiker, Fotografen, Floristen, etc.) in einem sorgf\u00e4ltig ausgew\u00e4hlten Netzwerk zur Verf\u00fcgung.<\/p>\n<p>Nutzt einfach unser Kontaktformular oder schickt uns eine E-Mail. Wir melden uns dann gerne schnellstm\u00f6glich bei euch!<\/p>\n<p>Tel.: +34\u00a0971 14 26 35<\/p>\n<p>E-Mail: <a href=\"mailto:hello@fabeventslab.com\">hello@fabeventslab.com<\/a><\/p>\n<p>Mallorca,\u00a0Spanien<\/p>\n<p>&nbsp;<\/p>\n<h3 style=\"text-align: center;\"><strong>Kontaktformular:<\/strong><\/h3>\n<p style=\"text-align: center;\">\n<div class=\"wpcf7 no-js\" id=\"wpcf7-f336-o1\" lang=\"de-DE\" dir=\"ltr\" data-wpcf7-id=\"336\">\n<div class=\"screen-reader-response\"><p role=\"status\" aria-live=\"polite\" aria-atomic=\"true\"><\/p> <ul><\/ul><\/div>\n<form action=\"\/de\/wp-json\/wp\/v2\/pages\/332#wpcf7-f336-o1\" method=\"post\" class=\"wpcf7-form init\" aria-label=\"Kontaktformular\" novalidate=\"novalidate\" data-status=\"init\">\n<fieldset class=\"hidden-fields-container\"><input type=\"hidden\" name=\"_wpcf7\" value=\"336\" \/><input type=\"hidden\" name=\"_wpcf7_version\" value=\"6.1.5\" \/><input type=\"hidden\" name=\"_wpcf7_locale\" value=\"de_DE\" \/><input type=\"hidden\" name=\"_wpcf7_unit_tag\" value=\"wpcf7-f336-o1\" \/><input type=\"hidden\" name=\"_wpcf7_container_post\" value=\"0\" \/><input type=\"hidden\" name=\"_wpcf7_posted_data_hash\" value=\"\" \/><input type=\"hidden\" name=\"_wpcf7_recaptcha_response\" value=\"\" \/>\n<\/fieldset>\n<p class=\"ozy-half-input\">Betreff (Pflichtfeld)\n<\/p>\n<p><span class=\"wpcf7-form-control-wrap\" data-name=\"your-subject\"><input size=\"40\" maxlength=\"400\" class=\"wpcf7-form-control wpcf7-text wpcf7-validates-as-required\" aria-required=\"true\" aria-invalid=\"false\" value=\"\" type=\"text\" name=\"your-subject\" \/><\/span>\n<\/p>\n<p class=\"ozy-half-input-last\">Ihr Name (Pflichtfeld)\n<\/p>\n<p><span class=\"wpcf7-form-control-wrap\" data-name=\"your-name\"><input size=\"40\" maxlength=\"400\" class=\"wpcf7-form-control wpcf7-text wpcf7-validates-as-required\" aria-required=\"true\" aria-invalid=\"false\" value=\"\" type=\"text\" name=\"your-name\" \/><\/span>\n<\/p>\n<p class=\"ozy-half-input\">Ihre Email (Pflichtfeld)\n<\/p>\n<p><span class=\"wpcf7-form-control-wrap\" data-name=\"your-email\"><input size=\"40\" maxlength=\"400\" class=\"wpcf7-form-control wpcf7-email wpcf7-validates-as-required wpcf7-text wpcf7-validates-as-email\" aria-required=\"true\" aria-invalid=\"false\" value=\"\" type=\"email\" name=\"your-email\" \/><\/span>\n<\/p>\n<p class=\"ozy-half-input-last\">Ihre Telefonnummer\n<\/p>\n<p><span class=\"wpcf7-form-control-wrap\" data-name=\"YourPhone\"><input size=\"40\" maxlength=\"400\" class=\"wpcf7-form-control wpcf7-text\" aria-invalid=\"false\" value=\"\" type=\"text\" name=\"YourPhone\" \/><\/span>\n<\/p>\n<p class=\"ozy-half-input\">Wunschdatum\n<\/p>\n<p><span class=\"wpcf7-form-control-wrap\" data-name=\"WeddingorEventDate\"><input size=\"40\" maxlength=\"400\" class=\"wpcf7-form-control wpcf7-text\" aria-invalid=\"false\" value=\"\" type=\"text\" name=\"WeddingorEventDate\" \/><\/span>\n<\/p>\n<p class=\"ozy-half-input-last\">Ungef\u00e4hre G\u00e4steanzahl\n<\/p>\n<p><span class=\"wpcf7-form-control-wrap\" data-name=\"ApproximateNumberofGuests\"><input size=\"40\" maxlength=\"400\" class=\"wpcf7-form-control wpcf7-text\" aria-invalid=\"false\" value=\"\" type=\"text\" name=\"ApproximateNumberofGuests\" \/><\/span>\n<\/p>\n<p class=\"ozy-half-input\">Zeremonie (kirchliche oder freie Trauung, andere)\n<\/p>\n<p><span class=\"wpcf7-form-control-wrap\" data-name=\"TypeofCeremonychurchseasidecountrysideother\"><input size=\"40\" maxlength=\"400\" class=\"wpcf7-form-control wpcf7-text\" aria-invalid=\"false\" value=\"\" type=\"text\" name=\"TypeofCeremonychurchseasidecountrysideother\" \/><\/span>\n<\/p>\n<p class=\"ozy-half-input-last\">Wie haben Sie uns gefunden?\n<\/p>\n<p><span class=\"wpcf7-form-control-wrap\" data-name=\"you-found\"><input size=\"40\" maxlength=\"400\" class=\"wpcf7-form-control wpcf7-text\" aria-invalid=\"false\" value=\"\" type=\"text\" name=\"you-found\" \/><\/span>\n<\/p>\n<p class=\"ozy-half-input\"><span class=\"wpcf7-form-control-wrap\" data-name=\"menu-297\"><select class=\"wpcf7-form-control wpcf7-select wpcf7-validates-as-required\" aria-required=\"true\" aria-invalid=\"false\" name=\"menu-297\"><option value=\"Stil des Events\">Stil des Events<\/option><option value=\"Luxuri\u00f6s, Elegant\">Luxuri\u00f6s, Elegant<\/option><option value=\"Modern, Stylish\">Modern, Stylish<\/option><option value=\"Nat\u00fcrlich, Garten\">Nat\u00fcrlich, Garten<\/option><option value=\"Rustikal, Boho, Vintage\">Rustikal, Boho, Vintage<\/option><option value=\"Einfach, Minimalistisch\">Einfach, Minimalistisch<\/option><option value=\"Traditionell, Kulturell\">Traditionell, Kulturell<\/option><option value=\"Alles was Ihr denkt, das passen w\u00fcrde\">Alles was Ihr denkt, das passen w\u00fcrde<\/option><option value=\"Ich wei\u00df es noch nicht\">Ich wei\u00df es noch nicht<\/option><option value=\"Noch nicht entschieden\">Noch nicht entschieden<\/option><\/select><\/span>\n<\/p>\n<p class=\"ozy-half-input-last\"><span class=\"wpcf7-form-control-wrap\" data-name=\"menu-610\"><select class=\"wpcf7-form-control wpcf7-select\" aria-invalid=\"false\" name=\"menu-610\"><option value=\"Bevorzugte Location\">Bevorzugte Location<\/option><option value=\"mallorquinische, rustikale Finca\">mallorquinische, rustikale Finca<\/option><option value=\"Garten\">Garten<\/option><option value=\"Meerblick\">Meerblick<\/option><option value=\"private, moderne Villa\">private, moderne Villa<\/option><option value=\"Alles was Ihr denkt, das passen w\u00fcrde\">Alles was Ihr denkt, das passen w\u00fcrde<\/option><option value=\"Ich wei\u00df es noch nicht\">Ich wei\u00df es noch nicht<\/option><option value=\"Noch nicht entschieden\">Noch nicht entschieden<\/option><\/select><\/span>\n<\/p>\n<p class=\"ozy-full-input\">Ihre Nachricht (bitte beschreiben Sie Ihr Vorhaben und Ihre W\u00fcnsche so gut wie m\u00f6glich)\n<\/p>\n<p><span class=\"wpcf7-form-control-wrap\" data-name=\"your-message\"><textarea cols=\"40\" rows=\"10\" maxlength=\"2000\" class=\"wpcf7-form-control wpcf7-textarea\" aria-invalid=\"false\" name=\"your-message\"><\/textarea><\/span>\n<\/p>\n<p class=\"ozy-full-input-center\"><input class=\"wpcf7-form-control wpcf7-submit has-spinner\" type=\"submit\" value=\"NACHRICHT SENDEN\" \/>\n<\/p><div class=\"wpcf7-response-output\" aria-hidden=\"true\"><\/div>\n<\/form>\n<\/div>\n<p style=\"text-align: center;\">Ihre\u00a0Kontaktdaten werden nat\u00fcrlich vertraulich behandelt und niemals an Dritte weitergegeben!<\/p>\n<p>[\/vc_column_text][\/vc_column][\/vc_row]<\/p>\n<\/div>","protected":false},"excerpt":{"rendered":"<p>[vc_row full_width=&#8220;stretch_row&#8220; full_height=&#8220;yes&#8220; css=&#8220;.vc_custom_1569144040700{background-image: url(https:\/\/fabeventslab.com\/wp-content\/uploads\/2019\/09\/Contact-Wedding-Planner-Mallorca.jpg?id=4480) !important;background-position: center !important;background-repeat: no-repeat !important;background-size: cover !important;}&#8220;][vc_column][\/vc_column][\/vc_row][vc_row][vc_column][vc_column_text]Falls ihr eine unvergessliche und einzigartige Hochzeit auf Mallorca planen wollt, dann seid ihr bei uns in jedem Fall [&hellip;]<\/p>\n","protected":false},"author":3,"featured_media":0,"parent":0,"menu_order":0,"comment_status":"closed","ping_status":"closed","template":"","meta":{"_monsterinsights_skip_tracking":false,"_monsterinsights_sitenote_active":false,"_monsterinsights_sitenote_note":"","_monsterinsights_sitenote_category":0,"footnotes":""},"class_list":["post-332","page","type-page","status-publish","hentry"],"yoast_head":"<!-- This site is optimized with the Yoast SEO plugin v27.4 - https:\/\/yoast.com\/product\/yoast-seo-wordpress\/ -->\n<title>Kontakt Eventplaner &amp; Weddingplaner Mallorca |<\/title>\n<meta name=\"description\" content=\"Erfahrene Event- &amp; Weddingplaner Mallorca: Wir stehen Ihnen gerne zur Verf\u00fcgung. Kontaktieren Sie uns \u00fcber unser Formular oder per E-Mail. Bis bald!\" \/>\n<meta name=\"robots\" content=\"index, follow, max-snippet:-1, max-image-preview:large, max-video-preview:-1\" \/>\n<link rel=\"canonical\" href=\"https:\/\/fabeventslab.com\/de\/kontakt-weddingplaner-mallorca\/\" \/>\n<meta property=\"og:locale\" content=\"de_DE\" \/>\n<meta property=\"og:type\" content=\"article\" \/>\n<meta property=\"og:title\" content=\"Kontakt Eventplaner &amp; Weddingplaner Mallorca |\" \/>\n<meta property=\"og:description\" content=\"Erfahrene Event- &amp; Weddingplaner Mallorca: Wir stehen Ihnen gerne zur Verf\u00fcgung. Kontaktieren Sie uns \u00fcber unser Formular oder per E-Mail. Bis bald!\" \/>\n<meta property=\"og:url\" content=\"https:\/\/fabeventslab.com\/de\/kontakt-weddingplaner-mallorca\/\" \/>\n<meta property=\"og:site_name\" content=\"FAB events LAB\" \/>\n<meta property=\"article:publisher\" content=\"https:\/\/www.facebook.com\/event.wedding.planners.mallorca\" \/>\n<meta property=\"article:modified_time\" content=\"2019-09-22T09:20:45+00:00\" \/>\n<meta property=\"og:image\" content=\"https:\/\/fabeventslab.com\/wp-content\/uploads\/2023\/02\/wedding-planner-mallorca-fabeventslab.jpg\" \/>\n\t<meta property=\"og:image:width\" content=\"2000\" \/>\n\t<meta property=\"og:image:height\" content=\"1330\" \/>\n\t<meta property=\"og:image:type\" content=\"image\/jpeg\" \/>\n<meta name=\"twitter:card\" content=\"summary_large_image\" \/>\n<meta name=\"twitter:site\" content=\"@FABweddingsLAB\" \/>\n<meta name=\"twitter:label1\" content=\"Gesch\u00e4tzte Lesezeit\" \/>\n\t<meta name=\"twitter:data1\" content=\"1\u00a0Minute\" \/>\n<script type=\"application\/ld+json\" class=\"yoast-schema-graph\">{\"@context\":\"https:\\\/\\\/schema.org\",\"@graph\":[{\"@type\":\"WebPage\",\"@id\":\"https:\\\/\\\/fabeventslab.com\\\/de\\\/kontakt-weddingplaner-mallorca\\\/\",\"url\":\"https:\\\/\\\/fabeventslab.com\\\/de\\\/kontakt-weddingplaner-mallorca\\\/\",\"name\":\"Kontakt Eventplaner & Weddingplaner Mallorca |\",\"isPartOf\":{\"@id\":\"https:\\\/\\\/fabeventslab.com\\\/#website\"},\"datePublished\":\"2014-10-09T07:00:15+00:00\",\"dateModified\":\"2019-09-22T09:20:45+00:00\",\"description\":\"Erfahrene Event- & Weddingplaner Mallorca: Wir stehen Ihnen gerne zur Verf\u00fcgung. Kontaktieren Sie uns \u00fcber unser Formular oder per E-Mail. Bis bald!\",\"breadcrumb\":{\"@id\":\"https:\\\/\\\/fabeventslab.com\\\/de\\\/kontakt-weddingplaner-mallorca\\\/#breadcrumb\"},\"inLanguage\":\"de\",\"potentialAction\":[{\"@type\":\"ReadAction\",\"target\":[\"https:\\\/\\\/fabeventslab.com\\\/de\\\/kontakt-weddingplaner-mallorca\\\/\"]}]},{\"@type\":\"BreadcrumbList\",\"@id\":\"https:\\\/\\\/fabeventslab.com\\\/de\\\/kontakt-weddingplaner-mallorca\\\/#breadcrumb\",\"itemListElement\":[{\"@type\":\"ListItem\",\"position\":1,\"name\":\"Home\",\"item\":\"https:\\\/\\\/fabeventslab.com\\\/de\\\/\"},{\"@type\":\"ListItem\",\"position\":2,\"name\":\"Kontakt\"}]},{\"@type\":\"WebSite\",\"@id\":\"https:\\\/\\\/fabeventslab.com\\\/#website\",\"url\":\"https:\\\/\\\/fabeventslab.com\\\/\",\"name\":\"FAB events LAB\",\"description\":\"Wedding Planner Mallorca\",\"publisher\":{\"@id\":\"https:\\\/\\\/fabeventslab.com\\\/#organization\"},\"potentialAction\":[{\"@type\":\"SearchAction\",\"target\":{\"@type\":\"EntryPoint\",\"urlTemplate\":\"https:\\\/\\\/fabeventslab.com\\\/?s={search_term_string}\"},\"query-input\":{\"@type\":\"PropertyValueSpecification\",\"valueRequired\":true,\"valueName\":\"search_term_string\"}}],\"inLanguage\":\"de\"},{\"@type\":\"Organization\",\"@id\":\"https:\\\/\\\/fabeventslab.com\\\/#organization\",\"name\":\"FAB events LAB Wedding Planner Mallorca\",\"alternateName\":\"FAB events LAB\",\"url\":\"https:\\\/\\\/fabeventslab.com\\\/\",\"logo\":{\"@type\":\"ImageObject\",\"inLanguage\":\"de\",\"@id\":\"https:\\\/\\\/fabeventslab.com\\\/#\\\/schema\\\/logo\\\/image\\\/\",\"url\":\"https:\\\/\\\/fabeventslab.com\\\/wp-content\\\/uploads\\\/2017\\\/05\\\/FAB-events-LAB-Wedding-Planner-Mallorca-3-Kopie.png\",\"contentUrl\":\"https:\\\/\\\/fabeventslab.com\\\/wp-content\\\/uploads\\\/2017\\\/05\\\/FAB-events-LAB-Wedding-Planner-Mallorca-3-Kopie.png\",\"width\":\"224\",\"height\":\"220\",\"caption\":\"FAB events LAB Wedding Planner Mallorca\"},\"image\":{\"@id\":\"https:\\\/\\\/fabeventslab.com\\\/#\\\/schema\\\/logo\\\/image\\\/\"},\"sameAs\":[\"https:\\\/\\\/www.facebook.com\\\/event.wedding.planners.mallorca\",\"https:\\\/\\\/x.com\\\/FABweddingsLAB\",\"https:\\\/\\\/www.instagram.com\\\/fab_events_lab\\\/\",\"https:\\\/\\\/www.linkedin.com\\\/company\\\/fab-events-lab\",\"https:\\\/\\\/es.pinterest.com\\\/mallorcaevents\\\/\",\"https:\\\/\\\/www.youtube.com\\\/channel\\\/UC-9PwyQerpHS3ULinxpawBA\"]}]}<\/script>\n<!-- \/ Yoast SEO plugin. -->","yoast_head_json":{"title":"Kontakt Eventplaner & Weddingplaner Mallorca |","description":"Erfahrene Event- & Weddingplaner Mallorca: Wir stehen Ihnen gerne zur Verf\u00fcgung. Kontaktieren Sie uns \u00fcber unser Formular oder per E-Mail. Bis bald!","robots":{"index":"index","follow":"follow","max-snippet":"max-snippet:-1","max-image-preview":"max-image-preview:large","max-video-preview":"max-video-preview:-1"},"canonical":"https:\/\/fabeventslab.com\/de\/kontakt-weddingplaner-mallorca\/","og_locale":"de_DE","og_type":"article","og_title":"Kontakt Eventplaner & Weddingplaner Mallorca |","og_description":"Erfahrene Event- & Weddingplaner Mallorca: Wir stehen Ihnen gerne zur Verf\u00fcgung. Kontaktieren Sie uns \u00fcber unser Formular oder per E-Mail. Bis bald!","og_url":"https:\/\/fabeventslab.com\/de\/kontakt-weddingplaner-mallorca\/","og_site_name":"FAB events LAB","article_publisher":"https:\/\/www.facebook.com\/event.wedding.planners.mallorca","article_modified_time":"2019-09-22T09:20:45+00:00","og_image":[{"width":2000,"height":1330,"url":"https:\/\/fabeventslab.com\/wp-content\/uploads\/2023\/02\/wedding-planner-mallorca-fabeventslab.jpg","type":"image\/jpeg"}],"twitter_card":"summary_large_image","twitter_site":"@FABweddingsLAB","twitter_misc":{"Gesch\u00e4tzte Lesezeit":"1\u00a0Minute"},"schema":{"@context":"https:\/\/schema.org","@graph":[{"@type":"WebPage","@id":"https:\/\/fabeventslab.com\/de\/kontakt-weddingplaner-mallorca\/","url":"https:\/\/fabeventslab.com\/de\/kontakt-weddingplaner-mallorca\/","name":"Kontakt Eventplaner & Weddingplaner Mallorca |","isPartOf":{"@id":"https:\/\/fabeventslab.com\/#website"},"datePublished":"2014-10-09T07:00:15+00:00","dateModified":"2019-09-22T09:20:45+00:00","description":"Erfahrene Event- & Weddingplaner Mallorca: Wir stehen Ihnen gerne zur Verf\u00fcgung. Kontaktieren Sie uns \u00fcber unser Formular oder per E-Mail. Bis bald!","breadcrumb":{"@id":"https:\/\/fabeventslab.com\/de\/kontakt-weddingplaner-mallorca\/#breadcrumb"},"inLanguage":"de","potentialAction":[{"@type":"ReadAction","target":["https:\/\/fabeventslab.com\/de\/kontakt-weddingplaner-mallorca\/"]}]},{"@type":"BreadcrumbList","@id":"https:\/\/fabeventslab.com\/de\/kontakt-weddingplaner-mallorca\/#breadcrumb","itemListElement":[{"@type":"ListItem","position":1,"name":"Home","item":"https:\/\/fabeventslab.com\/de\/"},{"@type":"ListItem","position":2,"name":"Kontakt"}]},{"@type":"WebSite","@id":"https:\/\/fabeventslab.com\/#website","url":"https:\/\/fabeventslab.com\/","name":"FAB events LAB","description":"Wedding Planner Mallorca","publisher":{"@id":"https:\/\/fabeventslab.com\/#organization"},"potentialAction":[{"@type":"SearchAction","target":{"@type":"EntryPoint","urlTemplate":"https:\/\/fabeventslab.com\/?s={search_term_string}"},"query-input":{"@type":"PropertyValueSpecification","valueRequired":true,"valueName":"search_term_string"}}],"inLanguage":"de"},{"@type":"Organization","@id":"https:\/\/fabeventslab.com\/#organization","name":"FAB events LAB Wedding Planner Mallorca","alternateName":"FAB events LAB","url":"https:\/\/fabeventslab.com\/","logo":{"@type":"ImageObject","inLanguage":"de","@id":"https:\/\/fabeventslab.com\/#\/schema\/logo\/image\/","url":"https:\/\/fabeventslab.com\/wp-content\/uploads\/2017\/05\/FAB-events-LAB-Wedding-Planner-Mallorca-3-Kopie.png","contentUrl":"https:\/\/fabeventslab.com\/wp-content\/uploads\/2017\/05\/FAB-events-LAB-Wedding-Planner-Mallorca-3-Kopie.png","width":"224","height":"220","caption":"FAB events LAB Wedding Planner Mallorca"},"image":{"@id":"https:\/\/fabeventslab.com\/#\/schema\/logo\/image\/"},"sameAs":["https:\/\/www.facebook.com\/event.wedding.planners.mallorca","https:\/\/x.com\/FABweddingsLAB","https:\/\/www.instagram.com\/fab_events_lab\/","https:\/\/www.linkedin.com\/company\/fab-events-lab","https:\/\/es.pinterest.com\/mallorcaevents\/","https:\/\/www.youtube.com\/channel\/UC-9PwyQerpHS3ULinxpawBA"]}]}},"_links":{"self":[{"href":"https:\/\/fabeventslab.com\/de\/wp-json\/wp\/v2\/pages\/332","targetHints":{"allow":["GET"]}}],"collection":[{"href":"https:\/\/fabeventslab.com\/de\/wp-json\/wp\/v2\/pages"}],"about":[{"href":"https:\/\/fabeventslab.com\/de\/wp-json\/wp\/v2\/types\/page"}],"author":[{"embeddable":true,"href":"https:\/\/fabeventslab.com\/de\/wp-json\/wp\/v2\/users\/3"}],"replies":[{"embeddable":true,"href":"https:\/\/fabeventslab.com\/de\/wp-json\/wp\/v2\/comments?post=332"}],"version-history":[{"count":6,"href":"https:\/\/fabeventslab.com\/de\/wp-json\/wp\/v2\/pages\/332\/revisions"}],"predecessor-version":[{"id":4483,"href":"https:\/\/fabeventslab.com\/de\/wp-json\/wp\/v2\/pages\/332\/revisions\/4483"}],"wp:attachment":[{"href":"https:\/\/fabeventslab.com\/de\/wp-json\/wp\/v2\/media?parent=332"}],"curies":[{"name":"wp","href":"https:\/\/api.w.org\/{rel}","templated":true}]}}