{"id":3384,"date":"2017-01-26T13:42:31","date_gmt":"2017-01-26T11:42:31","guid":{"rendered":"http:\/\/fabeventslab.com\/event-wedding-planner-mallorca\/"},"modified":"2023-03-11T13:45:45","modified_gmt":"2023-03-11T11:45:45","slug":"event-und-hochzeitsplaner-auf-mallorca","status":"publish","type":"page","link":"https:\/\/fabeventslab.com\/de\/","title":{"rendered":"Hochzeitsplaner auf Mallorca (Spanien)"},"content":{"rendered":"<div class=\"wpb-content-wrapper\"><p>[vc_row css=&#8220;.vc_custom_1485514497581{margin-top: 40px !important;margin-bottom: 0px !important;padding-bottom: 0px !important;}&#8220;][vc_column][\/vc_column][\/vc_row][vc_row full_width=&#8220;stretch_row_content&#8220; equal_height=&#8220;yes&#8220; css=&#8220;.vc_custom_1485808661512{padding-right: 5% !important;padding-left: 5% !important;}&#8220;][vc_column width=&#8220;1\/3&#8243;][vc_custom_heading text=&#8220;<strong>W\u00fcnscht ihr euch Unterst\u00fctzung bei der Planung eurer Hochzeit auf Mallorca? <\/strong>Das bekommt ihr von uns, euren Hochzeitsplanern.&#8220; font_container=&#8220;tag:h5|text_align:center|color:%23000000&#8243; use_theme_fonts=&#8220;yes&#8220; css=&#8220;.vc_custom_1673774281085{margin-top: 20px !important;margin-bottom: 20px !important;padding-right: 10% !important;padding-left: 10% !important;}&#8220;]<div class=\"ozy-call-to-action-box \" style=\"background-image:url(https:\/\/fabeventslab.com\/wp-content\/uploads\/2019\/05\/Freie-Trauung-Mallorca.jpeg);height:360px\"><div class=\"shadow-wrapper\"><\/div><div class=\"overlay-wrapper\"><h2>Hochzeitsplanung nach Ma\u00df<\/h2><span class=\"shared-border-color\"><\/span><a href=\"https:\/\/fabeventslab.com\/de\/heiraten-auf-mallorca\/\" target=\"_self\" class=\"heading-font\">MEHR ERFAHREN \u2192<\/a><\/div><\/div>[\/vc_column][vc_column width=&#8220;1\/3&#8243;][vc_custom_heading text=&#8220;<strong>Erz\u00e4hlt uns von euren Tr\u00e4umen &#8230;<\/strong> Soll es eine mallorquinische Finca, ein Weingut oder etwas einzigartiges sein?&#8220; font_container=&#8220;tag:h5|text_align:center|color:%23000000&#8243; use_theme_fonts=&#8220;yes&#8220; css=&#8220;.vc_custom_1673774311894{margin-top: 20px !important;margin-bottom: 20px !important;padding-right: 10% !important;padding-left: 10% !important;}&#8220;]<div class=\"ozy-call-to-action-box \" style=\"background-image:url(https:\/\/fabeventslab.com\/wp-content\/uploads\/2017\/01\/Dream-Wedding-Locations-Mallorca.jpg);height:360px\"><div class=\"shadow-wrapper\"><\/div><div class=\"overlay-wrapper\"><h2>Traumhafte Locations<\/h2><span class=\"shared-border-color\"><\/span><a href=\"https:\/\/fabeventslab.com\/de\/hochzeitslocations-mallorca\/\" target=\"_self\" class=\"heading-font\">MEHR ERFAHREN \u2192<\/a><\/div><\/div>[\/vc_column][vc_column width=&#8220;1\/3&#8243;][vc_custom_heading text=&#8220;<strong>W\u00fcnscht ihr euch eine kirchliche oder freie Trauung?<\/strong> Wir beraten und begleiten euch auf dem Weg zum sch\u00f6nsten Tag im Leben.&#8220; font_container=&#8220;tag:h5|text_align:center|color:%23000000&#8243; use_theme_fonts=&#8220;yes&#8220; css=&#8220;.vc_custom_1673774333365{margin-top: 20px !important;margin-bottom: 20px !important;padding-right: 10% !important;padding-left: 10% !important;}&#8220;]<div class=\"ozy-call-to-action-box \" style=\"background-image:url(https:\/\/fabeventslab.com\/wp-content\/uploads\/2017\/01\/Church-Wedding-Mallorca.jpg);height:360px\"><div class=\"shadow-wrapper\"><\/div><div class=\"overlay-wrapper\"><h2>Unvergessliche Trauungen<\/h2><span class=\"shared-border-color\"><\/span><a href=\"https:\/\/fabeventslab.com\/de\/kontakt-weddingplaner-mallorca\/\" target=\"_self\" class=\"heading-font\">KONTAKTIERE UNS \u2192<\/a><\/div><\/div>[\/vc_column][\/vc_row][vc_row css=&#8220;.vc_custom_1485519385103{margin-top: 40px !important;margin-bottom: 100px !important;padding-bottom: 0px !important;}&#8220;][vc_column][vc_single_image image=&#8220;809&#8243; img_size=&#8220;full&#8220; alignment=&#8220;center&#8220; css=&#8220;.vc_custom_1485514632308{margin-bottom: 0px !important;padding-bottom: 0px !important;}&#8220;][vc_custom_heading text=&#8220;WAS WIR MACHEN&#8220; font_container=&#8220;tag:h5|text_align:center|color:%23c09e6f&#8220; use_theme_fonts=&#8220;yes&#8220; css=&#8220;.vc_custom_1494751278240{margin-bottom: 0px !important;padding-bottom: 0px !important;}&#8220;][vc_custom_heading text=&#8220;MASSGESCHNEIDERTE HOCHZEITEN AUF MALLORCA&#8220; font_container=&#8220;tag:h1|text_align:center|color:%23000000&#8243; use_theme_fonts=&#8220;yes&#8220;][vc_column_text]<\/p>\n<p style=\"text-align: center;\">Jedes Paar w\u00fcnscht sich eine einzigartige Hochzeit auf Mallorca, die perfekt, stressfrei und unvergesslich sein soll. Um <strong>all die Planung und Organisation<\/strong> rund um euren sch\u00f6nsten Tag im Leben <strong>k\u00fcmmern wir uns<\/strong> &#8211; eure <a href=\"https:\/\/fabeventslab.com\/de\/hochzeitsplaner-mallorca\/\">Hochzeitsplaner auf Mallorca<\/a>!<\/p>\n<p style=\"text-align: center;\">Seht mehr auf Sozialen Medien: <a href=\"https:\/\/www.facebook.com\/pg\/event.wedding.planners.mallorca\/reviews\/\" target=\"_blank\" rel=\"noopener noreferrer\">Facebook<\/a> &#8211; <a href=\"https:\/\/www.instagram.com\/fab_events_lab\/\" target=\"_blank\" rel=\"noopener noreferrer\">Instagram<\/a> &#8211; <a href=\"https:\/\/www.youtube.com\/channel\/UC-9PwyQerpHS3ULinxpawBA\" target=\"_blank\" rel=\"noopener noreferrer\">Youtube<\/a><\/p>\n<p>[\/vc_column_text]<span  id=\"wofcb-54046\" class=\"ozy-custom_button_w\"><a id=\"ofcb-54046\" class=\"ozy-custom_button ocbtn-6\"  href=\"http:\/\/fabeventslab.com\/de\/hochzeitsplaner-mallorca\/\"  target=\"\" >ERFAHRE MEHR<span><\/span><\/a><\/span>[\/vc_column][\/vc_row][vc_row full_width=&#8220;stretch_row&#8220; css=&#8220;.vc_custom_1495301139432{margin-top: 40px !important;margin-bottom: 0px !important;padding-bottom: 0px !important;background-image: url(http:\/\/fabeventslab.com\/wp-content\/uploads\/2017\/01\/floral_pattern.png?id=826) !important;background-position: center !important;background-repeat: no-repeat !important;background-size: cover !important;}&#8220;][vc_column][vc_single_image image=&#8220;809&#8243; img_size=&#8220;full&#8220; alignment=&#8220;center&#8220; css=&#8220;.vc_custom_1485514632308{margin-bottom: 0px !important;padding-bottom: 0px !important;}&#8220;][vc_custom_heading text=&#8220;Erfahrungsberichte von unseren Paaren \u00fcber uns als Hochzeitsplaner auf Mallorca (Spanien):&#8220; font_container=&#8220;tag:h3|text_align:center|color:%23000000&#8243; use_theme_fonts=&#8220;yes&#8220;]<div class=\"carousel single wpb_content_element flickity-carousel  item-count-1\" data-flickity='{ \"pageDots\": true, \"prevNextButtons\": true, \"groupCells\": false, \"contain\" : true, \"cellAlign\": \"left\", \"adaptiveHeight\": false, \"imagesLoaded\": true, \"setGallerySize\": true, \"autoPlay\": true }'>\n<div class=\"ozy-caroseul_item testimonial carousel-cell \">\n<div class=\"testimonial\">\n<p class=\"testimonial-quote heading-font\">Unsere k\u00fcrzliche Hochzeit war der fantastischste Moment in unserem Leben!... aber wir h\u00e4tten es nicht geschafft ohne den unglaublichen Service, die Details und die Inspiration von Fab. Von Anfang bis Ende war alles so einfach und es wurde an jedes kleine Detail gedacht. Fab ging auf unsere W\u00fcnsche und Anforderungen ein, und schuf die zauberhafteste Kulisse f\u00fcr unseren besonderen Tag. Fab war immer sehr reaktionsschnell und professionell, seine Hingabe und Leidenschaft ist wirklich sp\u00fcrbar. Wir k\u00f6nnen ihn wirklich nur empfehlen, wenn ihr ihn als Planer engagieren m\u00f6chtet. Er hat Beziehungen zu den besten Hochzeitslocations auf Mallorca sowie eine gro\u00dfe Auswahl an Lieferanten und nimmt uns die ganze harte Arbeit ab.<\/p>\n<span class=\"testimonial-author content-color heading-font\">S\u2661J<\/span>\n<\/div>\n<\/div>\n\n<div class=\"ozy-caroseul_item testimonial carousel-cell \">\n<div class=\"testimonial\">\n<p class=\"testimonial-quote heading-font\">Wir hatten gerade unsere Hochzeit auf Mallorca und es war der beste Tag unseres Lebens. Unsere G\u00e4ste waren absolut begeistert und sagten, es war die beste Hochzeit aller Zeiten. Das ist alles auf Fabs harte Arbeit und die Auswahl der Lieferanten zur\u00fcckzuf\u00fchren. Er war per E-Mail immer ansprechbar und beantwortete alle unsere Fragen, und glaubt uns, wir waren ein Paar, das viele hatte. Die Vorbereitungen dauerten ein Jahr, und Fab zeigte durchweg gro\u00dfe Professionalit\u00e4t und Hingabe. Vielen Dank f\u00fcr die besten Erinnerungen aller Zeiten!<\/p>\n<span class=\"testimonial-author content-color heading-font\">K\u2661T<\/span>\n<\/div>\n<\/div>\n\n<div class=\"ozy-caroseul_item testimonial carousel-cell \">\n<div class=\"testimonial\">\n<p class=\"testimonial-quote heading-font\">Ausgezeichneter Service, perfekte Hochzeitsplanung, tolle Organisation. FAB events LAB hat unsere Hochzeit auf Mallorca zu etwas Besonderem gemacht und unsere hohen Erwartungen \u00fcbertroffen. Vielen Dank f\u00fcr alles!<\/p>\n<span class=\"testimonial-author content-color heading-font\">A\u2661A<\/span>\n<\/div>\n<\/div>\n\n<div class=\"ozy-caroseul_item testimonial carousel-cell \">\n<div class=\"testimonial\">\n<p class=\"testimonial-quote heading-font\">Sie haben wirklich alle unsere Erwartungen \u00fcbertroffen. Besonders beeindruckt waren wir von ihrem Organisationstalent und ihrer Liebe zum Detail, was bei der Planung einer Hochzeit im Ausland von entscheidender Bedeutung ist. Wir sch\u00e4tzen es sehr, dass ihr euch Zeit genommen habt, uns kennenzulernen, und haben das Gef\u00fchl, dass sich dies in einer Hochzeit widerspiegelt, die f\u00fcr uns etwas Besonderes ist und unseren Pers\u00f6nlichkeiten entspricht.<\/p>\n<span class=\"testimonial-author content-color heading-font\">H\u2661A<\/span>\n<\/div>\n<\/div>\n\n<div class=\"ozy-caroseul_item testimonial carousel-cell \">\n<div class=\"testimonial\">\n<p class=\"testimonial-quote heading-font\">Ich m\u00f6chte sagen, dass unsere Hochzeit wirklich magisch war! Sie haben alle meine Ideen aufgegriffen und in die Realit\u00e4t umgesetzt. Wir waren so beeindruckt von der gesamten Dekoration, den Blumen, und dem gesamten Ambiente, das sie an unserem Traumhochzeitstag geschaffen haben! Vielen Dank, dass ihr euch um uns gek\u00fcmmert haben!<\/p>\n<span class=\"testimonial-author content-color heading-font\">M\u2661S<\/span>\n<\/div>\n<\/div>\n<\/div>[\/vc_column][\/vc_row][vc_row full_width=&#8220;stretch_row&#8220; bg_slider=&#8220;wave&#8220; wave_bar_color=&#8220;#ffffff&#8220; css=&#8220;.vc_custom_1485809065630{margin-bottom: 100px !important;}&#8220;][vc_column][vc_empty_space][vc_single_image image=&#8220;4539&#8243; img_size=&#8220;full&#8220; alignment=&#8220;center&#8220; css=&#8220;.vc_custom_1569153254653{margin-bottom: 0px !important;padding-bottom: 0px !important;}&#8220;][vc_empty_space height=&#8220;30px&#8220;][\/vc_column][\/vc_row][vc_row][vc_column][vc_text_separator title=&#8220;Im Rahmen unserer Dienstleistungen unterst\u00fctzen unsere Hochzeitsplaner auf Mallorca Paare, die ihre perfekte Hochzeitslocation in Spanien finden wollen. Seht hier ein paar unserer Favoriten:&#8220;][\/vc_column][\/vc_row][vc_row][vc_column][vc_masonry_grid post_type=&#8220;ids&#8220; item=&#8220;masonryGrid_IconSlideOut&#8220; initial_loading_animation=&#8220;none&#8220; grid_id=&#8220;vc_gid:1678535102358-2ce18296-cb6d-4&#8243; include=&#8220;456, 428, 424&#8243;][\/vc_column][\/vc_row]<\/p>\n<\/div>","protected":false},"excerpt":{"rendered":"<p>[vc_row css=&#8220;.vc_custom_1485514497581{margin-top: 40px !important;margin-bottom: 0px !important;padding-bottom: 0px !important;}&#8220;][vc_column][\/vc_column][\/vc_row][vc_row full_width=&#8220;stretch_row_content&#8220; equal_height=&#8220;yes&#8220; css=&#8220;.vc_custom_1485808661512{padding-right: 5% !important;padding-left: 5% !important;}&#8220;][vc_column width=&#8220;1\/3&#8243;][vc_custom_heading text=&#8220;W\u00fcnscht ihr euch Unterst\u00fctzung bei der Planung eurer Hochzeit auf Mallorca? Das bekommt ihr [&hellip;]<\/p>\n","protected":false},"author":3,"featured_media":0,"parent":0,"menu_order":0,"comment_status":"closed","ping_status":"closed","template":"","meta":{"_monsterinsights_skip_tracking":false,"_monsterinsights_sitenote_active":false,"_monsterinsights_sitenote_note":"","_monsterinsights_sitenote_category":0,"footnotes":""},"class_list":["post-3384","page","type-page","status-publish","hentry"],"yoast_head":"<!-- This site is optimized with the Yoast SEO plugin v27.4 - https:\/\/yoast.com\/product\/yoast-seo-wordpress\/ -->\n<title>FAB events LAB | Hochzeitsplaner auf Mallorca (Spanien)<\/title>\n<meta name=\"description\" content=\"Wir von FAB events LAB, die Hochzeitsplaner auf Mallorca in Spanien, bieten euch ma\u00dfgeschneiderte Planung f\u00fcr eure traumhafte Hochzeit an.\" \/>\n<meta name=\"robots\" content=\"index, follow, max-snippet:-1, max-image-preview:large, max-video-preview:-1\" \/>\n<link rel=\"canonical\" href=\"https:\/\/fabeventslab.com\/de\/\" \/>\n<meta property=\"og:locale\" content=\"de_DE\" \/>\n<meta property=\"og:type\" content=\"article\" \/>\n<meta property=\"og:title\" content=\"FAB events LAB | Hochzeitsplaner auf Mallorca (Spanien)\" \/>\n<meta property=\"og:description\" content=\"Wir von FAB events LAB, die Hochzeitsplaner auf Mallorca in Spanien, bieten euch ma\u00dfgeschneiderte Planung f\u00fcr eure traumhafte Hochzeit an.\" \/>\n<meta property=\"og:url\" content=\"https:\/\/fabeventslab.com\/de\/\" \/>\n<meta property=\"og:site_name\" content=\"FAB events LAB\" \/>\n<meta property=\"article:publisher\" content=\"https:\/\/www.facebook.com\/event.wedding.planners.mallorca\" \/>\n<meta property=\"article:modified_time\" content=\"2023-03-11T11:45:45+00:00\" \/>\n<meta property=\"og:image\" content=\"https:\/\/fabeventslab.com\/wp-content\/uploads\/2023\/02\/wedding-planner-mallorca-fabeventslab.jpg\" \/>\n\t<meta property=\"og:image:width\" content=\"2000\" \/>\n\t<meta property=\"og:image:height\" content=\"1330\" \/>\n\t<meta property=\"og:image:type\" content=\"image\/jpeg\" \/>\n<meta name=\"twitter:card\" content=\"summary_large_image\" \/>\n<meta name=\"twitter:site\" content=\"@FABweddingsLAB\" \/>\n<meta name=\"twitter:label1\" content=\"Gesch\u00e4tzte Lesezeit\" \/>\n\t<meta name=\"twitter:data1\" content=\"3\u00a0Minuten\" \/>\n<script type=\"application\/ld+json\" class=\"yoast-schema-graph\">{\"@context\":\"https:\\\/\\\/schema.org\",\"@graph\":[{\"@type\":\"WebPage\",\"@id\":\"https:\\\/\\\/fabeventslab.com\\\/de\\\/\",\"url\":\"https:\\\/\\\/fabeventslab.com\\\/de\\\/\",\"name\":\"FAB events LAB | Hochzeitsplaner auf Mallorca (Spanien)\",\"isPartOf\":{\"@id\":\"https:\\\/\\\/fabeventslab.com\\\/#website\"},\"datePublished\":\"2017-01-26T11:42:31+00:00\",\"dateModified\":\"2023-03-11T11:45:45+00:00\",\"description\":\"Wir von FAB events LAB, die Hochzeitsplaner auf Mallorca in Spanien, bieten euch ma\u00dfgeschneiderte Planung f\u00fcr eure traumhafte Hochzeit an.\",\"breadcrumb\":{\"@id\":\"https:\\\/\\\/fabeventslab.com\\\/de\\\/#breadcrumb\"},\"inLanguage\":\"de\",\"potentialAction\":[{\"@type\":\"ReadAction\",\"target\":[\"https:\\\/\\\/fabeventslab.com\\\/de\\\/\"]}]},{\"@type\":\"BreadcrumbList\",\"@id\":\"https:\\\/\\\/fabeventslab.com\\\/de\\\/#breadcrumb\",\"itemListElement\":[{\"@type\":\"ListItem\",\"position\":1,\"name\":\"Home\",\"item\":\"https:\\\/\\\/fabeventslab.com\\\/de\\\/\"},{\"@type\":\"ListItem\",\"position\":2,\"name\":\"Hochzeitsplaner auf Mallorca (Spanien)\"}]},{\"@type\":\"WebSite\",\"@id\":\"https:\\\/\\\/fabeventslab.com\\\/#website\",\"url\":\"https:\\\/\\\/fabeventslab.com\\\/\",\"name\":\"FAB events LAB\",\"description\":\"Wedding Planner Mallorca\",\"publisher\":{\"@id\":\"https:\\\/\\\/fabeventslab.com\\\/#organization\"},\"potentialAction\":[{\"@type\":\"SearchAction\",\"target\":{\"@type\":\"EntryPoint\",\"urlTemplate\":\"https:\\\/\\\/fabeventslab.com\\\/?s={search_term_string}\"},\"query-input\":{\"@type\":\"PropertyValueSpecification\",\"valueRequired\":true,\"valueName\":\"search_term_string\"}}],\"inLanguage\":\"de\"},{\"@type\":\"Organization\",\"@id\":\"https:\\\/\\\/fabeventslab.com\\\/#organization\",\"name\":\"FAB events LAB Wedding Planner Mallorca\",\"alternateName\":\"FAB events LAB\",\"url\":\"https:\\\/\\\/fabeventslab.com\\\/\",\"logo\":{\"@type\":\"ImageObject\",\"inLanguage\":\"de\",\"@id\":\"https:\\\/\\\/fabeventslab.com\\\/#\\\/schema\\\/logo\\\/image\\\/\",\"url\":\"https:\\\/\\\/fabeventslab.com\\\/wp-content\\\/uploads\\\/2017\\\/05\\\/FAB-events-LAB-Wedding-Planner-Mallorca-3-Kopie.png\",\"contentUrl\":\"https:\\\/\\\/fabeventslab.com\\\/wp-content\\\/uploads\\\/2017\\\/05\\\/FAB-events-LAB-Wedding-Planner-Mallorca-3-Kopie.png\",\"width\":\"224\",\"height\":\"220\",\"caption\":\"FAB events LAB Wedding Planner Mallorca\"},\"image\":{\"@id\":\"https:\\\/\\\/fabeventslab.com\\\/#\\\/schema\\\/logo\\\/image\\\/\"},\"sameAs\":[\"https:\\\/\\\/www.facebook.com\\\/event.wedding.planners.mallorca\",\"https:\\\/\\\/x.com\\\/FABweddingsLAB\",\"https:\\\/\\\/www.instagram.com\\\/fab_events_lab\\\/\",\"https:\\\/\\\/www.linkedin.com\\\/company\\\/fab-events-lab\",\"https:\\\/\\\/es.pinterest.com\\\/mallorcaevents\\\/\",\"https:\\\/\\\/www.youtube.com\\\/channel\\\/UC-9PwyQerpHS3ULinxpawBA\"]}]}<\/script>\n<!-- \/ Yoast SEO plugin. -->","yoast_head_json":{"title":"FAB events LAB | Hochzeitsplaner auf Mallorca (Spanien)","description":"Wir von FAB events LAB, die Hochzeitsplaner auf Mallorca in Spanien, bieten euch ma\u00dfgeschneiderte Planung f\u00fcr eure traumhafte Hochzeit an.","robots":{"index":"index","follow":"follow","max-snippet":"max-snippet:-1","max-image-preview":"max-image-preview:large","max-video-preview":"max-video-preview:-1"},"canonical":"https:\/\/fabeventslab.com\/de\/","og_locale":"de_DE","og_type":"article","og_title":"FAB events LAB | Hochzeitsplaner auf Mallorca (Spanien)","og_description":"Wir von FAB events LAB, die Hochzeitsplaner auf Mallorca in Spanien, bieten euch ma\u00dfgeschneiderte Planung f\u00fcr eure traumhafte Hochzeit an.","og_url":"https:\/\/fabeventslab.com\/de\/","og_site_name":"FAB events LAB","article_publisher":"https:\/\/www.facebook.com\/event.wedding.planners.mallorca","article_modified_time":"2023-03-11T11:45:45+00:00","og_image":[{"width":2000,"height":1330,"url":"https:\/\/fabeventslab.com\/wp-content\/uploads\/2023\/02\/wedding-planner-mallorca-fabeventslab.jpg","type":"image\/jpeg"}],"twitter_card":"summary_large_image","twitter_site":"@FABweddingsLAB","twitter_misc":{"Gesch\u00e4tzte Lesezeit":"3\u00a0Minuten"},"schema":{"@context":"https:\/\/schema.org","@graph":[{"@type":"WebPage","@id":"https:\/\/fabeventslab.com\/de\/","url":"https:\/\/fabeventslab.com\/de\/","name":"FAB events LAB | Hochzeitsplaner auf Mallorca (Spanien)","isPartOf":{"@id":"https:\/\/fabeventslab.com\/#website"},"datePublished":"2017-01-26T11:42:31+00:00","dateModified":"2023-03-11T11:45:45+00:00","description":"Wir von FAB events LAB, die Hochzeitsplaner auf Mallorca in Spanien, bieten euch ma\u00dfgeschneiderte Planung f\u00fcr eure traumhafte Hochzeit an.","breadcrumb":{"@id":"https:\/\/fabeventslab.com\/de\/#breadcrumb"},"inLanguage":"de","potentialAction":[{"@type":"ReadAction","target":["https:\/\/fabeventslab.com\/de\/"]}]},{"@type":"BreadcrumbList","@id":"https:\/\/fabeventslab.com\/de\/#breadcrumb","itemListElement":[{"@type":"ListItem","position":1,"name":"Home","item":"https:\/\/fabeventslab.com\/de\/"},{"@type":"ListItem","position":2,"name":"Hochzeitsplaner auf Mallorca (Spanien)"}]},{"@type":"WebSite","@id":"https:\/\/fabeventslab.com\/#website","url":"https:\/\/fabeventslab.com\/","name":"FAB events LAB","description":"Wedding Planner Mallorca","publisher":{"@id":"https:\/\/fabeventslab.com\/#organization"},"potentialAction":[{"@type":"SearchAction","target":{"@type":"EntryPoint","urlTemplate":"https:\/\/fabeventslab.com\/?s={search_term_string}"},"query-input":{"@type":"PropertyValueSpecification","valueRequired":true,"valueName":"search_term_string"}}],"inLanguage":"de"},{"@type":"Organization","@id":"https:\/\/fabeventslab.com\/#organization","name":"FAB events LAB Wedding Planner Mallorca","alternateName":"FAB events LAB","url":"https:\/\/fabeventslab.com\/","logo":{"@type":"ImageObject","inLanguage":"de","@id":"https:\/\/fabeventslab.com\/#\/schema\/logo\/image\/","url":"https:\/\/fabeventslab.com\/wp-content\/uploads\/2017\/05\/FAB-events-LAB-Wedding-Planner-Mallorca-3-Kopie.png","contentUrl":"https:\/\/fabeventslab.com\/wp-content\/uploads\/2017\/05\/FAB-events-LAB-Wedding-Planner-Mallorca-3-Kopie.png","width":"224","height":"220","caption":"FAB events LAB Wedding Planner Mallorca"},"image":{"@id":"https:\/\/fabeventslab.com\/#\/schema\/logo\/image\/"},"sameAs":["https:\/\/www.facebook.com\/event.wedding.planners.mallorca","https:\/\/x.com\/FABweddingsLAB","https:\/\/www.instagram.com\/fab_events_lab\/","https:\/\/www.linkedin.com\/company\/fab-events-lab","https:\/\/es.pinterest.com\/mallorcaevents\/","https:\/\/www.youtube.com\/channel\/UC-9PwyQerpHS3ULinxpawBA"]}]}},"_links":{"self":[{"href":"https:\/\/fabeventslab.com\/de\/wp-json\/wp\/v2\/pages\/3384","targetHints":{"allow":["GET"]}}],"collection":[{"href":"https:\/\/fabeventslab.com\/de\/wp-json\/wp\/v2\/pages"}],"about":[{"href":"https:\/\/fabeventslab.com\/de\/wp-json\/wp\/v2\/types\/page"}],"author":[{"embeddable":true,"href":"https:\/\/fabeventslab.com\/de\/wp-json\/wp\/v2\/users\/3"}],"replies":[{"embeddable":true,"href":"https:\/\/fabeventslab.com\/de\/wp-json\/wp\/v2\/comments?post=3384"}],"version-history":[{"count":12,"href":"https:\/\/fabeventslab.com\/de\/wp-json\/wp\/v2\/pages\/3384\/revisions"}],"predecessor-version":[{"id":6007,"href":"https:\/\/fabeventslab.com\/de\/wp-json\/wp\/v2\/pages\/3384\/revisions\/6007"}],"wp:attachment":[{"href":"https:\/\/fabeventslab.com\/de\/wp-json\/wp\/v2\/media?parent=3384"}],"curies":[{"name":"wp","href":"https:\/\/api.w.org\/{rel}","templated":true}]}}