{"id":352,"date":"2014-10-09T09:49:19","date_gmt":"2014-10-09T07:49:19","guid":{"rendered":"http:\/\/fabeventslab.com\/?page_id=352"},"modified":"2023-03-11T13:41:55","modified_gmt":"2023-03-11T11:41:55","slug":"heiraten-auf-mallorca","status":"publish","type":"page","link":"https:\/\/fabeventslab.com\/de\/heiraten-auf-mallorca\/","title":{"rendered":"Heiraten auf Mallorca &#8211; einzigartig und unvergesslich"},"content":{"rendered":"<div class=\"wpb-content-wrapper\"><p>[vc_row full_width=&#8220;stretch_row&#8220; full_height=&#8220;yes&#8220; css=&#8220;.vc_custom_1569148920791{background-image: url(https:\/\/fabeventslab.com\/wp-content\/uploads\/2019\/09\/Wedding-Planning-in-Mallorca.jpg?id=4502) !important;background-position: center !important;background-repeat: no-repeat !important;background-size: cover !important;}&#8220;][vc_column][\/vc_column][\/vc_row][vc_row][vc_column][vc_column_text]Mallorca bietet eine unvergleichlich sch\u00f6ne Insellandschaft und ein sonniges Klima. Die \u201egoldenen\u201c Sonnenunterg\u00e4nge sind geradezu geschaffen f\u00fcr&#8217;s Heiraten auf Mallorca, eine <strong>wahrhafte Traumhochzeit<\/strong>!<\/p>\n<p>Egal, ob es sich um eine Feier mit 50 oder 100 Personen handelt, ihr k\u00f6nnt euch sicher sein, dass wir euren \u201egro\u00dfen Tag\u201c zu einem <em>einzigartigen Erlebnis<\/em> machen k\u00f6nnen.<\/p>\n<p>&nbsp;<\/p>\n<h2>Traumhafte Hochzeitslocations f\u00fcr&#8217;s Heiraten\u00a0auf Mallorca<\/h2>\n<p>Mallorca bietet Ihnen\u00a0<strong>unvergessliche Hochzeitszeremonien<\/strong> in einer wundersch\u00f6nen Kulisse. Es gibt verschiedene Locations zur Auswahl: beispielsweise traumhafte G\u00e4rten, charmante Kirchen oder Kapellen,\u00a0<a title=\"Romantische Hochzeitslocation Mallorca\" href=\"http:\/\/fabeventslab.com\/de\/hochzeit-mallorca-finca-romantisch\/\" target=\"_blank\" rel=\"noopener noreferrer\">romantische, historische oder moderne Fincas<\/a>\u00a0bis hin zu einem aufwendig dekorierten Hochzeitspavillon mit einem traumhaften Meerblick. Eine sehr individuelle Hochzeit kann zum Beispiel auch an <a href=\"http:\/\/fabeventslab.com\/de\/heiraten-auf-mallorca\/yacht-schiff-hochzeit\/\">Bord eines Schiffs oder einer Yacht<\/a> durchgef\u00fchrt werden. Seht hier eine <a title=\"Event- &amp; Hochzeitslocations auf Mallorca\" href=\"https:\/\/fabeventslab.com\/de\/hochzeitslocations-mallorca\/\" target=\"_blank\" rel=\"noopener noreferrer\">Auswahl unserer wundersch\u00f6nen Hochzeitslocations auf Mallorca<\/a>.<\/p>\n<p>&nbsp;<\/p>\n<h2>Hochzeit auf Mallorca &#8211; pers\u00f6nlich, ma\u00dfgeschneidert und unvergesslich<\/h2>\n<p>Wir haben uns zur Aufgabe gestellt, <strong>keine vorgefertigten Pakete<\/strong> zu verkaufen, sondern wir setzen uns daf\u00fcr ein, dass eure W\u00fcnsche und Vorstellungen so in die Tat umgesetzt werden, wie ihr es m\u00f6chtet. Unser Netzwerk besteht aus <em>mehr als 100 Dienstleistern<\/em> aus verschiedenen Branchen (wie z.B. <a href=\"http:\/\/fabeventslab.com\/de\/heiraten-auf-mallorca\/catering-hochzeit-mallorca\/\">Catering<\/a>, Fotografie, Unterhaltung, Beauty, Dekoration, Blumenschmuck, Gastgeschenke, Hochzeitstorte, Musik oder Zeremonienmeister bzw. freie Redner). Damit k\u00f6nnen wir den zuk\u00fcnftigen Brautpaaren\u00a0garantieren, dass sie\u00a0sich auf unsere Hochzeitsplanung hundertprozentig verlassen k\u00f6nnen.<\/p>\n<p>&nbsp;<\/p>\n<h2>Hochzeitsplanung ganz wie ihr es sich w\u00fcnscht!<\/h2>\n<p style=\"text-align: center;\"><strong>Zu unseren Leistungen geh\u00f6ren:<\/strong><\/p>\n<p style=\"text-align: center;\">\u21d2 Komplettorganisation eurer Hochzeit auf Mallorca inkl. Locationsuche &amp; Get-Together<\/p>\n<p style=\"text-align: center;\">\u21d2 Hochzeitstagsbetreuung<\/p>\n<p style=\"text-align: center;\">\u21d2 andere Leistungen auf Anfrage<\/p>\n<p>&nbsp;<\/p>\n<h2><a href=\"https:\/\/fabeventslab.com\/wp-content\/uploads\/2019\/09\/Trends-Mallorca-Wedding-Planner.jpg\"><img decoding=\"async\" class=\"alignright wp-image-4530\" src=\"https:\/\/fabeventslab.com\/wp-content\/uploads\/2019\/09\/Trends-Mallorca-Wedding-Planner-1024x682.jpg\" alt=\"Heiraten auf Mallorca: wir helfen euch eure Hochzeit auf Mallorca zu planen\" width=\"680\" height=\"452\" srcset=\"https:\/\/fabeventslab.com\/wp-content\/uploads\/2019\/09\/Trends-Mallorca-Wedding-Planner-1024x682.jpg 1024w, https:\/\/fabeventslab.com\/wp-content\/uploads\/2019\/09\/Trends-Mallorca-Wedding-Planner-300x200.jpg 300w, https:\/\/fabeventslab.com\/wp-content\/uploads\/2019\/09\/Trends-Mallorca-Wedding-Planner-768x511.jpg 768w, https:\/\/fabeventslab.com\/wp-content\/uploads\/2019\/09\/Trends-Mallorca-Wedding-Planner-1144x761.jpg 1144w, https:\/\/fabeventslab.com\/wp-content\/uploads\/2019\/09\/Trends-Mallorca-Wedding-Planner.jpg 1600w\" sizes=\"(max-width: 680px) 100vw, 680px\" \/><\/a>Ihr m\u00f6chtet auf Mallorca heiraten und euch informieren?<\/h2>\n<p>Bei der Wahl des richtigen <a href=\"http:\/\/fabeventslab.com\/de\/hochzeitsplaner-mallorca\/\">Hochzeitsplaners<\/a> ist es wichtig, dass die Chemie zwischen den Beteiligten stimmt und eine Vertrauensbasis aufgebaut wird. Gerne laden wir euch zu einem kostenfreien und unverbindlichen Kennenlern- bzw. Beratungsgespr\u00e4ch ein!<\/p>\n<p>Bitte beachtet, dass wir durch unsere<strong>\u00a0individuelle und pers\u00f6nliche Hochzeitsplanung<\/strong>\u00a0nur eine bestimmte Anzahl an Hochzeiten\u00a0pro Jahr durchf\u00fchren k\u00f6nnen. So stellen wir sicher, dass alle unsere Paare\u00a0so <em>viel Liebe und Aufmerksamkeit<\/em> f\u00fcr ihre Hochzeit bekommen wie sie brauchen.<\/p>\n<p>Kontaktiert uns \u00fcber unser <a title=\"Kontakt Hochzeitsplaner\" href=\"http:\/\/fabeventslab.com\/de\/kontakt-weddingplaner-mallorca\/\">Onlineformular<\/a> und wir antworten euch schnellstm\u00f6glich.<\/p>\n<p>Noch nicht \u00fcberzeugt? Lest hier, <a href=\"https:\/\/fabeventslab.com\/de\/heiraten-auf-mallorca\/bewertungen-hochzeitsplaner-mallorca\/\" target=\"_blank\" rel=\"noopener noreferrer\">was unsere Paare \u00fcber uns gesagt haben<\/a> &#8230;[\/vc_column_text][\/vc_column][\/vc_row]<\/p>\n<\/div>","protected":false},"excerpt":{"rendered":"<p>[vc_row full_width=&#8220;stretch_row&#8220; full_height=&#8220;yes&#8220; css=&#8220;.vc_custom_1569148920791{background-image: url(https:\/\/fabeventslab.com\/wp-content\/uploads\/2019\/09\/Wedding-Planning-in-Mallorca.jpg?id=4502) !important;background-position: center !important;background-repeat: no-repeat !important;background-size: cover !important;}&#8220;][vc_column][\/vc_column][\/vc_row][vc_row][vc_column][vc_column_text]Mallorca bietet eine unvergleichlich sch\u00f6ne Insellandschaft und ein sonniges Klima. Die \u201egoldenen\u201c Sonnenunterg\u00e4nge sind geradezu geschaffen f\u00fcr&#8217;s Heiraten auf [&hellip;]<\/p>\n","protected":false},"author":3,"featured_media":0,"parent":0,"menu_order":0,"comment_status":"closed","ping_status":"closed","template":"","meta":{"_monsterinsights_skip_tracking":false,"_monsterinsights_sitenote_active":false,"_monsterinsights_sitenote_note":"","_monsterinsights_sitenote_category":0,"footnotes":""},"class_list":["post-352","page","type-page","status-publish","hentry"],"yoast_head":"<!-- This site is optimized with the Yoast SEO plugin v27.5 - https:\/\/yoast.com\/product\/yoast-seo-wordpress\/ -->\n<title>Heiraten auf Mallorca, romantisch &amp; einzigartig | FAB events LAB<\/title>\n<meta name=\"description\" content=\"Romantisch Heiraten auf Mallorca: Gemeinsam kreieren wir mit Euch eine echte Traumhochzeit auf Mallorca mit viel Gef\u00fchl.\" \/>\n<meta name=\"robots\" content=\"index, follow, max-snippet:-1, max-image-preview:large, max-video-preview:-1\" \/>\n<link rel=\"canonical\" href=\"https:\/\/fabeventslab.com\/de\/heiraten-auf-mallorca\/\" \/>\n<meta property=\"og:locale\" content=\"de_DE\" \/>\n<meta property=\"og:type\" content=\"article\" \/>\n<meta property=\"og:title\" content=\"Heiraten auf Mallorca, romantisch &amp; einzigartig | FAB events LAB\" \/>\n<meta property=\"og:description\" content=\"Romantisch Heiraten auf Mallorca: Gemeinsam kreieren wir mit Euch eine echte Traumhochzeit auf Mallorca mit viel Gef\u00fchl.\" \/>\n<meta property=\"og:url\" content=\"https:\/\/fabeventslab.com\/de\/heiraten-auf-mallorca\/\" \/>\n<meta property=\"og:site_name\" content=\"FAB events LAB\" \/>\n<meta property=\"article:publisher\" content=\"https:\/\/www.facebook.com\/event.wedding.planners.mallorca\" \/>\n<meta property=\"article:modified_time\" content=\"2023-03-11T11:41:55+00:00\" \/>\n<meta property=\"og:image\" content=\"https:\/\/fabeventslab.com\/wp-content\/uploads\/2019\/09\/Trends-Mallorca-Wedding-Planner-1024x682.jpg\" \/>\n<meta name=\"twitter:card\" content=\"summary_large_image\" \/>\n<meta name=\"twitter:site\" content=\"@FABweddingsLAB\" \/>\n<meta name=\"twitter:label1\" content=\"Gesch\u00e4tzte Lesezeit\" \/>\n\t<meta name=\"twitter:data1\" content=\"2\u00a0Minuten\" \/>\n<script type=\"application\/ld+json\" class=\"yoast-schema-graph\">{\"@context\":\"https:\\\/\\\/schema.org\",\"@graph\":[{\"@type\":\"WebPage\",\"@id\":\"https:\\\/\\\/fabeventslab.com\\\/de\\\/heiraten-auf-mallorca\\\/\",\"url\":\"https:\\\/\\\/fabeventslab.com\\\/de\\\/heiraten-auf-mallorca\\\/\",\"name\":\"Heiraten auf Mallorca, romantisch & einzigartig | FAB events LAB\",\"isPartOf\":{\"@id\":\"https:\\\/\\\/fabeventslab.com\\\/#website\"},\"primaryImageOfPage\":{\"@id\":\"https:\\\/\\\/fabeventslab.com\\\/de\\\/heiraten-auf-mallorca\\\/#primaryimage\"},\"image\":{\"@id\":\"https:\\\/\\\/fabeventslab.com\\\/de\\\/heiraten-auf-mallorca\\\/#primaryimage\"},\"thumbnailUrl\":\"https:\\\/\\\/fabeventslab.com\\\/wp-content\\\/uploads\\\/2019\\\/09\\\/Trends-Mallorca-Wedding-Planner-1024x682.jpg\",\"datePublished\":\"2014-10-09T07:49:19+00:00\",\"dateModified\":\"2023-03-11T11:41:55+00:00\",\"description\":\"Romantisch Heiraten auf Mallorca: Gemeinsam kreieren wir mit Euch eine echte Traumhochzeit auf Mallorca mit viel Gef\u00fchl.\",\"breadcrumb\":{\"@id\":\"https:\\\/\\\/fabeventslab.com\\\/de\\\/heiraten-auf-mallorca\\\/#breadcrumb\"},\"inLanguage\":\"de\",\"potentialAction\":[{\"@type\":\"ReadAction\",\"target\":[\"https:\\\/\\\/fabeventslab.com\\\/de\\\/heiraten-auf-mallorca\\\/\"]}]},{\"@type\":\"ImageObject\",\"inLanguage\":\"de\",\"@id\":\"https:\\\/\\\/fabeventslab.com\\\/de\\\/heiraten-auf-mallorca\\\/#primaryimage\",\"url\":\"https:\\\/\\\/fabeventslab.com\\\/wp-content\\\/uploads\\\/2019\\\/09\\\/Trends-Mallorca-Wedding-Planner-1024x682.jpg\",\"contentUrl\":\"https:\\\/\\\/fabeventslab.com\\\/wp-content\\\/uploads\\\/2019\\\/09\\\/Trends-Mallorca-Wedding-Planner-1024x682.jpg\"},{\"@type\":\"BreadcrumbList\",\"@id\":\"https:\\\/\\\/fabeventslab.com\\\/de\\\/heiraten-auf-mallorca\\\/#breadcrumb\",\"itemListElement\":[{\"@type\":\"ListItem\",\"position\":1,\"name\":\"Home\",\"item\":\"https:\\\/\\\/fabeventslab.com\\\/de\\\/\"},{\"@type\":\"ListItem\",\"position\":2,\"name\":\"Heiraten auf Mallorca &#8211; einzigartig und unvergesslich\"}]},{\"@type\":\"WebSite\",\"@id\":\"https:\\\/\\\/fabeventslab.com\\\/#website\",\"url\":\"https:\\\/\\\/fabeventslab.com\\\/\",\"name\":\"FAB events LAB\",\"description\":\"Wedding Planner Mallorca\",\"publisher\":{\"@id\":\"https:\\\/\\\/fabeventslab.com\\\/#organization\"},\"potentialAction\":[{\"@type\":\"SearchAction\",\"target\":{\"@type\":\"EntryPoint\",\"urlTemplate\":\"https:\\\/\\\/fabeventslab.com\\\/?s={search_term_string}\"},\"query-input\":{\"@type\":\"PropertyValueSpecification\",\"valueRequired\":true,\"valueName\":\"search_term_string\"}}],\"inLanguage\":\"de\"},{\"@type\":\"Organization\",\"@id\":\"https:\\\/\\\/fabeventslab.com\\\/#organization\",\"name\":\"FAB events LAB Wedding Planner Mallorca\",\"alternateName\":\"FAB events LAB\",\"url\":\"https:\\\/\\\/fabeventslab.com\\\/\",\"logo\":{\"@type\":\"ImageObject\",\"inLanguage\":\"de\",\"@id\":\"https:\\\/\\\/fabeventslab.com\\\/#\\\/schema\\\/logo\\\/image\\\/\",\"url\":\"https:\\\/\\\/fabeventslab.com\\\/wp-content\\\/uploads\\\/2017\\\/05\\\/FAB-events-LAB-Wedding-Planner-Mallorca-3-Kopie.png\",\"contentUrl\":\"https:\\\/\\\/fabeventslab.com\\\/wp-content\\\/uploads\\\/2017\\\/05\\\/FAB-events-LAB-Wedding-Planner-Mallorca-3-Kopie.png\",\"width\":\"224\",\"height\":\"220\",\"caption\":\"FAB events LAB Wedding Planner Mallorca\"},\"image\":{\"@id\":\"https:\\\/\\\/fabeventslab.com\\\/#\\\/schema\\\/logo\\\/image\\\/\"},\"sameAs\":[\"https:\\\/\\\/www.facebook.com\\\/event.wedding.planners.mallorca\",\"https:\\\/\\\/x.com\\\/FABweddingsLAB\",\"https:\\\/\\\/www.instagram.com\\\/fab_events_lab\\\/\",\"https:\\\/\\\/www.linkedin.com\\\/company\\\/fab-events-lab\",\"https:\\\/\\\/es.pinterest.com\\\/mallorcaevents\\\/\",\"https:\\\/\\\/www.youtube.com\\\/channel\\\/UC-9PwyQerpHS3ULinxpawBA\"]}]}<\/script>\n<!-- \/ Yoast SEO plugin. -->","yoast_head_json":{"title":"Heiraten auf Mallorca, romantisch & einzigartig | FAB events LAB","description":"Romantisch Heiraten auf Mallorca: Gemeinsam kreieren wir mit Euch eine echte Traumhochzeit auf Mallorca mit viel Gef\u00fchl.","robots":{"index":"index","follow":"follow","max-snippet":"max-snippet:-1","max-image-preview":"max-image-preview:large","max-video-preview":"max-video-preview:-1"},"canonical":"https:\/\/fabeventslab.com\/de\/heiraten-auf-mallorca\/","og_locale":"de_DE","og_type":"article","og_title":"Heiraten auf Mallorca, romantisch & einzigartig | FAB events LAB","og_description":"Romantisch Heiraten auf Mallorca: Gemeinsam kreieren wir mit Euch eine echte Traumhochzeit auf Mallorca mit viel Gef\u00fchl.","og_url":"https:\/\/fabeventslab.com\/de\/heiraten-auf-mallorca\/","og_site_name":"FAB events LAB","article_publisher":"https:\/\/www.facebook.com\/event.wedding.planners.mallorca","article_modified_time":"2023-03-11T11:41:55+00:00","og_image":[{"url":"https:\/\/fabeventslab.com\/wp-content\/uploads\/2019\/09\/Trends-Mallorca-Wedding-Planner-1024x682.jpg","type":"","width":"","height":""}],"twitter_card":"summary_large_image","twitter_site":"@FABweddingsLAB","twitter_misc":{"Gesch\u00e4tzte Lesezeit":"2\u00a0Minuten"},"schema":{"@context":"https:\/\/schema.org","@graph":[{"@type":"WebPage","@id":"https:\/\/fabeventslab.com\/de\/heiraten-auf-mallorca\/","url":"https:\/\/fabeventslab.com\/de\/heiraten-auf-mallorca\/","name":"Heiraten auf Mallorca, romantisch & einzigartig | FAB events LAB","isPartOf":{"@id":"https:\/\/fabeventslab.com\/#website"},"primaryImageOfPage":{"@id":"https:\/\/fabeventslab.com\/de\/heiraten-auf-mallorca\/#primaryimage"},"image":{"@id":"https:\/\/fabeventslab.com\/de\/heiraten-auf-mallorca\/#primaryimage"},"thumbnailUrl":"https:\/\/fabeventslab.com\/wp-content\/uploads\/2019\/09\/Trends-Mallorca-Wedding-Planner-1024x682.jpg","datePublished":"2014-10-09T07:49:19+00:00","dateModified":"2023-03-11T11:41:55+00:00","description":"Romantisch Heiraten auf Mallorca: Gemeinsam kreieren wir mit Euch eine echte Traumhochzeit auf Mallorca mit viel Gef\u00fchl.","breadcrumb":{"@id":"https:\/\/fabeventslab.com\/de\/heiraten-auf-mallorca\/#breadcrumb"},"inLanguage":"de","potentialAction":[{"@type":"ReadAction","target":["https:\/\/fabeventslab.com\/de\/heiraten-auf-mallorca\/"]}]},{"@type":"ImageObject","inLanguage":"de","@id":"https:\/\/fabeventslab.com\/de\/heiraten-auf-mallorca\/#primaryimage","url":"https:\/\/fabeventslab.com\/wp-content\/uploads\/2019\/09\/Trends-Mallorca-Wedding-Planner-1024x682.jpg","contentUrl":"https:\/\/fabeventslab.com\/wp-content\/uploads\/2019\/09\/Trends-Mallorca-Wedding-Planner-1024x682.jpg"},{"@type":"BreadcrumbList","@id":"https:\/\/fabeventslab.com\/de\/heiraten-auf-mallorca\/#breadcrumb","itemListElement":[{"@type":"ListItem","position":1,"name":"Home","item":"https:\/\/fabeventslab.com\/de\/"},{"@type":"ListItem","position":2,"name":"Heiraten auf Mallorca &#8211; einzigartig und unvergesslich"}]},{"@type":"WebSite","@id":"https:\/\/fabeventslab.com\/#website","url":"https:\/\/fabeventslab.com\/","name":"FAB events LAB","description":"Wedding Planner Mallorca","publisher":{"@id":"https:\/\/fabeventslab.com\/#organization"},"potentialAction":[{"@type":"SearchAction","target":{"@type":"EntryPoint","urlTemplate":"https:\/\/fabeventslab.com\/?s={search_term_string}"},"query-input":{"@type":"PropertyValueSpecification","valueRequired":true,"valueName":"search_term_string"}}],"inLanguage":"de"},{"@type":"Organization","@id":"https:\/\/fabeventslab.com\/#organization","name":"FAB events LAB Wedding Planner Mallorca","alternateName":"FAB events LAB","url":"https:\/\/fabeventslab.com\/","logo":{"@type":"ImageObject","inLanguage":"de","@id":"https:\/\/fabeventslab.com\/#\/schema\/logo\/image\/","url":"https:\/\/fabeventslab.com\/wp-content\/uploads\/2017\/05\/FAB-events-LAB-Wedding-Planner-Mallorca-3-Kopie.png","contentUrl":"https:\/\/fabeventslab.com\/wp-content\/uploads\/2017\/05\/FAB-events-LAB-Wedding-Planner-Mallorca-3-Kopie.png","width":"224","height":"220","caption":"FAB events LAB Wedding Planner Mallorca"},"image":{"@id":"https:\/\/fabeventslab.com\/#\/schema\/logo\/image\/"},"sameAs":["https:\/\/www.facebook.com\/event.wedding.planners.mallorca","https:\/\/x.com\/FABweddingsLAB","https:\/\/www.instagram.com\/fab_events_lab\/","https:\/\/www.linkedin.com\/company\/fab-events-lab","https:\/\/es.pinterest.com\/mallorcaevents\/","https:\/\/www.youtube.com\/channel\/UC-9PwyQerpHS3ULinxpawBA"]}]}},"_links":{"self":[{"href":"https:\/\/fabeventslab.com\/de\/wp-json\/wp\/v2\/pages\/352","targetHints":{"allow":["GET"]}}],"collection":[{"href":"https:\/\/fabeventslab.com\/de\/wp-json\/wp\/v2\/pages"}],"about":[{"href":"https:\/\/fabeventslab.com\/de\/wp-json\/wp\/v2\/types\/page"}],"author":[{"embeddable":true,"href":"https:\/\/fabeventslab.com\/de\/wp-json\/wp\/v2\/users\/3"}],"replies":[{"embeddable":true,"href":"https:\/\/fabeventslab.com\/de\/wp-json\/wp\/v2\/comments?post=352"}],"version-history":[{"count":8,"href":"https:\/\/fabeventslab.com\/de\/wp-json\/wp\/v2\/pages\/352\/revisions"}],"predecessor-version":[{"id":6005,"href":"https:\/\/fabeventslab.com\/de\/wp-json\/wp\/v2\/pages\/352\/revisions\/6005"}],"wp:attachment":[{"href":"https:\/\/fabeventslab.com\/de\/wp-json\/wp\/v2\/media?parent=352"}],"curies":[{"name":"wp","href":"https:\/\/api.w.org\/{rel}","templated":true}]}}