{"id":417,"date":"2014-10-20T19:43:11","date_gmt":"2014-10-20T17:43:11","guid":{"rendered":"http:\/\/fabeventslab.com\/?page_id=417"},"modified":"2023-03-11T14:07:57","modified_gmt":"2023-03-11T12:07:57","slug":"hochzeitslocations-mallorca","status":"publish","type":"page","link":"https:\/\/fabeventslab.com\/de\/hochzeitslocations-mallorca\/","title":{"rendered":"Hochzeitslocations auf Mallorca"},"content":{"rendered":"<div class=\"wpb-content-wrapper\"><span><span><a href=\"https:\/\/fabeventslab.com\/de\/\">Home<\/a><\/span><\/span>\n<p>[vc_row full_width=&#8220;stretch_row&#8220; full_height=&#8220;yes&#8220; css=&#8220;.vc_custom_1569144887940{background-image: url(https:\/\/fabeventslab.com\/wp-content\/uploads\/2019\/09\/Wedding-Venues-Mallorca.jpg?id=4488) !important;background-position: center !important;background-repeat: no-repeat !important;background-size: cover !important;}&#8220;][vc_column][\/vc_column][\/vc_row][vc_row][vc_column][vc_column_text]<\/p>\n<h2 style=\"text-align: left;\">Hochzeitslocations auf Mallorca:\u00a0Nur die\u00a0besten Adressen f\u00fcr eure Traumhochzeit<\/h2>\n<p>Seid ihr auf der Suche nach der passenden <strong>Hochzeitslocation auf Mallorca<\/strong>?\u00a0F\u00fcr euch ist eine <em>Hochzeit im Freien bis in den Morgengrauen<\/em> oder auf einem Weingut das einzig Wahre? Du magst es lieber typisch mallorquinisch\u00a0&#8211; heiraten in einer rustikalen Finca\u00a0ist genau Deins?\u00a0Aber<em>:<\/em>\u00a0Ihr habt bisher noch nicht die passende Hochzeitslocation auf Mallorca gefunden?<\/p>\n<p>Bei uns werdet ihr\u00a0sicher f\u00fcndig! Uns stehen einige <strong>wunderbare Hochzeitslocations<\/strong> auf der Insel\u00a0zur Auswahl. Die meisten Locations in unserem Katalog sind Fincas, denn wir spezialisieren uns auf die <em>Hochzeitsplanung in traumhaften Herrenh\u00e4usern<\/em>, mallorquinischen Fincas und traumhaften Weing\u00fctern.<\/p>\n<p>&nbsp;<\/p>\n<h2>F\u00fcr den Tag der Tage muss alles perfekt sein, auch die Hochzeitslocation<\/h2>\n<p>Im Rahmen unserer Hochzeitsplanung finden wir nach euren Budgetvorgaben die passende Hochzeitslocation f\u00fcr eure <strong>Traumhochzeit auf Mallorca<\/strong>. Einige Beispiele f\u00fcr von uns favorisierter Locations speziell <em>auf die Bed\u00fcrfnisse von Hochzeiten ausgerichtet<\/em> findet ihr nachfolgend.<\/p>\n<p>&nbsp;<\/p>\n<p style=\"text-align: left;\">[\/vc_column_text][\/vc_column][\/vc_row][vc_row][vc_column][vc_basic_grid post_type=&#8220;post&#8220; max_items=&#8220;30&#8243; item=&#8220;basicGrid_ScaleInWithRotation&#8220; grid_id=&#8220;vc_gid:1569144862665-1ef82961-c5e8-3&#8243;][\/vc_column][\/vc_row][vc_row][vc_column][vc_column_text]<\/p>\n<h2>Professionelle Hochzeitsplanung inkl. Hochzeitslocation auf Mallorca<\/h2>\n<p>Die Trauung mit Blick auf&#8217;s Meer, der Sektempfang, die Fahrt zur Hochzeitslocation, ganz zu Schweigen von der Feier selbst \u2026 unsere <a href=\"https:\/\/fabeventslab.com\/de\/hochzeitsplaner-mallorca\/\">Hochzeitsplaner<\/a> organisieren alles von A bis Z.<\/p>\n<p>Wie kommen die G\u00e4ste nachher gut ins Hotel? Wir planen und koordinieren den <strong>Shuttleservice<\/strong>.<\/p>\n<p>Gleichzeitig muss die <strong>L\u00e4rmbelastung<\/strong> ber\u00fccksichtigt werden. Was n\u00fctzt die sch\u00f6nste Hochzeitslocation, wenn die ausgelassene Feier viel zu fr\u00fch beendet werden muss? Wir kennen uns aus, <em>profitiert von unserem Insider-Wissen<\/em>!<\/p>\n<p>Wir kennen die Hochzeitslocations auf Mallorca, die sich besonders gut f\u00fcrs <a href=\"http:\/\/fabeventslab.com\/de\/heiraten-auf-mallorca\/\">Heiraten auf Mallorca<\/a>\u00a0eignen und sorgen f\u00fcr problemlose Abwicklung der Vermietung.<\/p>\n<h3>Catering<\/h3>\n<p><a href=\"http:\/\/fabeventslab.com\/de\/heiraten-auf-mallorca\/catering-hochzeit-mallorca\/\">Catering<\/a> ist nicht immer im Hause, wir organisieren mit unseren Catering-Partnern euer Festmahl und die passenden Getr\u00e4nke. Ihr seid Ehreng\u00e4ste und k\u00f6nnt euch ganz auf eure Freunde sowie Familienangeh\u00f6rige konzentrieren.<\/p>\n<h3>DJ \/ Band \/ Entertainment \/ Dekoration<\/h3>\n<p>Zu unseren Netzwerkpartnern geh\u00f6ren auch eine <strong>Vielzahl hervorragender Musiker<\/strong>, Live Bands und Djs. Ebenso sorgen unsere <strong>Floristen und Dekorateure<\/strong> f\u00fcr Blumendekorationen und Dekorationselemente sowie Beleuchtung.<\/p>\n<p>Lasst euch beraten, welche Hochzeitslocation auf Mallorca f\u00fcr euch <strong>besonders geeignet<\/strong> sein kann und was wir euch <em>alternativ empfehlen<\/em> w\u00fcrden.<\/p>\n<p>&nbsp;<\/p>\n<h2>Noch nicht \u00fcberzeugt?<\/h2>\n<p>Seht euch mehr von unseren Hochzeiten und Hochzeitslocations auf Sozialen Medien an: <a href=\"https:\/\/www.facebook.com\/pg\/event.wedding.planners.mallorca\/reviews\/\" target=\"_blank\" rel=\"noopener noreferrer\">Facebook<\/a> &#8211; <a href=\"https:\/\/www.instagram.com\/fab_events_lab\/\" target=\"_blank\" rel=\"noopener noreferrer\">Instagram<\/a> &#8211; <a href=\"https:\/\/www.youtube.com\/channel\/UC-9PwyQerpHS3ULinxpawBA\" target=\"_blank\" rel=\"noopener noreferrer\">Youtube<\/a><\/p>\n<p>Oder werft einen Blick auf die <a href=\"https:\/\/fabeventslab.com\/de\/heiraten-auf-mallorca\/bewertungen-hochzeitsplaner-mallorca\/\">Rezensionen unserer bisherigen Paare<\/a>.<\/p>\n<p>[\/vc_column_text][\/vc_column][\/vc_row][vc_row][vc_column][vc_single_image image=&#8220;3933&#8243; img_size=&#8220;full&#8220;][\/vc_column][\/vc_row]<\/p>\n<\/div>","protected":false},"excerpt":{"rendered":"<p>[vc_row full_width=&#8220;stretch_row&#8220; full_height=&#8220;yes&#8220; css=&#8220;.vc_custom_1569144887940{background-image: url(https:\/\/fabeventslab.com\/wp-content\/uploads\/2019\/09\/Wedding-Venues-Mallorca.jpg?id=4488) !important;background-position: center !important;background-repeat: no-repeat !important;background-size: cover !important;}&#8220;][vc_column][\/vc_column][\/vc_row][vc_row][vc_column][vc_column_text] Hochzeitslocations auf Mallorca:\u00a0Nur die\u00a0besten Adressen f\u00fcr eure Traumhochzeit Seid ihr auf der Suche nach der passenden Hochzeitslocation auf [&hellip;]<\/p>\n","protected":false},"author":3,"featured_media":0,"parent":0,"menu_order":0,"comment_status":"closed","ping_status":"closed","template":"","meta":{"_monsterinsights_skip_tracking":false,"_monsterinsights_sitenote_active":false,"_monsterinsights_sitenote_note":"","_monsterinsights_sitenote_category":0,"footnotes":""},"class_list":["post-417","page","type-page","status-publish","hentry"],"yoast_head":"<!-- This site is optimized with the Yoast SEO plugin v27.5 - https:\/\/yoast.com\/product\/yoast-seo-wordpress\/ -->\n<title>Hochzeitslocations auf Mallorca (Spanien) | FAB events LAB<\/title>\n<meta name=\"description\" content=\"Im Rahmen der Hochzeitsplanung verf\u00fcgen wir \u00fcber viele zauberhafte Hochzeitslocations auf Mallorca (Spanien). Fragt unsere Hochzeitsplaner!\" \/>\n<meta name=\"robots\" content=\"index, follow, max-snippet:-1, max-image-preview:large, max-video-preview:-1\" \/>\n<link rel=\"canonical\" href=\"https:\/\/fabeventslab.com\/de\/hochzeitslocations-mallorca\/\" \/>\n<meta property=\"og:locale\" content=\"de_DE\" \/>\n<meta property=\"og:type\" content=\"article\" \/>\n<meta property=\"og:title\" content=\"Hochzeitslocations auf Mallorca (Spanien) | FAB events LAB\" \/>\n<meta property=\"og:description\" content=\"Im Rahmen der Hochzeitsplanung verf\u00fcgen wir \u00fcber viele zauberhafte Hochzeitslocations auf Mallorca (Spanien). Fragt unsere Hochzeitsplaner!\" \/>\n<meta property=\"og:url\" content=\"https:\/\/fabeventslab.com\/de\/hochzeitslocations-mallorca\/\" \/>\n<meta property=\"og:site_name\" content=\"FAB events LAB\" \/>\n<meta property=\"article:publisher\" content=\"https:\/\/www.facebook.com\/event.wedding.planners.mallorca\" \/>\n<meta property=\"article:modified_time\" content=\"2023-03-11T12:07:57+00:00\" \/>\n<meta property=\"og:image\" content=\"https:\/\/fabeventslab.com\/wp-content\/uploads\/2023\/02\/wedding-planner-mallorca-fabeventslab.jpg\" \/>\n\t<meta property=\"og:image:width\" content=\"2000\" \/>\n\t<meta property=\"og:image:height\" content=\"1330\" \/>\n\t<meta property=\"og:image:type\" content=\"image\/jpeg\" \/>\n<meta name=\"twitter:card\" content=\"summary_large_image\" \/>\n<meta name=\"twitter:site\" content=\"@FABweddingsLAB\" \/>\n<meta name=\"twitter:label1\" content=\"Gesch\u00e4tzte Lesezeit\" \/>\n\t<meta name=\"twitter:data1\" content=\"2\u00a0Minuten\" \/>\n<script type=\"application\/ld+json\" class=\"yoast-schema-graph\">{\"@context\":\"https:\\\/\\\/schema.org\",\"@graph\":[{\"@type\":\"WebPage\",\"@id\":\"https:\\\/\\\/fabeventslab.com\\\/de\\\/hochzeitslocations-mallorca\\\/\",\"url\":\"https:\\\/\\\/fabeventslab.com\\\/de\\\/hochzeitslocations-mallorca\\\/\",\"name\":\"Hochzeitslocations auf Mallorca (Spanien) | FAB events LAB\",\"isPartOf\":{\"@id\":\"https:\\\/\\\/fabeventslab.com\\\/#website\"},\"datePublished\":\"2014-10-20T17:43:11+00:00\",\"dateModified\":\"2023-03-11T12:07:57+00:00\",\"description\":\"Im Rahmen der Hochzeitsplanung verf\u00fcgen wir \u00fcber viele zauberhafte Hochzeitslocations auf Mallorca (Spanien). Fragt unsere Hochzeitsplaner!\",\"breadcrumb\":{\"@id\":\"https:\\\/\\\/fabeventslab.com\\\/de\\\/hochzeitslocations-mallorca\\\/#breadcrumb\"},\"inLanguage\":\"de\",\"potentialAction\":[{\"@type\":\"ReadAction\",\"target\":[\"https:\\\/\\\/fabeventslab.com\\\/de\\\/hochzeitslocations-mallorca\\\/\"]}]},{\"@type\":\"BreadcrumbList\",\"@id\":\"https:\\\/\\\/fabeventslab.com\\\/de\\\/hochzeitslocations-mallorca\\\/#breadcrumb\",\"itemListElement\":[{\"@type\":\"ListItem\",\"position\":1,\"name\":\"Home\",\"item\":\"https:\\\/\\\/fabeventslab.com\\\/de\\\/\"},{\"@type\":\"ListItem\",\"position\":2,\"name\":\"Hochzeitslocations auf Mallorca\"}]},{\"@type\":\"WebSite\",\"@id\":\"https:\\\/\\\/fabeventslab.com\\\/#website\",\"url\":\"https:\\\/\\\/fabeventslab.com\\\/\",\"name\":\"FAB events LAB\",\"description\":\"Wedding Planner Mallorca\",\"publisher\":{\"@id\":\"https:\\\/\\\/fabeventslab.com\\\/#organization\"},\"potentialAction\":[{\"@type\":\"SearchAction\",\"target\":{\"@type\":\"EntryPoint\",\"urlTemplate\":\"https:\\\/\\\/fabeventslab.com\\\/?s={search_term_string}\"},\"query-input\":{\"@type\":\"PropertyValueSpecification\",\"valueRequired\":true,\"valueName\":\"search_term_string\"}}],\"inLanguage\":\"de\"},{\"@type\":\"Organization\",\"@id\":\"https:\\\/\\\/fabeventslab.com\\\/#organization\",\"name\":\"FAB events LAB Wedding Planner Mallorca\",\"alternateName\":\"FAB events LAB\",\"url\":\"https:\\\/\\\/fabeventslab.com\\\/\",\"logo\":{\"@type\":\"ImageObject\",\"inLanguage\":\"de\",\"@id\":\"https:\\\/\\\/fabeventslab.com\\\/#\\\/schema\\\/logo\\\/image\\\/\",\"url\":\"https:\\\/\\\/fabeventslab.com\\\/wp-content\\\/uploads\\\/2017\\\/05\\\/FAB-events-LAB-Wedding-Planner-Mallorca-3-Kopie.png\",\"contentUrl\":\"https:\\\/\\\/fabeventslab.com\\\/wp-content\\\/uploads\\\/2017\\\/05\\\/FAB-events-LAB-Wedding-Planner-Mallorca-3-Kopie.png\",\"width\":\"224\",\"height\":\"220\",\"caption\":\"FAB events LAB Wedding Planner Mallorca\"},\"image\":{\"@id\":\"https:\\\/\\\/fabeventslab.com\\\/#\\\/schema\\\/logo\\\/image\\\/\"},\"sameAs\":[\"https:\\\/\\\/www.facebook.com\\\/event.wedding.planners.mallorca\",\"https:\\\/\\\/x.com\\\/FABweddingsLAB\",\"https:\\\/\\\/www.instagram.com\\\/fab_events_lab\\\/\",\"https:\\\/\\\/www.linkedin.com\\\/company\\\/fab-events-lab\",\"https:\\\/\\\/es.pinterest.com\\\/mallorcaevents\\\/\",\"https:\\\/\\\/www.youtube.com\\\/channel\\\/UC-9PwyQerpHS3ULinxpawBA\"]}]}<\/script>\n<!-- \/ Yoast SEO plugin. -->","yoast_head_json":{"title":"Hochzeitslocations auf Mallorca (Spanien) | FAB events LAB","description":"Im Rahmen der Hochzeitsplanung verf\u00fcgen wir \u00fcber viele zauberhafte Hochzeitslocations auf Mallorca (Spanien). Fragt unsere Hochzeitsplaner!","robots":{"index":"index","follow":"follow","max-snippet":"max-snippet:-1","max-image-preview":"max-image-preview:large","max-video-preview":"max-video-preview:-1"},"canonical":"https:\/\/fabeventslab.com\/de\/hochzeitslocations-mallorca\/","og_locale":"de_DE","og_type":"article","og_title":"Hochzeitslocations auf Mallorca (Spanien) | FAB events LAB","og_description":"Im Rahmen der Hochzeitsplanung verf\u00fcgen wir \u00fcber viele zauberhafte Hochzeitslocations auf Mallorca (Spanien). Fragt unsere Hochzeitsplaner!","og_url":"https:\/\/fabeventslab.com\/de\/hochzeitslocations-mallorca\/","og_site_name":"FAB events LAB","article_publisher":"https:\/\/www.facebook.com\/event.wedding.planners.mallorca","article_modified_time":"2023-03-11T12:07:57+00:00","og_image":[{"width":2000,"height":1330,"url":"https:\/\/fabeventslab.com\/wp-content\/uploads\/2023\/02\/wedding-planner-mallorca-fabeventslab.jpg","type":"image\/jpeg"}],"twitter_card":"summary_large_image","twitter_site":"@FABweddingsLAB","twitter_misc":{"Gesch\u00e4tzte Lesezeit":"2\u00a0Minuten"},"schema":{"@context":"https:\/\/schema.org","@graph":[{"@type":"WebPage","@id":"https:\/\/fabeventslab.com\/de\/hochzeitslocations-mallorca\/","url":"https:\/\/fabeventslab.com\/de\/hochzeitslocations-mallorca\/","name":"Hochzeitslocations auf Mallorca (Spanien) | FAB events LAB","isPartOf":{"@id":"https:\/\/fabeventslab.com\/#website"},"datePublished":"2014-10-20T17:43:11+00:00","dateModified":"2023-03-11T12:07:57+00:00","description":"Im Rahmen der Hochzeitsplanung verf\u00fcgen wir \u00fcber viele zauberhafte Hochzeitslocations auf Mallorca (Spanien). Fragt unsere Hochzeitsplaner!","breadcrumb":{"@id":"https:\/\/fabeventslab.com\/de\/hochzeitslocations-mallorca\/#breadcrumb"},"inLanguage":"de","potentialAction":[{"@type":"ReadAction","target":["https:\/\/fabeventslab.com\/de\/hochzeitslocations-mallorca\/"]}]},{"@type":"BreadcrumbList","@id":"https:\/\/fabeventslab.com\/de\/hochzeitslocations-mallorca\/#breadcrumb","itemListElement":[{"@type":"ListItem","position":1,"name":"Home","item":"https:\/\/fabeventslab.com\/de\/"},{"@type":"ListItem","position":2,"name":"Hochzeitslocations auf Mallorca"}]},{"@type":"WebSite","@id":"https:\/\/fabeventslab.com\/#website","url":"https:\/\/fabeventslab.com\/","name":"FAB events LAB","description":"Wedding Planner Mallorca","publisher":{"@id":"https:\/\/fabeventslab.com\/#organization"},"potentialAction":[{"@type":"SearchAction","target":{"@type":"EntryPoint","urlTemplate":"https:\/\/fabeventslab.com\/?s={search_term_string}"},"query-input":{"@type":"PropertyValueSpecification","valueRequired":true,"valueName":"search_term_string"}}],"inLanguage":"de"},{"@type":"Organization","@id":"https:\/\/fabeventslab.com\/#organization","name":"FAB events LAB Wedding Planner Mallorca","alternateName":"FAB events LAB","url":"https:\/\/fabeventslab.com\/","logo":{"@type":"ImageObject","inLanguage":"de","@id":"https:\/\/fabeventslab.com\/#\/schema\/logo\/image\/","url":"https:\/\/fabeventslab.com\/wp-content\/uploads\/2017\/05\/FAB-events-LAB-Wedding-Planner-Mallorca-3-Kopie.png","contentUrl":"https:\/\/fabeventslab.com\/wp-content\/uploads\/2017\/05\/FAB-events-LAB-Wedding-Planner-Mallorca-3-Kopie.png","width":"224","height":"220","caption":"FAB events LAB Wedding Planner Mallorca"},"image":{"@id":"https:\/\/fabeventslab.com\/#\/schema\/logo\/image\/"},"sameAs":["https:\/\/www.facebook.com\/event.wedding.planners.mallorca","https:\/\/x.com\/FABweddingsLAB","https:\/\/www.instagram.com\/fab_events_lab\/","https:\/\/www.linkedin.com\/company\/fab-events-lab","https:\/\/es.pinterest.com\/mallorcaevents\/","https:\/\/www.youtube.com\/channel\/UC-9PwyQerpHS3ULinxpawBA"]}]}},"_links":{"self":[{"href":"https:\/\/fabeventslab.com\/de\/wp-json\/wp\/v2\/pages\/417","targetHints":{"allow":["GET"]}}],"collection":[{"href":"https:\/\/fabeventslab.com\/de\/wp-json\/wp\/v2\/pages"}],"about":[{"href":"https:\/\/fabeventslab.com\/de\/wp-json\/wp\/v2\/types\/page"}],"author":[{"embeddable":true,"href":"https:\/\/fabeventslab.com\/de\/wp-json\/wp\/v2\/users\/3"}],"replies":[{"embeddable":true,"href":"https:\/\/fabeventslab.com\/de\/wp-json\/wp\/v2\/comments?post=417"}],"version-history":[{"count":7,"href":"https:\/\/fabeventslab.com\/de\/wp-json\/wp\/v2\/pages\/417\/revisions"}],"predecessor-version":[{"id":4142,"href":"https:\/\/fabeventslab.com\/de\/wp-json\/wp\/v2\/pages\/417\/revisions\/4142"}],"wp:attachment":[{"href":"https:\/\/fabeventslab.com\/de\/wp-json\/wp\/v2\/media?parent=417"}],"curies":[{"name":"wp","href":"https:\/\/api.w.org\/{rel}","templated":true}]}}