{"id":4664,"date":"2023-01-14T18:03:20","date_gmt":"2023-01-14T16:03:20","guid":{"rendered":"https:\/\/fabeventslab.com\/heiraten-auf-mallorca\/bewertungen-unserer-hochzeitsplaner-auf-mallorca\/"},"modified":"2023-01-21T12:00:51","modified_gmt":"2023-01-21T10:00:51","slug":"bewertungen-hochzeitsplaner-mallorca","status":"publish","type":"page","link":"https:\/\/fabeventslab.com\/de\/heiraten-auf-mallorca\/bewertungen-hochzeitsplaner-mallorca\/","title":{"rendered":"Bewertungen unserer Hochzeitsplaner auf Mallorca"},"content":{"rendered":"<div class=\"wpb-content-wrapper\"><p>[vc_row full_width=&#8220;stretch_row&#8220; full_height=&#8220;yes&#8220; css=&#8220;.vc_custom_1495220905944{background-image: url(https:\/\/fabeventslab.com\/wp-content\/uploads\/2023\/01\/Mallorca-Wedding-Planner.jpg?id=3648) !important;background-position: center !important;background-repeat: no-repeat !important;background-size: cover !important;}&#8220;][vc_column][\/vc_column][\/vc_row][vc_row][vc_column][vc_column_text]<\/p>\n<h2>Seid ihr auf der Suche nach Erfahrungsberichten von Hochzeitsplanern auf Mallorca?<\/h2>\n<p>Wir hatten das gro\u00dfe Vergn\u00fcgen, f\u00fcr einige der wunderbarsten Paare aus der ganzen Welt eine Hochzeit planen zu d\u00fcrfen!<\/p>\n<p>Im Folgenden findet ihr einige <em>Bewertungen bzw. Erfahrungen unserer Kunden<\/em> \u00fcber unsere Dienstleistungen als <a href=\"https:\/\/fabeventslab.com\/de\/heiraten-auf-mallorca\/\">Hochzeitsplaner auf Mallorca<\/a>.<\/p>\n<p><strong>Weitere Erfahrungsberichte<\/strong> finden Sie auf unserer <a href=\"https:\/\/www.google.com\/search?q=fab+events+lab&amp;rlz=1C1JZAP_esES715ES715&amp;oq=fab+events+lab&amp;aqs=chrome.0.69i59l2j0i512j0i22i30l2j69i60l3.4255j0j7&amp;sourceid=chrome&amp;ie=UTF-8#lrd=0x12979823b9d5f4e5:0x7594d3c80a448f1c,1,,,,\">Google-Seite<\/a> oder auf <a href=\"https:\/\/www.facebook.com\/event.wedding.planners.mallorca\/reviews\">Facebook<\/a>.<\/p>\n<p>&nbsp;<\/p>\n<h2><a href=\"https:\/\/fabeventslab.com\/wp-content\/uploads\/2023\/01\/cm-wedding-planner-mallorca-review-1024x683.jpg\"><img decoding=\"async\" class=\" wp-image-4640 alignleft\" src=\"https:\/\/fabeventslab.com\/wp-content\/uploads\/2023\/01\/cm-wedding-planner-mallorca-review-1024x683.jpg\" alt=\"C&amp;M Wedding Planner Mallorca Review\" width=\"704\" height=\"469\" srcset=\"https:\/\/fabeventslab.com\/wp-content\/uploads\/2023\/01\/cm-wedding-planner-mallorca-review-1024x683.jpg 1024w, https:\/\/fabeventslab.com\/wp-content\/uploads\/2023\/01\/cm-wedding-planner-mallorca-review-300x200.jpg 300w, https:\/\/fabeventslab.com\/wp-content\/uploads\/2023\/01\/cm-wedding-planner-mallorca-review-768x512.jpg 768w, https:\/\/fabeventslab.com\/wp-content\/uploads\/2023\/01\/cm-wedding-planner-mallorca-review-1536x1024.jpg 1536w, https:\/\/fabeventslab.com\/wp-content\/uploads\/2023\/01\/cm-wedding-planner-mallorca-review-1144x763.jpg 1144w, https:\/\/fabeventslab.com\/wp-content\/uploads\/2023\/01\/cm-wedding-planner-mallorca-review.jpg 1600w\" sizes=\"(max-width: 704px) 100vw, 704px\" \/><\/a>Die Planung und Organisation der Hochzeit im Vorfeld des gro\u00dfen Tages war einfach und stressfrei<\/h2>\n<p>&#8222;Wir haben die Zusammenarbeit mit Fab bei der Organisation unserer Hochzeit sehr genossen. Als wir das erste Mal mit ihm sprachen, gab er uns eine sehr klare Beschreibung seiner Rolle und wir wussten, dass sein Ansatz genau das war, was wir brauchten.<\/p>\n<p>Die Planung und Organisation der Hochzeit im Vorfeld des gro\u00dfen Tages war einfach und stressfrei. Ich habe es sehr genossen, mit Fab an den Details zu arbeiten, er hat sich an das Budget gehalten und uns tolle Empfehlungen und Alternativen gegeben. Der Tag selbst verlief reibungslos, Fab und Dan sind so unglaublich ruhig und nehmen alles gelassen &#8211; es macht wirklich Spa\u00df, mit beiden zu arbeiten, und sie sind sehr vertrauensw\u00fcrdig. Ich w\u00fcrde jedem, der auf Mallorca heiraten m\u00f6chte, w\u00e4rmstens empfehlen, mit Fab zu arbeiten.&#8220;<\/p>\n<p>C\u2661M<\/p>\n<p>&nbsp;<\/p>\n<p>&nbsp;<\/p>\n<p>&nbsp;<\/p>\n<p>&nbsp;<\/p>\n<h2><a href=\"https:\/\/fabeventslab.com\/wp-content\/uploads\/2023\/01\/cg-wedding-planner-mallorca-review-1024x683.jpg\"><img decoding=\"async\" class=\"wp-image-4643 alignright\" src=\"https:\/\/fabeventslab.com\/wp-content\/uploads\/2023\/01\/cg-wedding-planner-mallorca-review-1024x683.jpg\" alt=\"C&amp;G Wedding Planner Mallorca Review\" width=\"698\" height=\"466\" srcset=\"https:\/\/fabeventslab.com\/wp-content\/uploads\/2023\/01\/cg-wedding-planner-mallorca-review-1024x683.jpg 1024w, https:\/\/fabeventslab.com\/wp-content\/uploads\/2023\/01\/cg-wedding-planner-mallorca-review-300x200.jpg 300w, https:\/\/fabeventslab.com\/wp-content\/uploads\/2023\/01\/cg-wedding-planner-mallorca-review-768x512.jpg 768w, https:\/\/fabeventslab.com\/wp-content\/uploads\/2023\/01\/cg-wedding-planner-mallorca-review-1536x1024.jpg 1536w, https:\/\/fabeventslab.com\/wp-content\/uploads\/2023\/01\/cg-wedding-planner-mallorca-review-1144x763.jpg 1144w, https:\/\/fabeventslab.com\/wp-content\/uploads\/2023\/01\/cg-wedding-planner-mallorca-review.jpg 1773w\" sizes=\"(max-width: 698px) 100vw, 698px\" \/><\/a>Ich h\u00e4tte mit dem Ergebnis nicht zufriedener sein k\u00f6nnen<\/h2>\n<p>&#8222;Fab ist ein EXPERT und hat irgendwie die sch\u00f6nste Traumhochzeit f\u00fcr die w\u00e4hlerischste Braut der Welt auf die Beine gestellt. Er war in der Lage, einen schwierigen Veranstaltungsort zu sichern, die besten Anbieter zu finden und alle Umst\u00e4nde durch Corona und zwei Terminverschiebungen zu meistern. Alles, was ich wollte, und ich meine wirklich alles, egal wie speziell es war (z. B. Kaviar-Macarons), hat er m\u00f6glich gemacht. Er konnte sich schnell in meine Vorstellungen hineinversetzen und hatte immer eine Meinung dazu, was Sinn machen w\u00fcrde und was nicht, so dass alles in einem koh\u00e4renten Zusammenhang stehen konnte. Ich h\u00e4tte mit dem Ergebnis nicht zufriedener sein k\u00f6nnen.&#8220;<\/p>\n<p>C\u2661G<\/p>\n<p>&nbsp;<\/p>\n<p>&nbsp;<\/p>\n<p>&nbsp;<\/p>\n<p>&nbsp;<\/p>\n<p>&nbsp;<\/p>\n<h2><a href=\"https:\/\/fabeventslab.com\/wp-content\/uploads\/2023\/01\/sj-wedding-planner-mallorca-review-1024x684.jpg\"><img decoding=\"async\" class=\" wp-image-4646 alignleft\" src=\"https:\/\/fabeventslab.com\/wp-content\/uploads\/2023\/01\/sj-wedding-planner-mallorca-review-1024x684.jpg\" alt=\"S&amp;J Wedding Planner Mallorca Review\" width=\"707\" height=\"472\" srcset=\"https:\/\/fabeventslab.com\/wp-content\/uploads\/2023\/01\/sj-wedding-planner-mallorca-review-1024x684.jpg 1024w, https:\/\/fabeventslab.com\/wp-content\/uploads\/2023\/01\/sj-wedding-planner-mallorca-review-300x200.jpg 300w, https:\/\/fabeventslab.com\/wp-content\/uploads\/2023\/01\/sj-wedding-planner-mallorca-review-768x513.jpg 768w, https:\/\/fabeventslab.com\/wp-content\/uploads\/2023\/01\/sj-wedding-planner-mallorca-review-1144x764.jpg 1144w, https:\/\/fabeventslab.com\/wp-content\/uploads\/2023\/01\/sj-wedding-planner-mallorca-review.jpg 1200w\" sizes=\"(max-width: 707px) 100vw, 707px\" \/><\/a>Er hat Beziehungen zu den besten Hochzeitslocations auf Mallorca sowie eine gro\u00dfe Auswahl an Lieferanten<\/h2>\n<p>&#8222;Unsere k\u00fcrzliche Hochzeit auf Mallorca war der fantastischste Moment unseres Lebens!&#8230; aber wir h\u00e4tten es nicht geschafft ohne den unglaublichen Service, die Details und die Inspiration von Fab. Von Anfang bis Ende war alles so einfach und an jedes kleine Detail wurde gedacht. Fab ging auf unsere W\u00fcnsche und Anforderungen ein und schuf die zauberhafteste Kulisse f\u00fcr unseren besonderen Tag. Fab war immer sehr reaktionsschnell und professionell, seine Hingabe und Leidenschaft ist wirklich sp\u00fcrbar. Wir k\u00f6nnen ihn wirklich nur empfehlen, wenn du ihn als Planer engagieren m\u00f6chtest. Er hat Beziehungen zu den besten Hochzeitslocations auf Mallorca sowie eine gro\u00dfe Auswahl an Lieferanten und nimmt uns die ganze harte Arbeit ab.&#8220;<\/p>\n<p>S\u2661J<\/p>\n<p>&nbsp;<\/p>\n<p>&nbsp;<\/p>\n<p>&nbsp;<\/p>\n<p>&nbsp;<\/p>\n<h2><a href=\"https:\/\/fabeventslab.com\/wp-content\/uploads\/2023\/01\/cj-mallorca-wedding-planner-review.jpg\"><img decoding=\"async\" class=\" wp-image-4651 alignright\" src=\"https:\/\/fabeventslab.com\/wp-content\/uploads\/2023\/01\/cj-mallorca-wedding-planner-review.jpg\" alt=\"C&amp;J Wedding Planner Mallorca Review\" width=\"709\" height=\"496\" srcset=\"https:\/\/fabeventslab.com\/wp-content\/uploads\/2023\/01\/cj-mallorca-wedding-planner-review.jpg 1025w, https:\/\/fabeventslab.com\/wp-content\/uploads\/2023\/01\/cj-mallorca-wedding-planner-review-300x210.jpg 300w, https:\/\/fabeventslab.com\/wp-content\/uploads\/2023\/01\/cj-mallorca-wedding-planner-review-768x537.jpg 768w\" sizes=\"(max-width: 709px) 100vw, 709px\" \/><\/a>Wir sind ihm sehr dankbar, dass er es so gemacht hat, wie wir es uns ertr\u00e4umt hatten<\/h2>\n<p>&#8222;Fab und sein Team haben den sch\u00f6nsten Tag f\u00fcr meinen Mann und mich gestaltet, wir h\u00e4tten uns nicht mehr w\u00fcnschen k\u00f6nnen. Von Anfang bis Ende war er ansprechbar, freundlich, extrem gut organisiert und hat uns die Planung so angenehm gemacht. Aufgrund der Pandemie musste Fab die Hochzeit mehrmals umorganisieren und wir sind ihm sehr dankbar, dass er sie so gestaltet hat, wie wir es uns ertr\u00e4umt hatten. Vielen Dank, Fab und Dan!&#8220;<\/p>\n<p>C\u2661J<\/p>\n<p>&nbsp;<\/p>\n<p>&nbsp;<\/p>\n<p>&nbsp;<\/p>\n<p>&nbsp;<\/p>\n<p>&nbsp;<\/p>\n<p>&nbsp;<\/p>\n<p>&nbsp;<\/p>\n<h2><a href=\"https:\/\/fabeventslab.com\/wp-content\/uploads\/2023\/01\/lr-wedding-planner-mallorca-review.jpg\"><img decoding=\"async\" class=\" wp-image-4654 alignleft\" src=\"https:\/\/fabeventslab.com\/wp-content\/uploads\/2023\/01\/lr-wedding-planner-mallorca-review.jpg\" alt=\"L&amp;R Wedding Planner Mallorca Reviews\" width=\"699\" height=\"466\" srcset=\"https:\/\/fabeventslab.com\/wp-content\/uploads\/2023\/01\/lr-wedding-planner-mallorca-review.jpg 1024w, https:\/\/fabeventslab.com\/wp-content\/uploads\/2023\/01\/lr-wedding-planner-mallorca-review-300x200.jpg 300w, https:\/\/fabeventslab.com\/wp-content\/uploads\/2023\/01\/lr-wedding-planner-mallorca-review-768x512.jpg 768w\" sizes=\"(max-width: 699px) 100vw, 699px\" \/><\/a><\/h2>\n<h2>Wir hatten wirklich den besten Tag unseres Lebens<\/h2>\n<p>&#8222;Ich kann Fab und sein Team, insbesondere Dan, nicht genug empfehlen. Von Anfang bis Ende war der gesamte Prozess reibungslos, professionell und angenehm. Sie waren ein absolutes Vergn\u00fcgen und wir sind so froh, dass wir sie f\u00fcr unseren gro\u00dfen Tag ausgew\u00e4hlt und ihnen vertraut haben. Wir hatten wirklich den sch\u00f6nsten Tag in unserem Leben &#8211; und Fab hat die perfekte Atmosph\u00e4re und den perfekten Rahmen daf\u00fcr geschaffen. Wir k\u00f6nnen euch nicht genug danken! Wir k\u00f6nnen es kaum erwarten, alle Fotos zu sehen und zu teilen. Ganz liebe Gr\u00fc\u00dfe.<\/p>\n<p>Mr &amp; Mrs G!! Xx&#8220;<\/p>\n<\/div>","protected":false},"excerpt":{"rendered":"<p>[vc_row full_width=&#8220;stretch_row&#8220; full_height=&#8220;yes&#8220; css=&#8220;.vc_custom_1495220905944{background-image: url(https:\/\/fabeventslab.com\/wp-content\/uploads\/2023\/01\/Mallorca-Wedding-Planner.jpg?id=3648) !important;background-position: center !important;background-repeat: no-repeat !important;background-size: cover !important;}&#8220;][vc_column][\/vc_column][\/vc_row][vc_row][vc_column][vc_column_text] Seid ihr auf der Suche nach Erfahrungsberichten von Hochzeitsplanern auf Mallorca? Wir hatten das gro\u00dfe Vergn\u00fcgen, f\u00fcr einige [&hellip;]<\/p>\n","protected":false},"author":3,"featured_media":0,"parent":352,"menu_order":0,"comment_status":"closed","ping_status":"closed","template":"","meta":{"_monsterinsights_skip_tracking":false,"_monsterinsights_sitenote_active":false,"_monsterinsights_sitenote_note":"","_monsterinsights_sitenote_category":0,"footnotes":""},"class_list":["post-4664","page","type-page","status-publish","hentry"],"yoast_head":"<!-- This site is optimized with the Yoast SEO plugin v27.6 - https:\/\/yoast.com\/product\/yoast-seo-wordpress\/ -->\n<title>Hochzeitsplaner Mallorca: Erfahrungen &amp; Bewertungen<\/title>\n<meta name=\"description\" content=\"Sucht ihr Rezensionen bzw. Erfahrungen f\u00fcr Hochzeitsplaner auf Mallorca? Hier findet ihr einige Bewertungen von unseren Paaren.\" \/>\n<meta name=\"robots\" content=\"index, follow, max-snippet:-1, max-image-preview:large, max-video-preview:-1\" \/>\n<link rel=\"canonical\" href=\"https:\/\/fabeventslab.com\/de\/heiraten-auf-mallorca\/bewertungen-hochzeitsplaner-mallorca\/\" \/>\n<meta property=\"og:locale\" content=\"de_DE\" \/>\n<meta property=\"og:type\" content=\"article\" \/>\n<meta property=\"og:title\" content=\"Hochzeitsplaner Mallorca: Erfahrungen &amp; Bewertungen\" \/>\n<meta property=\"og:description\" content=\"Sucht ihr Rezensionen bzw. Erfahrungen f\u00fcr Hochzeitsplaner auf Mallorca? Hier findet ihr einige Bewertungen von unseren Paaren.\" \/>\n<meta property=\"og:url\" content=\"https:\/\/fabeventslab.com\/de\/heiraten-auf-mallorca\/bewertungen-hochzeitsplaner-mallorca\/\" \/>\n<meta property=\"og:site_name\" content=\"FAB events LAB\" \/>\n<meta property=\"article:publisher\" content=\"https:\/\/www.facebook.com\/event.wedding.planners.mallorca\" \/>\n<meta property=\"article:modified_time\" content=\"2023-01-21T10:00:51+00:00\" \/>\n<meta property=\"og:image\" content=\"https:\/\/fabeventslab.com\/wp-content\/uploads\/2023\/01\/cm-wedding-planner-mallorca-review-1024x683.jpg\" \/>\n<meta name=\"twitter:card\" content=\"summary_large_image\" \/>\n<meta name=\"twitter:site\" content=\"@FABweddingsLAB\" \/>\n<meta name=\"twitter:label1\" content=\"Gesch\u00e4tzte Lesezeit\" \/>\n\t<meta name=\"twitter:data1\" content=\"4\u00a0Minuten\" \/>\n<script type=\"application\/ld+json\" class=\"yoast-schema-graph\">{\"@context\":\"https:\\\/\\\/schema.org\",\"@graph\":[{\"@type\":\"WebPage\",\"@id\":\"https:\\\/\\\/fabeventslab.com\\\/de\\\/heiraten-auf-mallorca\\\/bewertungen-hochzeitsplaner-mallorca\\\/\",\"url\":\"https:\\\/\\\/fabeventslab.com\\\/de\\\/heiraten-auf-mallorca\\\/bewertungen-hochzeitsplaner-mallorca\\\/\",\"name\":\"Hochzeitsplaner Mallorca: Erfahrungen & Bewertungen\",\"isPartOf\":{\"@id\":\"https:\\\/\\\/fabeventslab.com\\\/#website\"},\"primaryImageOfPage\":{\"@id\":\"https:\\\/\\\/fabeventslab.com\\\/de\\\/heiraten-auf-mallorca\\\/bewertungen-hochzeitsplaner-mallorca\\\/#primaryimage\"},\"image\":{\"@id\":\"https:\\\/\\\/fabeventslab.com\\\/de\\\/heiraten-auf-mallorca\\\/bewertungen-hochzeitsplaner-mallorca\\\/#primaryimage\"},\"thumbnailUrl\":\"https:\\\/\\\/fabeventslab.com\\\/wp-content\\\/uploads\\\/2023\\\/01\\\/cm-wedding-planner-mallorca-review-1024x683.jpg\",\"datePublished\":\"2023-01-14T16:03:20+00:00\",\"dateModified\":\"2023-01-21T10:00:51+00:00\",\"description\":\"Sucht ihr Rezensionen bzw. Erfahrungen f\u00fcr Hochzeitsplaner auf Mallorca? Hier findet ihr einige Bewertungen von unseren Paaren.\",\"breadcrumb\":{\"@id\":\"https:\\\/\\\/fabeventslab.com\\\/de\\\/heiraten-auf-mallorca\\\/bewertungen-hochzeitsplaner-mallorca\\\/#breadcrumb\"},\"inLanguage\":\"de\",\"potentialAction\":[{\"@type\":\"ReadAction\",\"target\":[\"https:\\\/\\\/fabeventslab.com\\\/de\\\/heiraten-auf-mallorca\\\/bewertungen-hochzeitsplaner-mallorca\\\/\"]}]},{\"@type\":\"ImageObject\",\"inLanguage\":\"de\",\"@id\":\"https:\\\/\\\/fabeventslab.com\\\/de\\\/heiraten-auf-mallorca\\\/bewertungen-hochzeitsplaner-mallorca\\\/#primaryimage\",\"url\":\"https:\\\/\\\/fabeventslab.com\\\/wp-content\\\/uploads\\\/2023\\\/01\\\/cm-wedding-planner-mallorca-review-1024x683.jpg\",\"contentUrl\":\"https:\\\/\\\/fabeventslab.com\\\/wp-content\\\/uploads\\\/2023\\\/01\\\/cm-wedding-planner-mallorca-review-1024x683.jpg\"},{\"@type\":\"BreadcrumbList\",\"@id\":\"https:\\\/\\\/fabeventslab.com\\\/de\\\/heiraten-auf-mallorca\\\/bewertungen-hochzeitsplaner-mallorca\\\/#breadcrumb\",\"itemListElement\":[{\"@type\":\"ListItem\",\"position\":1,\"name\":\"Home\",\"item\":\"https:\\\/\\\/fabeventslab.com\\\/de\\\/\"},{\"@type\":\"ListItem\",\"position\":2,\"name\":\"Heiraten auf Mallorca &#8211; einzigartig und unvergesslich\",\"item\":\"https:\\\/\\\/fabeventslab.com\\\/de\\\/heiraten-auf-mallorca\\\/\"},{\"@type\":\"ListItem\",\"position\":3,\"name\":\"Bewertungen unserer Hochzeitsplaner auf Mallorca\"}]},{\"@type\":\"WebSite\",\"@id\":\"https:\\\/\\\/fabeventslab.com\\\/#website\",\"url\":\"https:\\\/\\\/fabeventslab.com\\\/\",\"name\":\"FAB events LAB\",\"description\":\"Wedding Planner Mallorca\",\"publisher\":{\"@id\":\"https:\\\/\\\/fabeventslab.com\\\/#organization\"},\"potentialAction\":[{\"@type\":\"SearchAction\",\"target\":{\"@type\":\"EntryPoint\",\"urlTemplate\":\"https:\\\/\\\/fabeventslab.com\\\/?s={search_term_string}\"},\"query-input\":{\"@type\":\"PropertyValueSpecification\",\"valueRequired\":true,\"valueName\":\"search_term_string\"}}],\"inLanguage\":\"de\"},{\"@type\":\"Organization\",\"@id\":\"https:\\\/\\\/fabeventslab.com\\\/#organization\",\"name\":\"FAB events LAB Wedding Planner Mallorca\",\"alternateName\":\"FAB events LAB\",\"url\":\"https:\\\/\\\/fabeventslab.com\\\/\",\"logo\":{\"@type\":\"ImageObject\",\"inLanguage\":\"de\",\"@id\":\"https:\\\/\\\/fabeventslab.com\\\/#\\\/schema\\\/logo\\\/image\\\/\",\"url\":\"https:\\\/\\\/fabeventslab.com\\\/wp-content\\\/uploads\\\/2017\\\/05\\\/FAB-events-LAB-Wedding-Planner-Mallorca-3-Kopie.png\",\"contentUrl\":\"https:\\\/\\\/fabeventslab.com\\\/wp-content\\\/uploads\\\/2017\\\/05\\\/FAB-events-LAB-Wedding-Planner-Mallorca-3-Kopie.png\",\"width\":\"224\",\"height\":\"220\",\"caption\":\"FAB events LAB Wedding Planner Mallorca\"},\"image\":{\"@id\":\"https:\\\/\\\/fabeventslab.com\\\/#\\\/schema\\\/logo\\\/image\\\/\"},\"sameAs\":[\"https:\\\/\\\/www.facebook.com\\\/event.wedding.planners.mallorca\",\"https:\\\/\\\/x.com\\\/FABweddingsLAB\",\"https:\\\/\\\/www.instagram.com\\\/fab_events_lab\\\/\",\"https:\\\/\\\/www.linkedin.com\\\/company\\\/fab-events-lab\",\"https:\\\/\\\/es.pinterest.com\\\/mallorcaevents\\\/\",\"https:\\\/\\\/www.youtube.com\\\/channel\\\/UC-9PwyQerpHS3ULinxpawBA\"]}]}<\/script>\n<!-- \/ Yoast SEO plugin. -->","yoast_head_json":{"title":"Hochzeitsplaner Mallorca: Erfahrungen & Bewertungen","description":"Sucht ihr Rezensionen bzw. Erfahrungen f\u00fcr Hochzeitsplaner auf Mallorca? Hier findet ihr einige Bewertungen von unseren Paaren.","robots":{"index":"index","follow":"follow","max-snippet":"max-snippet:-1","max-image-preview":"max-image-preview:large","max-video-preview":"max-video-preview:-1"},"canonical":"https:\/\/fabeventslab.com\/de\/heiraten-auf-mallorca\/bewertungen-hochzeitsplaner-mallorca\/","og_locale":"de_DE","og_type":"article","og_title":"Hochzeitsplaner Mallorca: Erfahrungen & Bewertungen","og_description":"Sucht ihr Rezensionen bzw. Erfahrungen f\u00fcr Hochzeitsplaner auf Mallorca? Hier findet ihr einige Bewertungen von unseren Paaren.","og_url":"https:\/\/fabeventslab.com\/de\/heiraten-auf-mallorca\/bewertungen-hochzeitsplaner-mallorca\/","og_site_name":"FAB events LAB","article_publisher":"https:\/\/www.facebook.com\/event.wedding.planners.mallorca","article_modified_time":"2023-01-21T10:00:51+00:00","og_image":[{"url":"https:\/\/fabeventslab.com\/wp-content\/uploads\/2023\/01\/cm-wedding-planner-mallorca-review-1024x683.jpg","type":"","width":"","height":""}],"twitter_card":"summary_large_image","twitter_site":"@FABweddingsLAB","twitter_misc":{"Gesch\u00e4tzte Lesezeit":"4\u00a0Minuten"},"schema":{"@context":"https:\/\/schema.org","@graph":[{"@type":"WebPage","@id":"https:\/\/fabeventslab.com\/de\/heiraten-auf-mallorca\/bewertungen-hochzeitsplaner-mallorca\/","url":"https:\/\/fabeventslab.com\/de\/heiraten-auf-mallorca\/bewertungen-hochzeitsplaner-mallorca\/","name":"Hochzeitsplaner Mallorca: Erfahrungen & Bewertungen","isPartOf":{"@id":"https:\/\/fabeventslab.com\/#website"},"primaryImageOfPage":{"@id":"https:\/\/fabeventslab.com\/de\/heiraten-auf-mallorca\/bewertungen-hochzeitsplaner-mallorca\/#primaryimage"},"image":{"@id":"https:\/\/fabeventslab.com\/de\/heiraten-auf-mallorca\/bewertungen-hochzeitsplaner-mallorca\/#primaryimage"},"thumbnailUrl":"https:\/\/fabeventslab.com\/wp-content\/uploads\/2023\/01\/cm-wedding-planner-mallorca-review-1024x683.jpg","datePublished":"2023-01-14T16:03:20+00:00","dateModified":"2023-01-21T10:00:51+00:00","description":"Sucht ihr Rezensionen bzw. Erfahrungen f\u00fcr Hochzeitsplaner auf Mallorca? Hier findet ihr einige Bewertungen von unseren Paaren.","breadcrumb":{"@id":"https:\/\/fabeventslab.com\/de\/heiraten-auf-mallorca\/bewertungen-hochzeitsplaner-mallorca\/#breadcrumb"},"inLanguage":"de","potentialAction":[{"@type":"ReadAction","target":["https:\/\/fabeventslab.com\/de\/heiraten-auf-mallorca\/bewertungen-hochzeitsplaner-mallorca\/"]}]},{"@type":"ImageObject","inLanguage":"de","@id":"https:\/\/fabeventslab.com\/de\/heiraten-auf-mallorca\/bewertungen-hochzeitsplaner-mallorca\/#primaryimage","url":"https:\/\/fabeventslab.com\/wp-content\/uploads\/2023\/01\/cm-wedding-planner-mallorca-review-1024x683.jpg","contentUrl":"https:\/\/fabeventslab.com\/wp-content\/uploads\/2023\/01\/cm-wedding-planner-mallorca-review-1024x683.jpg"},{"@type":"BreadcrumbList","@id":"https:\/\/fabeventslab.com\/de\/heiraten-auf-mallorca\/bewertungen-hochzeitsplaner-mallorca\/#breadcrumb","itemListElement":[{"@type":"ListItem","position":1,"name":"Home","item":"https:\/\/fabeventslab.com\/de\/"},{"@type":"ListItem","position":2,"name":"Heiraten auf Mallorca &#8211; einzigartig und unvergesslich","item":"https:\/\/fabeventslab.com\/de\/heiraten-auf-mallorca\/"},{"@type":"ListItem","position":3,"name":"Bewertungen unserer Hochzeitsplaner auf Mallorca"}]},{"@type":"WebSite","@id":"https:\/\/fabeventslab.com\/#website","url":"https:\/\/fabeventslab.com\/","name":"FAB events LAB","description":"Wedding Planner Mallorca","publisher":{"@id":"https:\/\/fabeventslab.com\/#organization"},"potentialAction":[{"@type":"SearchAction","target":{"@type":"EntryPoint","urlTemplate":"https:\/\/fabeventslab.com\/?s={search_term_string}"},"query-input":{"@type":"PropertyValueSpecification","valueRequired":true,"valueName":"search_term_string"}}],"inLanguage":"de"},{"@type":"Organization","@id":"https:\/\/fabeventslab.com\/#organization","name":"FAB events LAB Wedding Planner Mallorca","alternateName":"FAB events LAB","url":"https:\/\/fabeventslab.com\/","logo":{"@type":"ImageObject","inLanguage":"de","@id":"https:\/\/fabeventslab.com\/#\/schema\/logo\/image\/","url":"https:\/\/fabeventslab.com\/wp-content\/uploads\/2017\/05\/FAB-events-LAB-Wedding-Planner-Mallorca-3-Kopie.png","contentUrl":"https:\/\/fabeventslab.com\/wp-content\/uploads\/2017\/05\/FAB-events-LAB-Wedding-Planner-Mallorca-3-Kopie.png","width":"224","height":"220","caption":"FAB events LAB Wedding Planner Mallorca"},"image":{"@id":"https:\/\/fabeventslab.com\/#\/schema\/logo\/image\/"},"sameAs":["https:\/\/www.facebook.com\/event.wedding.planners.mallorca","https:\/\/x.com\/FABweddingsLAB","https:\/\/www.instagram.com\/fab_events_lab\/","https:\/\/www.linkedin.com\/company\/fab-events-lab","https:\/\/es.pinterest.com\/mallorcaevents\/","https:\/\/www.youtube.com\/channel\/UC-9PwyQerpHS3ULinxpawBA"]}]}},"_links":{"self":[{"href":"https:\/\/fabeventslab.com\/de\/wp-json\/wp\/v2\/pages\/4664","targetHints":{"allow":["GET"]}}],"collection":[{"href":"https:\/\/fabeventslab.com\/de\/wp-json\/wp\/v2\/pages"}],"about":[{"href":"https:\/\/fabeventslab.com\/de\/wp-json\/wp\/v2\/types\/page"}],"author":[{"embeddable":true,"href":"https:\/\/fabeventslab.com\/de\/wp-json\/wp\/v2\/users\/3"}],"replies":[{"embeddable":true,"href":"https:\/\/fabeventslab.com\/de\/wp-json\/wp\/v2\/comments?post=4664"}],"version-history":[{"count":8,"href":"https:\/\/fabeventslab.com\/de\/wp-json\/wp\/v2\/pages\/4664\/revisions"}],"predecessor-version":[{"id":4693,"href":"https:\/\/fabeventslab.com\/de\/wp-json\/wp\/v2\/pages\/4664\/revisions\/4693"}],"up":[{"embeddable":true,"href":"https:\/\/fabeventslab.com\/de\/wp-json\/wp\/v2\/pages\/352"}],"wp:attachment":[{"href":"https:\/\/fabeventslab.com\/de\/wp-json\/wp\/v2\/media?parent=4664"}],"curies":[{"name":"wp","href":"https:\/\/api.w.org\/{rel}","templated":true}]}}