{"id":782,"date":"2014-11-26T20:28:37","date_gmt":"2014-11-26T18:28:37","guid":{"rendered":"http:\/\/fabeventslab.com\/?page_id=782"},"modified":"2023-03-11T13:44:28","modified_gmt":"2023-03-11T11:44:28","slug":"catering-hochzeit-mallorca","status":"publish","type":"page","link":"https:\/\/fabeventslab.com\/de\/heiraten-auf-mallorca\/catering-hochzeit-mallorca\/","title":{"rendered":"Geschmackvolles Event- &#038; Hochzeitscatering auf Mallorca"},"content":{"rendered":"<div class=\"wpb-content-wrapper\"><p>[vc_row full_width=&#8220;stretch_row&#8220; full_height=&#8220;yes&#8220; css=&#8220;.vc_custom_1495135737385{background-image: url(http:\/\/fabeventslab.com\/wp-content\/uploads\/2014\/12\/Event-and-Wedding-Catering-in-Mallorca.jpg?id=3605) !important;background-position: center !important;background-repeat: no-repeat !important;background-size: cover !important;}&#8220;][vc_column][\/vc_column][\/vc_row][vc_row][vc_column][vc_column_text]<\/p>\n<h2>Event- &amp; Hochzeitscatering auf Mallorca<\/h2>\n<p>Unsere Philosophie ist denkbar einfach. <strong>Sie dreht sich nur um eins &#8211; um Sie.<\/strong>\u00a0Ihre\u00a0Veranstaltung oder Hochzeit\u00a0ist ein Anlass, der einen besonderen Rahmen verdient. Mit der Hilfe unserer kompetenten und erfahrenen\u00a0Cateringpartner wird Ihr\u00a0Event zu einem rundum gelungenen und unvergesslichen Ereignis.<\/p>\n<p>&nbsp;<\/p>\n<h3 style=\"text-align: center;\">Unser Cateringservice auf Mallorca umfasst:<\/h3>\n<p style=\"text-align: center;\">\u00bb Banketts, BBQs oder Buffets<\/p>\n<p style=\"text-align: center;\">\u00bb Viele Varianten: ob im rustikalen oder stilvoll-eleganten Rahmen, ob f\u00fcr die kleine Runde oder die gro\u00dfe Gesellschaft<\/p>\n<p style=\"text-align: center;\">\u00bb\u00a0Hochzeitsfeiern (auch Get-Together, Hochzeits-Brunch, &#8230;)<\/p>\n<p style=\"text-align: center;\">\u00bb\u00a0Familienfeste (Geburtstage, Hochzeitstage, &#8230;)<\/p>\n<p style=\"text-align: center;\">\u00bb\u00a0Show-Cooking, Private Chefs<\/p>\n<p>&nbsp;<\/p>\n<h4>Ihre\u00a0Hochzeit bzw. private Feier auf Mallorca \u2013 unsere Herzensangelegenheit<\/h4>\n<p>Jedes\u00a0Catering f\u00fcr eine Hochzeit\u00a0erfordert eigene Konzepte \u2013 wir bieten Ihnen\u00a0daf\u00fcr individuelle Beratung und Kompetenz aus einer Hand, sowohl in der Planung als auch in der Durchf\u00fchrung.<\/p>\n<p><a href=\"http:\/\/fabeventslab.com\/wp-content\/uploads\/2014\/11\/Catering-Hochzeit-Mallorca-1.jpg\"><img decoding=\"async\" class=\"alignright wp-image-3612\" src=\"http:\/\/fabeventslab.com\/wp-content\/uploads\/2014\/11\/Catering-Hochzeit-Mallorca-1.jpg\" alt=\"Catering Hochzeit Mallorca\" width=\"500\" height=\"500\" srcset=\"https:\/\/fabeventslab.com\/wp-content\/uploads\/2014\/11\/Catering-Hochzeit-Mallorca-1.jpg 750w, https:\/\/fabeventslab.com\/wp-content\/uploads\/2014\/11\/Catering-Hochzeit-Mallorca-1-150x150.jpg 150w, https:\/\/fabeventslab.com\/wp-content\/uploads\/2014\/11\/Catering-Hochzeit-Mallorca-1-300x300.jpg 300w, https:\/\/fabeventslab.com\/wp-content\/uploads\/2014\/11\/Catering-Hochzeit-Mallorca-1-720x720.jpg 720w\" sizes=\"(max-width: 500px) 100vw, 500px\" \/><\/a>Egal ob Sie\u00a0einen gro\u00dfen Hochzeitsempfang oder eine stilvolle Party f\u00fcr Familie und Freunde planen: Unser Hochzeitscatering k\u00fcmmert sich\u00a0mit Begeisterung und Sorgfalt um die Erf\u00fcllung Ihrer\u00a0W\u00fcnsche.\u00a0Genie\u00dfen Sie unsere k\u00f6stlichen Speisen als exquisite Men\u00fcfolge, kreatives Buffet oder BBQ.<\/p>\n<p>&nbsp;<\/p>\n<h4>Handverlesene Event- und Hochzeitslocations<\/h4>\n<p>Ein besonderes Festmahl bedarf auch einer besonderen Location. Falls Sie\u00a0f\u00fcr Ihr\u00a0Event auf Mallorca auch eine geeignete Location suchen, so\u00a0k\u00f6nnen wir Ihnen\u00a0viele verschiedene M\u00f6glichkeiten\u00a0empfehlen. Sehen Sie hier\u00a0unsere\u00a0handverlesene <span style=\"text-decoration: underline;\"><a href=\"https:\/\/fabeventslab.com\/de\/hochzeitslocations-mallorca\/\">Auswahl an Hochzeitslocations in Mallorca<\/a><\/span>.\u00a0Wir pflegen eine gute und professionelle Zusammenarbeit mit den Hausherren und unsere Kunden und Hochzeitsgesellschaften sind \u00fcberall willkommen.<\/p>\n<p>&nbsp;<\/p>\n<h4>Liebe geht bekanntlich durch den Magen<\/h4>\n<p>Ob Men\u00fc oder Buffet \u2013 ob exklusiv und fein oder auch ganz einfach \u2013 unsere <a href=\"http:\/\/fabeventslab.com\/de\/hochzeitsplaner-mallorca\/\">Event- und Hochzeitsplaner auf Mallorca<\/a>\u00a0gestalten diesen besonderen Tag ganz nach Ihrem\u00a0Geschmack. Feiern Sie mit unserem Cateringservice\u00a0und genie\u00dfen dabei die einmalige Atmosph\u00e4re, die wir auf Ihre\u00a0W\u00fcnsche hin ganz individuell schaffen werden.\u00a0Mit unserem Rundum-Service\u00a0wird Ihre Veranstaltung\u00a0zum Erfolg!<\/p>\n<p>Haben wir Ihr Interesse geweckt? Bitte <span style=\"text-decoration: underline;\"><a href=\"http:\/\/fabeventslab.com\/de\/kontakt-weddingplaner-mallorca\/\">kontaktieren Sie uns<\/a><\/span>, wir\u00a0freuen uns \u00fcber Ihre\u00a0Anfrage.[\/vc_column_text][\/vc_column][\/vc_row]<\/p>\n<\/div>","protected":false},"excerpt":{"rendered":"<p>[vc_row full_width=&#8220;stretch_row&#8220; full_height=&#8220;yes&#8220; css=&#8220;.vc_custom_1495135737385{background-image: url(http:\/\/fabeventslab.com\/wp-content\/uploads\/2014\/12\/Event-and-Wedding-Catering-in-Mallorca.jpg?id=3605) !important;background-position: center !important;background-repeat: no-repeat !important;background-size: cover !important;}&#8220;][vc_column][\/vc_column][\/vc_row][vc_row][vc_column][vc_column_text] Event- &amp; Hochzeitscatering auf Mallorca Unsere Philosophie ist denkbar einfach. Sie dreht sich nur um eins &#8211; um [&hellip;]<\/p>\n","protected":false},"author":3,"featured_media":0,"parent":352,"menu_order":0,"comment_status":"closed","ping_status":"closed","template":"","meta":{"_monsterinsights_skip_tracking":false,"_monsterinsights_sitenote_active":false,"_monsterinsights_sitenote_note":"","_monsterinsights_sitenote_category":0,"footnotes":""},"class_list":["post-782","page","type-page","status-publish","hentry"],"yoast_head":"<!-- This site is optimized with the Yoast SEO plugin v27.4 - https:\/\/yoast.com\/product\/yoast-seo-wordpress\/ -->\n<title>Ihr exklusives Event- &amp; Hochzeitscatering auf Mallorca | Spanien<\/title>\n<meta name=\"description\" content=\"Full-Service Event- &amp; Hochzeitsplanung inklusive Caterer: F\u00fcr eure unvergessliche Hochzeitsfeier auf Mallorca. Es stehen viele Varianten zur Verf\u00fcgung: elegante Banketts, leckere BBQs oder rustikale Buffets. Wir als Weddingplaner begleiten und beraten euch gerne bei der Auswahl, damit es ein voller Erfolg wird.\" \/>\n<meta name=\"robots\" content=\"index, follow, max-snippet:-1, max-image-preview:large, max-video-preview:-1\" \/>\n<link rel=\"canonical\" href=\"https:\/\/fabeventslab.com\/de\/heiraten-auf-mallorca\/catering-hochzeit-mallorca\/\" \/>\n<meta property=\"og:locale\" content=\"de_DE\" \/>\n<meta property=\"og:type\" content=\"article\" \/>\n<meta property=\"og:title\" content=\"Ihr exklusives Event- &amp; Hochzeitscatering auf Mallorca | Spanien\" \/>\n<meta property=\"og:description\" content=\"Full-Service Event- &amp; Hochzeitsplanung inklusive Caterer: F\u00fcr eure unvergessliche Hochzeitsfeier auf Mallorca. Es stehen viele Varianten zur Verf\u00fcgung: elegante Banketts, leckere BBQs oder rustikale Buffets. Wir als Weddingplaner begleiten und beraten euch gerne bei der Auswahl, damit es ein voller Erfolg wird.\" \/>\n<meta property=\"og:url\" content=\"https:\/\/fabeventslab.com\/de\/heiraten-auf-mallorca\/catering-hochzeit-mallorca\/\" \/>\n<meta property=\"og:site_name\" content=\"FAB events LAB\" \/>\n<meta property=\"article:publisher\" content=\"https:\/\/www.facebook.com\/event.wedding.planners.mallorca\" \/>\n<meta property=\"article:modified_time\" content=\"2023-03-11T11:44:28+00:00\" \/>\n<meta property=\"og:image\" content=\"http:\/\/fabeventslab.com\/wp-content\/uploads\/2014\/11\/Catering-Hochzeit-Mallorca-1.jpg\" \/>\n<meta name=\"twitter:card\" content=\"summary_large_image\" \/>\n<meta name=\"twitter:site\" content=\"@FABweddingsLAB\" \/>\n<meta name=\"twitter:label1\" content=\"Gesch\u00e4tzte Lesezeit\" \/>\n\t<meta name=\"twitter:data1\" content=\"2\u00a0Minuten\" \/>\n<script type=\"application\/ld+json\" class=\"yoast-schema-graph\">{\"@context\":\"https:\\\/\\\/schema.org\",\"@graph\":[{\"@type\":\"WebPage\",\"@id\":\"https:\\\/\\\/fabeventslab.com\\\/de\\\/heiraten-auf-mallorca\\\/catering-hochzeit-mallorca\\\/\",\"url\":\"https:\\\/\\\/fabeventslab.com\\\/de\\\/heiraten-auf-mallorca\\\/catering-hochzeit-mallorca\\\/\",\"name\":\"Ihr exklusives Event- & Hochzeitscatering auf Mallorca | Spanien\",\"isPartOf\":{\"@id\":\"https:\\\/\\\/fabeventslab.com\\\/#website\"},\"primaryImageOfPage\":{\"@id\":\"https:\\\/\\\/fabeventslab.com\\\/de\\\/heiraten-auf-mallorca\\\/catering-hochzeit-mallorca\\\/#primaryimage\"},\"image\":{\"@id\":\"https:\\\/\\\/fabeventslab.com\\\/de\\\/heiraten-auf-mallorca\\\/catering-hochzeit-mallorca\\\/#primaryimage\"},\"thumbnailUrl\":\"http:\\\/\\\/fabeventslab.com\\\/wp-content\\\/uploads\\\/2014\\\/11\\\/Catering-Hochzeit-Mallorca-1.jpg\",\"datePublished\":\"2014-11-26T18:28:37+00:00\",\"dateModified\":\"2023-03-11T11:44:28+00:00\",\"description\":\"Full-Service Event- & Hochzeitsplanung inklusive Caterer: F\u00fcr eure unvergessliche Hochzeitsfeier auf Mallorca. Es stehen viele Varianten zur Verf\u00fcgung: elegante Banketts, leckere BBQs oder rustikale Buffets. Wir als Weddingplaner begleiten und beraten euch gerne bei der Auswahl, damit es ein voller Erfolg wird.\",\"breadcrumb\":{\"@id\":\"https:\\\/\\\/fabeventslab.com\\\/de\\\/heiraten-auf-mallorca\\\/catering-hochzeit-mallorca\\\/#breadcrumb\"},\"inLanguage\":\"de\",\"potentialAction\":[{\"@type\":\"ReadAction\",\"target\":[\"https:\\\/\\\/fabeventslab.com\\\/de\\\/heiraten-auf-mallorca\\\/catering-hochzeit-mallorca\\\/\"]}]},{\"@type\":\"ImageObject\",\"inLanguage\":\"de\",\"@id\":\"https:\\\/\\\/fabeventslab.com\\\/de\\\/heiraten-auf-mallorca\\\/catering-hochzeit-mallorca\\\/#primaryimage\",\"url\":\"http:\\\/\\\/fabeventslab.com\\\/wp-content\\\/uploads\\\/2014\\\/11\\\/Catering-Hochzeit-Mallorca-1.jpg\",\"contentUrl\":\"http:\\\/\\\/fabeventslab.com\\\/wp-content\\\/uploads\\\/2014\\\/11\\\/Catering-Hochzeit-Mallorca-1.jpg\"},{\"@type\":\"BreadcrumbList\",\"@id\":\"https:\\\/\\\/fabeventslab.com\\\/de\\\/heiraten-auf-mallorca\\\/catering-hochzeit-mallorca\\\/#breadcrumb\",\"itemListElement\":[{\"@type\":\"ListItem\",\"position\":1,\"name\":\"Home\",\"item\":\"https:\\\/\\\/fabeventslab.com\\\/de\\\/\"},{\"@type\":\"ListItem\",\"position\":2,\"name\":\"Heiraten auf Mallorca &#8211; einzigartig und unvergesslich\",\"item\":\"https:\\\/\\\/fabeventslab.com\\\/de\\\/heiraten-auf-mallorca\\\/\"},{\"@type\":\"ListItem\",\"position\":3,\"name\":\"Geschmackvolles Event- &#038; Hochzeitscatering auf Mallorca\"}]},{\"@type\":\"WebSite\",\"@id\":\"https:\\\/\\\/fabeventslab.com\\\/#website\",\"url\":\"https:\\\/\\\/fabeventslab.com\\\/\",\"name\":\"FAB events LAB\",\"description\":\"Wedding Planner Mallorca\",\"publisher\":{\"@id\":\"https:\\\/\\\/fabeventslab.com\\\/#organization\"},\"potentialAction\":[{\"@type\":\"SearchAction\",\"target\":{\"@type\":\"EntryPoint\",\"urlTemplate\":\"https:\\\/\\\/fabeventslab.com\\\/?s={search_term_string}\"},\"query-input\":{\"@type\":\"PropertyValueSpecification\",\"valueRequired\":true,\"valueName\":\"search_term_string\"}}],\"inLanguage\":\"de\"},{\"@type\":\"Organization\",\"@id\":\"https:\\\/\\\/fabeventslab.com\\\/#organization\",\"name\":\"FAB events LAB Wedding Planner Mallorca\",\"alternateName\":\"FAB events LAB\",\"url\":\"https:\\\/\\\/fabeventslab.com\\\/\",\"logo\":{\"@type\":\"ImageObject\",\"inLanguage\":\"de\",\"@id\":\"https:\\\/\\\/fabeventslab.com\\\/#\\\/schema\\\/logo\\\/image\\\/\",\"url\":\"https:\\\/\\\/fabeventslab.com\\\/wp-content\\\/uploads\\\/2017\\\/05\\\/FAB-events-LAB-Wedding-Planner-Mallorca-3-Kopie.png\",\"contentUrl\":\"https:\\\/\\\/fabeventslab.com\\\/wp-content\\\/uploads\\\/2017\\\/05\\\/FAB-events-LAB-Wedding-Planner-Mallorca-3-Kopie.png\",\"width\":\"224\",\"height\":\"220\",\"caption\":\"FAB events LAB Wedding Planner Mallorca\"},\"image\":{\"@id\":\"https:\\\/\\\/fabeventslab.com\\\/#\\\/schema\\\/logo\\\/image\\\/\"},\"sameAs\":[\"https:\\\/\\\/www.facebook.com\\\/event.wedding.planners.mallorca\",\"https:\\\/\\\/x.com\\\/FABweddingsLAB\",\"https:\\\/\\\/www.instagram.com\\\/fab_events_lab\\\/\",\"https:\\\/\\\/www.linkedin.com\\\/company\\\/fab-events-lab\",\"https:\\\/\\\/es.pinterest.com\\\/mallorcaevents\\\/\",\"https:\\\/\\\/www.youtube.com\\\/channel\\\/UC-9PwyQerpHS3ULinxpawBA\"]}]}<\/script>\n<!-- \/ Yoast SEO plugin. -->","yoast_head_json":{"title":"Ihr exklusives Event- & Hochzeitscatering auf Mallorca | Spanien","description":"Full-Service Event- & Hochzeitsplanung inklusive Caterer: F\u00fcr eure unvergessliche Hochzeitsfeier auf Mallorca. Es stehen viele Varianten zur Verf\u00fcgung: elegante Banketts, leckere BBQs oder rustikale Buffets. Wir als Weddingplaner begleiten und beraten euch gerne bei der Auswahl, damit es ein voller Erfolg wird.","robots":{"index":"index","follow":"follow","max-snippet":"max-snippet:-1","max-image-preview":"max-image-preview:large","max-video-preview":"max-video-preview:-1"},"canonical":"https:\/\/fabeventslab.com\/de\/heiraten-auf-mallorca\/catering-hochzeit-mallorca\/","og_locale":"de_DE","og_type":"article","og_title":"Ihr exklusives Event- & Hochzeitscatering auf Mallorca | Spanien","og_description":"Full-Service Event- & Hochzeitsplanung inklusive Caterer: F\u00fcr eure unvergessliche Hochzeitsfeier auf Mallorca. Es stehen viele Varianten zur Verf\u00fcgung: elegante Banketts, leckere BBQs oder rustikale Buffets. Wir als Weddingplaner begleiten und beraten euch gerne bei der Auswahl, damit es ein voller Erfolg wird.","og_url":"https:\/\/fabeventslab.com\/de\/heiraten-auf-mallorca\/catering-hochzeit-mallorca\/","og_site_name":"FAB events LAB","article_publisher":"https:\/\/www.facebook.com\/event.wedding.planners.mallorca","article_modified_time":"2023-03-11T11:44:28+00:00","og_image":[{"url":"http:\/\/fabeventslab.com\/wp-content\/uploads\/2014\/11\/Catering-Hochzeit-Mallorca-1.jpg","type":"","width":"","height":""}],"twitter_card":"summary_large_image","twitter_site":"@FABweddingsLAB","twitter_misc":{"Gesch\u00e4tzte Lesezeit":"2\u00a0Minuten"},"schema":{"@context":"https:\/\/schema.org","@graph":[{"@type":"WebPage","@id":"https:\/\/fabeventslab.com\/de\/heiraten-auf-mallorca\/catering-hochzeit-mallorca\/","url":"https:\/\/fabeventslab.com\/de\/heiraten-auf-mallorca\/catering-hochzeit-mallorca\/","name":"Ihr exklusives Event- & Hochzeitscatering auf Mallorca | Spanien","isPartOf":{"@id":"https:\/\/fabeventslab.com\/#website"},"primaryImageOfPage":{"@id":"https:\/\/fabeventslab.com\/de\/heiraten-auf-mallorca\/catering-hochzeit-mallorca\/#primaryimage"},"image":{"@id":"https:\/\/fabeventslab.com\/de\/heiraten-auf-mallorca\/catering-hochzeit-mallorca\/#primaryimage"},"thumbnailUrl":"http:\/\/fabeventslab.com\/wp-content\/uploads\/2014\/11\/Catering-Hochzeit-Mallorca-1.jpg","datePublished":"2014-11-26T18:28:37+00:00","dateModified":"2023-03-11T11:44:28+00:00","description":"Full-Service Event- & Hochzeitsplanung inklusive Caterer: F\u00fcr eure unvergessliche Hochzeitsfeier auf Mallorca. Es stehen viele Varianten zur Verf\u00fcgung: elegante Banketts, leckere BBQs oder rustikale Buffets. Wir als Weddingplaner begleiten und beraten euch gerne bei der Auswahl, damit es ein voller Erfolg wird.","breadcrumb":{"@id":"https:\/\/fabeventslab.com\/de\/heiraten-auf-mallorca\/catering-hochzeit-mallorca\/#breadcrumb"},"inLanguage":"de","potentialAction":[{"@type":"ReadAction","target":["https:\/\/fabeventslab.com\/de\/heiraten-auf-mallorca\/catering-hochzeit-mallorca\/"]}]},{"@type":"ImageObject","inLanguage":"de","@id":"https:\/\/fabeventslab.com\/de\/heiraten-auf-mallorca\/catering-hochzeit-mallorca\/#primaryimage","url":"http:\/\/fabeventslab.com\/wp-content\/uploads\/2014\/11\/Catering-Hochzeit-Mallorca-1.jpg","contentUrl":"http:\/\/fabeventslab.com\/wp-content\/uploads\/2014\/11\/Catering-Hochzeit-Mallorca-1.jpg"},{"@type":"BreadcrumbList","@id":"https:\/\/fabeventslab.com\/de\/heiraten-auf-mallorca\/catering-hochzeit-mallorca\/#breadcrumb","itemListElement":[{"@type":"ListItem","position":1,"name":"Home","item":"https:\/\/fabeventslab.com\/de\/"},{"@type":"ListItem","position":2,"name":"Heiraten auf Mallorca &#8211; einzigartig und unvergesslich","item":"https:\/\/fabeventslab.com\/de\/heiraten-auf-mallorca\/"},{"@type":"ListItem","position":3,"name":"Geschmackvolles Event- &#038; Hochzeitscatering auf Mallorca"}]},{"@type":"WebSite","@id":"https:\/\/fabeventslab.com\/#website","url":"https:\/\/fabeventslab.com\/","name":"FAB events LAB","description":"Wedding Planner Mallorca","publisher":{"@id":"https:\/\/fabeventslab.com\/#organization"},"potentialAction":[{"@type":"SearchAction","target":{"@type":"EntryPoint","urlTemplate":"https:\/\/fabeventslab.com\/?s={search_term_string}"},"query-input":{"@type":"PropertyValueSpecification","valueRequired":true,"valueName":"search_term_string"}}],"inLanguage":"de"},{"@type":"Organization","@id":"https:\/\/fabeventslab.com\/#organization","name":"FAB events LAB Wedding Planner Mallorca","alternateName":"FAB events LAB","url":"https:\/\/fabeventslab.com\/","logo":{"@type":"ImageObject","inLanguage":"de","@id":"https:\/\/fabeventslab.com\/#\/schema\/logo\/image\/","url":"https:\/\/fabeventslab.com\/wp-content\/uploads\/2017\/05\/FAB-events-LAB-Wedding-Planner-Mallorca-3-Kopie.png","contentUrl":"https:\/\/fabeventslab.com\/wp-content\/uploads\/2017\/05\/FAB-events-LAB-Wedding-Planner-Mallorca-3-Kopie.png","width":"224","height":"220","caption":"FAB events LAB Wedding Planner Mallorca"},"image":{"@id":"https:\/\/fabeventslab.com\/#\/schema\/logo\/image\/"},"sameAs":["https:\/\/www.facebook.com\/event.wedding.planners.mallorca","https:\/\/x.com\/FABweddingsLAB","https:\/\/www.instagram.com\/fab_events_lab\/","https:\/\/www.linkedin.com\/company\/fab-events-lab","https:\/\/es.pinterest.com\/mallorcaevents\/","https:\/\/www.youtube.com\/channel\/UC-9PwyQerpHS3ULinxpawBA"]}]}},"_links":{"self":[{"href":"https:\/\/fabeventslab.com\/de\/wp-json\/wp\/v2\/pages\/782","targetHints":{"allow":["GET"]}}],"collection":[{"href":"https:\/\/fabeventslab.com\/de\/wp-json\/wp\/v2\/pages"}],"about":[{"href":"https:\/\/fabeventslab.com\/de\/wp-json\/wp\/v2\/types\/page"}],"author":[{"embeddable":true,"href":"https:\/\/fabeventslab.com\/de\/wp-json\/wp\/v2\/users\/3"}],"replies":[{"embeddable":true,"href":"https:\/\/fabeventslab.com\/de\/wp-json\/wp\/v2\/comments?post=782"}],"version-history":[{"count":2,"href":"https:\/\/fabeventslab.com\/de\/wp-json\/wp\/v2\/pages\/782\/revisions"}],"predecessor-version":[{"id":6006,"href":"https:\/\/fabeventslab.com\/de\/wp-json\/wp\/v2\/pages\/782\/revisions\/6006"}],"up":[{"embeddable":true,"href":"https:\/\/fabeventslab.com\/de\/wp-json\/wp\/v2\/pages\/352"}],"wp:attachment":[{"href":"https:\/\/fabeventslab.com\/de\/wp-json\/wp\/v2\/media?parent=782"}],"curies":[{"name":"wp","href":"https:\/\/api.w.org\/{rel}","templated":true}]}}