{"id":3385,"date":"2017-01-26T13:42:31","date_gmt":"2017-01-26T11:42:31","guid":{"rendered":"http:\/\/fabeventslab.com\/event-wedding-planner-mallorca\/"},"modified":"2023-03-11T14:01:32","modified_gmt":"2023-03-11T12:01:32","slug":"organizadores-de-bodas-y-eventos-en-mallorca","status":"publish","type":"page","link":"https:\/\/fabeventslab.com\/es\/","title":{"rendered":"Organizaci\u00f3n de bodas en Mallorca"},"content":{"rendered":"<div class=\"wpb-content-wrapper\"><p>[vc_row css=\u00bb.vc_custom_1485514497581{margin-top: 40px !important;margin-bottom: 0px !important;padding-bottom: 0px !important;}\u00bb][vc_column][\/vc_column][\/vc_row][vc_row full_width=\u00bbstretch_row_content\u00bb equal_height=\u00bbyes\u00bb css=\u00bb.vc_custom_1485808661512{padding-right: 5% !important;padding-left: 5% !important;}\u00bb][vc_column width=\u00bb1\/3&#8243;][vc_custom_heading text=\u00bb<strong>Hacemos que vuestro gran d\u00eda sea muy especial y \u00fanico.<\/strong> Ponemos coraz\u00f3n, invertimos todo el tiempo necesario, utilizamos nuestra experiencia&#8230;\u00bb font_container=\u00bbtag:h5|text_align:center|color:%23000000&#8243; use_theme_fonts=\u00bbyes\u00bb css=\u00bb.vc_custom_1495308304748{margin-top: 20px !important;margin-bottom: 20px !important;padding-right: 10% !important;padding-left: 10% !important;}\u00bb]<div class=\"ozy-call-to-action-box \" style=\"background-image:url(https:\/\/fabeventslab.com\/wp-content\/uploads\/2019\/05\/Freie-Trauung-Mallorca.jpeg);height:360px\"><div class=\"shadow-wrapper\"><\/div><div class=\"overlay-wrapper\"><h2>Ceremonias a medida<\/h2><span class=\"shared-border-color\"><\/span><a href=\"https:\/\/fabeventslab.com\/es\/organizador-bodas-mallorca\/\" target=\"_self\" class=\"heading-font\">LEER M\u00c1S \u2192<\/a><\/div><\/div>[\/vc_column][vc_column width=\u00bb1\/3&#8243;][vc_custom_heading text=\u00bb<strong>El d\u00eda de vuestra boda:<\/strong> Solo ten\u00e9is que pensar en disfrutar de la celebraci\u00f3n junto a familiares y amigos. De todo lo dem\u00e1s\u2026 Nos ocupamos nosotros.\u00bb font_container=\u00bbtag:h5|text_align:center|color:%23000000&#8243; use_theme_fonts=\u00bbyes\u00bb css=\u00bb.vc_custom_1494780058098{margin-top: 20px !important;margin-bottom: 20px !important;padding-right: 10% !important;padding-left: 10% !important;}\u00bb]<div class=\"ozy-call-to-action-box \" style=\"background-image:url(https:\/\/fabeventslab.com\/wp-content\/uploads\/2017\/01\/Dream-Wedding-Locations-Mallorca.jpg);height:360px\"><div class=\"shadow-wrapper\"><\/div><div class=\"overlay-wrapper\"><h2>Espacios de ensue\u00f1o<\/h2><span class=\"shared-border-color\"><\/span><a href=\"https:\/\/fabeventslab.com\/es\/fincas-para-bodas-en-mallorca\/\" target=\"_self\" class=\"heading-font\">LEER M\u00c1S \u2192<\/a><\/div><\/div>[\/vc_column][vc_column width=\u00bb1\/3&#8243;][vc_custom_heading text=\u00bb<strong>\u00bfC\u00f3mo lo hacemos?<\/strong> Colaboramos con los m\u00e1s profesionales de cada sector, para ofreceros los mejores servicios adaptados a vuestras peticiones.\u00bb font_container=\u00bbtag:h5|text_align:center|color:%23000000&#8243; use_theme_fonts=\u00bbyes\u00bb css=\u00bb.vc_custom_1494780071951{margin-top: 20px !important;margin-bottom: 20px !important;padding-right: 10% !important;padding-left: 10% !important;}\u00bb]<div class=\"ozy-call-to-action-box \" style=\"background-image:url(https:\/\/fabeventslab.com\/wp-content\/uploads\/2017\/01\/Church-Wedding-Mallorca.jpg);height:360px\"><div class=\"shadow-wrapper\"><\/div><div class=\"overlay-wrapper\"><h2>\u00bfNecesitas m\u00e1s informaci\u00f3n?<\/h2><span class=\"shared-border-color\"><\/span><a href=\"https:\/\/fabeventslab.com\/es\/contacto-organizacion-eventos-bodas-mallorca\/\" target=\"_self\" class=\"heading-font\">CONTACTAR \u2192<\/a><\/div><\/div>[\/vc_column][\/vc_row][vc_row css=\u00bb.vc_custom_1485519385103{margin-top: 40px !important;margin-bottom: 100px !important;padding-bottom: 0px !important;}\u00bb][vc_column][vc_single_image image=\u00bb809&#8243; img_size=\u00bbfull\u00bb alignment=\u00bbcenter\u00bb css=\u00bb.vc_custom_1485514632308{margin-bottom: 0px !important;padding-bottom: 0px !important;}\u00bb][vc_custom_heading text=\u00bb\u00bfQUE OS OFRECEMOS?\u00bb font_container=\u00bbtag:h5|text_align:center|color:%23c09e6f\u00bb use_theme_fonts=\u00bbyes\u00bb css=\u00bb.vc_custom_1494779430886{margin-bottom: 0px !important;padding-bottom: 0px !important;}\u00bb][vc_custom_heading text=\u00bbOrganizaci\u00f3n de Bodas y Eventos en Mallorca\u00bb font_container=\u00bbtag:h1|text_align:center|color:%23000000&#8243; use_theme_fonts=\u00bbyes\u00bb][vc_column_text]<\/p>\n<p style=\"text-align: center;\">Un servicio perfecto para quienes no dispong\u00e1is del tiempo necesario para poder dedic\u00e1rselo a la organizaci\u00f3n de vuestra boda en Mallorca y quer\u00e1is tener a alguien a vuestro lado que os facilite las cosas\u2026<\/p>\n<p>[\/vc_column_text]<span  id=\"wofcb-13668\" class=\"ozy-custom_button_w\"><a id=\"ofcb-13668\" class=\"ozy-custom_button ocbtn-6\"  href=\"http:\/\/fabeventslab.com\/es\/organizacion-de-bodas-en-mallorca\/\"  target=\"\" >LEER M\u00c1S<span><\/span><\/a><\/span>[\/vc_column][\/vc_row][vc_row full_width=\u00bbstretch_row\u00bb css=\u00bb.vc_custom_1495301241696{margin-top: 40px !important;margin-bottom: 0px !important;padding-bottom: 0px !important;background-image: url(http:\/\/fabeventslab.com\/wp-content\/uploads\/2017\/01\/floral_pattern.png?id=826) !important;background-position: center !important;background-repeat: no-repeat !important;background-size: cover !important;}\u00bb][vc_column][vc_single_image image=\u00bb809&#8243; img_size=\u00bbfull\u00bb alignment=\u00bbcenter\u00bb css=\u00bb.vc_custom_1485514632308{margin-bottom: 0px !important;padding-bottom: 0px !important;}\u00bb][vc_custom_heading text=\u00bbNuestros novios hablan as\u00ed de nuestra organizaci\u00f3n de bodas en Mallorca:\u00bb font_container=\u00bbtag:h1|text_align:center|color:%23000000&#8243; use_theme_fonts=\u00bbyes\u00bb]<div class=\"carousel single wpb_content_element flickity-carousel  item-count-1\" data-flickity='{ \"pageDots\": true, \"prevNextButtons\": true, \"groupCells\": false, \"contain\" : true, \"cellAlign\": \"left\", \"adaptiveHeight\": false, \"imagesLoaded\": true, \"setGallerySize\": true, \"autoPlay\": 3000 }'>\n<div class=\"ozy-caroseul_item testimonial carousel-cell \">\n<div class=\"testimonial\">\n<p class=\"testimonial-quote heading-font\">Nuestra reciente boda fue el momento m\u00e1s fant\u00e1stico de nuestras vidas... pero no podr\u00edamos haberlo hecho sin el incre\u00edble servicio, los detalles y la inspiraci\u00f3n de Fab. Todo fue muy f\u00e1cil desde el principio hasta el final y se pens\u00f3 en cada peque\u00f1o detalle. Fab realmente escuch\u00f3 nuestras sugerencias y necesidades, y cre\u00f3 el escenario m\u00e1s m\u00e1gico para nuestro d\u00eda especial. Fab fue siempre muy receptivo y profesional, su dedicaci\u00f3n y pasi\u00f3n se nota. Realmente no podemos recomendar lo suficiente si est\u00e1s pensando en contratarlo como wedding planner. \u00c9l tiene relaciones con los mejores lugares en Mallorca, as\u00ed como una gran selecci\u00f3n de proveedores, encarg\u00e1ndose de todo el trabajo duro.<\/p>\n<span class=\"testimonial-author content-color heading-font\">S\u2661J<\/span>\n<\/div>\n<\/div>\n\n<div class=\"ozy-caroseul_item testimonial carousel-cell \">\n<div class=\"testimonial\">\n<p class=\"testimonial-quote heading-font\">Acabamos de celebrar nuestra boda en Mallorca y ha sido el mejor d\u00eda de nuestras vidas. A nuestros invitados les encant\u00f3 y dijeron que fue la mejor boda de todas. Todo se debe al duro trabajo de Fab y a la selecci\u00f3n de los proveedores. Fue muy receptivo por correo electr\u00f3nico y respondi\u00f3 a todas nuestras preguntas, y cr\u00e9enme, somos una pareja que ten\u00eda muchas. Fue un a\u00f1o de preparaci\u00f3n y Fab demostr\u00f3 una gran profesionalidad y dedicaci\u00f3n. \u00a1Gracias por los mejores recuerdos!<\/p>\n<span class=\"testimonial-author content-color heading-font\">K\u2661T<\/span>\n<\/div>\n<\/div>\n\n<div class=\"ozy-caroseul_item testimonial carousel-cell \">\n<div class=\"testimonial\">\n<p class=\"testimonial-quote heading-font\">Excelente servicio, perfecta planificaci\u00f3n de la boda, gran organizaci\u00f3n. FAB events LAB hizo que nuestra boda fuera especial y super\u00f3 nuestras altas expectativas. \u00a1Gracias por todo!<\/p>\n<span class=\"testimonial-author content-color heading-font\">A\u2661A<\/span>\n<\/div>\n<\/div>\n\n<div class=\"ozy-caroseul_item testimonial carousel-cell \">\n<div class=\"testimonial\">\n<p class=\"testimonial-quote heading-font\">Sinceramente, superaste todas nuestras expectativas. Nos impresion\u00f3 especialmente vuestra capacidad de organizaci\u00f3n y vuestra atenci\u00f3n al detalle, que son cruciales cuando se organiza una boda en el extranjero. Apreciamos que os tomarais el tiempo necesario para conocernos y sentimos que esto se reflej\u00f3 en una boda que nos pareci\u00f3 especial y acorde con nuestras personalidades.<\/p>\n<span class=\"testimonial-author content-color heading-font\">H\u2661A<\/span>\n<\/div>\n<\/div>\n\n<div class=\"ozy-caroseul_item testimonial carousel-cell \">\n<div class=\"testimonial\">\n<p class=\"testimonial-quote heading-font\">Me gustar\u00eda decir que nuestra boda fue realmente m\u00e1gica. Tomaron todas mis ideas y las hicieron realidad \ud83d\ude42 Nos quedamos muy impresionados con toda la decoraci\u00f3n, las flores, la manteler\u00eda y el ambiente en general que nos proporcionaron el d\u00eda de nuestra boda de ensue\u00f1o. \u00a1Much\u00edsimas gracias por cuidar de nosotros!<\/p>\n<span class=\"testimonial-author content-color heading-font\">M\u2661S<\/span>\n<\/div>\n<\/div>\n<\/div>[\/vc_column][\/vc_row][vc_row full_width=\u00bbstretch_row\u00bb bg_slider=\u00bbwave\u00bb wave_bar_color=\u00bb#ffffff\u00bb css=\u00bb.vc_custom_1485809065630{margin-bottom: 100px !important;}\u00bb][vc_column][vc_empty_space][vc_single_image image=\u00bb4540&#8243; img_size=\u00bbfull\u00bb alignment=\u00bbcenter\u00bb css=\u00bb.vc_custom_1569153329841{margin-bottom: 0px !important;padding-bottom: 0px !important;}\u00bb][vc_empty_space][\/vc_column][\/vc_row][vc_row][vc_column][vc_text_separator title=\u00bbEcha un vistazo a algunos de nuestros lugares m\u00e1gicos para bodas en Mallorca:\u00bb][\/vc_column][\/vc_row][vc_row][vc_column][vc_masonry_grid post_type=\u00bbids\u00bb initial_loading_animation=\u00bbfadeIn\u00bb grid_id=\u00bbvc_gid:1678536070970-6e3c4b86-0a7a-10&#8243; include=\u00bb715, 724, 729&#8243;][\/vc_column][\/vc_row]<\/p>\n<\/div>","protected":false},"excerpt":{"rendered":"<p>[vc_row css=\u00bb.vc_custom_1485514497581{margin-top: 40px !important;margin-bottom: 0px !important;padding-bottom: 0px !important;}\u00bb][vc_column][\/vc_column][\/vc_row][vc_row full_width=\u00bbstretch_row_content\u00bb equal_height=\u00bbyes\u00bb css=\u00bb.vc_custom_1485808661512{padding-right: 5% !important;padding-left: 5% !important;}\u00bb][vc_column width=\u00bb1\/3&#8243;][vc_custom_heading text=\u00bbHacemos que vuestro gran d\u00eda sea muy especial y \u00fanico. Ponemos coraz\u00f3n, invertimos todo [&hellip;]<\/p>\n","protected":false},"author":3,"featured_media":0,"parent":0,"menu_order":0,"comment_status":"closed","ping_status":"closed","template":"","meta":{"_monsterinsights_skip_tracking":false,"_monsterinsights_sitenote_active":false,"_monsterinsights_sitenote_note":"","_monsterinsights_sitenote_category":0,"footnotes":""},"class_list":["post-3385","page","type-page","status-publish","hentry"],"yoast_head":"<!-- This site is optimized with the Yoast SEO plugin v27.5 - https:\/\/yoast.com\/product\/yoast-seo-wordpress\/ -->\n<title>Organizaci\u00f3n de bodas en Mallorca | FAB events LAB<\/title>\n<meta name=\"description\" content=\"FAB events LAB es un Wedding Planner con experiencia y experto en organizaci\u00f3n de bodas en Mallorca, celebraciones \u00fanicas y personalizadas.\" \/>\n<meta name=\"robots\" content=\"index, follow, max-snippet:-1, max-image-preview:large, max-video-preview:-1\" \/>\n<link rel=\"canonical\" href=\"https:\/\/fabeventslab.com\/es\/\" \/>\n<meta property=\"og:locale\" content=\"es_ES\" \/>\n<meta property=\"og:type\" content=\"article\" \/>\n<meta property=\"og:title\" content=\"Organizaci\u00f3n de bodas en Mallorca | FAB events LAB\" \/>\n<meta property=\"og:description\" content=\"FAB events LAB es un Wedding Planner con experiencia y experto en organizaci\u00f3n de bodas en Mallorca, celebraciones \u00fanicas y personalizadas.\" \/>\n<meta property=\"og:url\" content=\"https:\/\/fabeventslab.com\/es\/\" \/>\n<meta property=\"og:site_name\" content=\"FAB events LAB\" \/>\n<meta property=\"article:publisher\" content=\"https:\/\/www.facebook.com\/event.wedding.planners.mallorca\" \/>\n<meta property=\"article:modified_time\" content=\"2023-03-11T12:01:32+00:00\" \/>\n<meta property=\"og:image\" content=\"https:\/\/fabeventslab.com\/wp-content\/uploads\/2023\/02\/wedding-planner-mallorca-fabeventslab.jpg\" \/>\n\t<meta property=\"og:image:width\" content=\"2000\" \/>\n\t<meta property=\"og:image:height\" content=\"1330\" \/>\n\t<meta property=\"og:image:type\" content=\"image\/jpeg\" \/>\n<meta name=\"twitter:card\" content=\"summary_large_image\" \/>\n<meta name=\"twitter:site\" content=\"@FABweddingsLAB\" \/>\n<meta name=\"twitter:label1\" content=\"Tiempo de lectura\" \/>\n\t<meta name=\"twitter:data1\" content=\"3 minutos\" \/>\n<script type=\"application\/ld+json\" class=\"yoast-schema-graph\">{\"@context\":\"https:\\\/\\\/schema.org\",\"@graph\":[{\"@type\":\"WebPage\",\"@id\":\"https:\\\/\\\/fabeventslab.com\\\/es\\\/\",\"url\":\"https:\\\/\\\/fabeventslab.com\\\/es\\\/\",\"name\":\"Organizaci\u00f3n de bodas en Mallorca | FAB events LAB\",\"isPartOf\":{\"@id\":\"https:\\\/\\\/fabeventslab.com\\\/#website\"},\"datePublished\":\"2017-01-26T11:42:31+00:00\",\"dateModified\":\"2023-03-11T12:01:32+00:00\",\"description\":\"FAB events LAB es un Wedding Planner con experiencia y experto en organizaci\u00f3n de bodas en Mallorca, celebraciones \u00fanicas y personalizadas.\",\"breadcrumb\":{\"@id\":\"https:\\\/\\\/fabeventslab.com\\\/es\\\/#breadcrumb\"},\"inLanguage\":\"es\",\"potentialAction\":[{\"@type\":\"ReadAction\",\"target\":[\"https:\\\/\\\/fabeventslab.com\\\/es\\\/\"]}]},{\"@type\":\"BreadcrumbList\",\"@id\":\"https:\\\/\\\/fabeventslab.com\\\/es\\\/#breadcrumb\",\"itemListElement\":[{\"@type\":\"ListItem\",\"position\":1,\"name\":\"Home\",\"item\":\"https:\\\/\\\/fabeventslab.com\\\/es\\\/\"},{\"@type\":\"ListItem\",\"position\":2,\"name\":\"Organizaci\u00f3n de bodas en Mallorca\"}]},{\"@type\":\"WebSite\",\"@id\":\"https:\\\/\\\/fabeventslab.com\\\/#website\",\"url\":\"https:\\\/\\\/fabeventslab.com\\\/\",\"name\":\"FAB events LAB\",\"description\":\"Wedding Planner in Mallorca\",\"publisher\":{\"@id\":\"https:\\\/\\\/fabeventslab.com\\\/#organization\"},\"potentialAction\":[{\"@type\":\"SearchAction\",\"target\":{\"@type\":\"EntryPoint\",\"urlTemplate\":\"https:\\\/\\\/fabeventslab.com\\\/?s={search_term_string}\"},\"query-input\":{\"@type\":\"PropertyValueSpecification\",\"valueRequired\":true,\"valueName\":\"search_term_string\"}}],\"inLanguage\":\"es\"},{\"@type\":\"Organization\",\"@id\":\"https:\\\/\\\/fabeventslab.com\\\/#organization\",\"name\":\"FAB events LAB Wedding Planner Mallorca\",\"alternateName\":\"FAB events LAB\",\"url\":\"https:\\\/\\\/fabeventslab.com\\\/\",\"logo\":{\"@type\":\"ImageObject\",\"inLanguage\":\"es\",\"@id\":\"https:\\\/\\\/fabeventslab.com\\\/#\\\/schema\\\/logo\\\/image\\\/\",\"url\":\"https:\\\/\\\/fabeventslab.com\\\/wp-content\\\/uploads\\\/2017\\\/05\\\/FAB-events-LAB-Wedding-Planner-Mallorca-3-Kopie.png\",\"contentUrl\":\"https:\\\/\\\/fabeventslab.com\\\/wp-content\\\/uploads\\\/2017\\\/05\\\/FAB-events-LAB-Wedding-Planner-Mallorca-3-Kopie.png\",\"width\":\"224\",\"height\":\"220\",\"caption\":\"FAB events LAB Wedding Planner Mallorca\"},\"image\":{\"@id\":\"https:\\\/\\\/fabeventslab.com\\\/#\\\/schema\\\/logo\\\/image\\\/\"},\"sameAs\":[\"https:\\\/\\\/www.facebook.com\\\/event.wedding.planners.mallorca\",\"https:\\\/\\\/x.com\\\/FABweddingsLAB\",\"https:\\\/\\\/www.instagram.com\\\/fab_events_lab\\\/\",\"https:\\\/\\\/www.linkedin.com\\\/company\\\/fab-events-lab\",\"https:\\\/\\\/es.pinterest.com\\\/mallorcaevents\\\/\",\"https:\\\/\\\/www.youtube.com\\\/channel\\\/UC-9PwyQerpHS3ULinxpawBA\"]}]}<\/script>\n<!-- \/ Yoast SEO plugin. -->","yoast_head_json":{"title":"Organizaci\u00f3n de bodas en Mallorca | FAB events LAB","description":"FAB events LAB es un Wedding Planner con experiencia y experto en organizaci\u00f3n de bodas en Mallorca, celebraciones \u00fanicas y personalizadas.","robots":{"index":"index","follow":"follow","max-snippet":"max-snippet:-1","max-image-preview":"max-image-preview:large","max-video-preview":"max-video-preview:-1"},"canonical":"https:\/\/fabeventslab.com\/es\/","og_locale":"es_ES","og_type":"article","og_title":"Organizaci\u00f3n de bodas en Mallorca | FAB events LAB","og_description":"FAB events LAB es un Wedding Planner con experiencia y experto en organizaci\u00f3n de bodas en Mallorca, celebraciones \u00fanicas y personalizadas.","og_url":"https:\/\/fabeventslab.com\/es\/","og_site_name":"FAB events LAB","article_publisher":"https:\/\/www.facebook.com\/event.wedding.planners.mallorca","article_modified_time":"2023-03-11T12:01:32+00:00","og_image":[{"width":2000,"height":1330,"url":"https:\/\/fabeventslab.com\/wp-content\/uploads\/2023\/02\/wedding-planner-mallorca-fabeventslab.jpg","type":"image\/jpeg"}],"twitter_card":"summary_large_image","twitter_site":"@FABweddingsLAB","twitter_misc":{"Tiempo de lectura":"3 minutos"},"schema":{"@context":"https:\/\/schema.org","@graph":[{"@type":"WebPage","@id":"https:\/\/fabeventslab.com\/es\/","url":"https:\/\/fabeventslab.com\/es\/","name":"Organizaci\u00f3n de bodas en Mallorca | FAB events LAB","isPartOf":{"@id":"https:\/\/fabeventslab.com\/#website"},"datePublished":"2017-01-26T11:42:31+00:00","dateModified":"2023-03-11T12:01:32+00:00","description":"FAB events LAB es un Wedding Planner con experiencia y experto en organizaci\u00f3n de bodas en Mallorca, celebraciones \u00fanicas y personalizadas.","breadcrumb":{"@id":"https:\/\/fabeventslab.com\/es\/#breadcrumb"},"inLanguage":"es","potentialAction":[{"@type":"ReadAction","target":["https:\/\/fabeventslab.com\/es\/"]}]},{"@type":"BreadcrumbList","@id":"https:\/\/fabeventslab.com\/es\/#breadcrumb","itemListElement":[{"@type":"ListItem","position":1,"name":"Home","item":"https:\/\/fabeventslab.com\/es\/"},{"@type":"ListItem","position":2,"name":"Organizaci\u00f3n de bodas en Mallorca"}]},{"@type":"WebSite","@id":"https:\/\/fabeventslab.com\/#website","url":"https:\/\/fabeventslab.com\/","name":"FAB events LAB","description":"Wedding Planner in Mallorca","publisher":{"@id":"https:\/\/fabeventslab.com\/#organization"},"potentialAction":[{"@type":"SearchAction","target":{"@type":"EntryPoint","urlTemplate":"https:\/\/fabeventslab.com\/?s={search_term_string}"},"query-input":{"@type":"PropertyValueSpecification","valueRequired":true,"valueName":"search_term_string"}}],"inLanguage":"es"},{"@type":"Organization","@id":"https:\/\/fabeventslab.com\/#organization","name":"FAB events LAB Wedding Planner Mallorca","alternateName":"FAB events LAB","url":"https:\/\/fabeventslab.com\/","logo":{"@type":"ImageObject","inLanguage":"es","@id":"https:\/\/fabeventslab.com\/#\/schema\/logo\/image\/","url":"https:\/\/fabeventslab.com\/wp-content\/uploads\/2017\/05\/FAB-events-LAB-Wedding-Planner-Mallorca-3-Kopie.png","contentUrl":"https:\/\/fabeventslab.com\/wp-content\/uploads\/2017\/05\/FAB-events-LAB-Wedding-Planner-Mallorca-3-Kopie.png","width":"224","height":"220","caption":"FAB events LAB Wedding Planner Mallorca"},"image":{"@id":"https:\/\/fabeventslab.com\/#\/schema\/logo\/image\/"},"sameAs":["https:\/\/www.facebook.com\/event.wedding.planners.mallorca","https:\/\/x.com\/FABweddingsLAB","https:\/\/www.instagram.com\/fab_events_lab\/","https:\/\/www.linkedin.com\/company\/fab-events-lab","https:\/\/es.pinterest.com\/mallorcaevents\/","https:\/\/www.youtube.com\/channel\/UC-9PwyQerpHS3ULinxpawBA"]}]}},"_links":{"self":[{"href":"https:\/\/fabeventslab.com\/es\/wp-json\/wp\/v2\/pages\/3385","targetHints":{"allow":["GET"]}}],"collection":[{"href":"https:\/\/fabeventslab.com\/es\/wp-json\/wp\/v2\/pages"}],"about":[{"href":"https:\/\/fabeventslab.com\/es\/wp-json\/wp\/v2\/types\/page"}],"author":[{"embeddable":true,"href":"https:\/\/fabeventslab.com\/es\/wp-json\/wp\/v2\/users\/3"}],"replies":[{"embeddable":true,"href":"https:\/\/fabeventslab.com\/es\/wp-json\/wp\/v2\/comments?post=3385"}],"version-history":[{"count":13,"href":"https:\/\/fabeventslab.com\/es\/wp-json\/wp\/v2\/pages\/3385\/revisions"}],"predecessor-version":[{"id":6017,"href":"https:\/\/fabeventslab.com\/es\/wp-json\/wp\/v2\/pages\/3385\/revisions\/6017"}],"wp:attachment":[{"href":"https:\/\/fabeventslab.com\/es\/wp-json\/wp\/v2\/media?parent=3385"}],"curies":[{"name":"wp","href":"https:\/\/api.w.org\/{rel}","templated":true}]}}