{"id":372,"date":"2014-10-14T19:38:28","date_gmt":"2014-10-14T17:38:28","guid":{"rendered":"http:\/\/fabeventslab.com\/?page_id=372"},"modified":"2023-03-11T13:37:09","modified_gmt":"2023-03-11T11:37:09","slug":"organizacion-de-bodas-en-mallorca","status":"publish","type":"page","link":"https:\/\/fabeventslab.com\/es\/organizacion-de-bodas-en-mallorca\/","title":{"rendered":"Wedding Planner FAB events LAB"},"content":{"rendered":"<div class=\"wpb-content-wrapper\"><p>[vc_row full_width=\u00bbstretch_row\u00bb full_height=\u00bbyes\u00bb css=\u00bb.vc_custom_1569145892295{margin-top: 0px !important;margin-bottom: 0px !important;background-image: url(https:\/\/fabeventslab.com\/wp-content\/uploads\/2019\/09\/Wedding-Planning-Mallorca.jpg?id=4495) !important;background-position: center !important;background-repeat: no-repeat !important;background-size: cover !important;}\u00bb][vc_column width=\u00bb1\/2&#8243;]<h2 class=\"ozy-divider-cap-left wpb_content_element \"  style=\"color:#000000\" >Bienvenidos a FAB events LAB<\/h2><div class=\"ozy-content-divider \" style=\"border-top-style:solid;border-top-width:1px;border-top-color:#000000!important;width:40px;max-width:40px;left:0;\"><\/div>[vc_custom_heading text=\u00bbNuestro compromiso le permitir\u00e1 organizar su boda 100% libre de estr\u00e9s.\u00bb font_container=\u00bbtag:h4|text_align:left|color:%23000000&#8243; use_theme_fonts=\u00bbyes\u00bb css=\u00bb.vc_custom_1569146014019{margin-top: 30px !important;}\u00bb][\/vc_column][vc_column width=\u00bb1\/2&#8243;][\/vc_column][\/vc_row][vc_row][vc_column][vc_column_text]<\/p>\n<h2>Con\u00f3cenos<\/h2>\n<p><strong>FAB events LAB\u00a0<\/strong>organiza <em>magnificas e inolvidables bodas<\/em> en Mallorca. El nuestro es un enfoque personal y a medida dentro de la organizaci\u00f3n de bodas. En FAB events LAB nos sentimos orgullosos de ser el organizador favorito de un gran n\u00famero de proveedores y clientes. Nuestro compromiso te permitir\u00e1 organizar tu boda garantiz\u00e1ndote un d\u00eda excelente y 100% libre de estr\u00e9s.<\/p>\n<p><a href=\"http:\/\/fabeventslab.com\/wp-content\/uploads\/2017\/05\/FAB-events-LAB-Wedding-Planner-Mallorca-3.png\"><img decoding=\"async\" class=\"alignright wp-image-3290 size-medium\" src=\"http:\/\/fabeventslab.com\/wp-content\/uploads\/2017\/05\/FAB-events-LAB-Wedding-Planner-Mallorca-3-300x225.png\" alt=\"FAB events LAB Wedding Planner Mallorca 3\" width=\"300\" height=\"225\" srcset=\"https:\/\/fabeventslab.com\/wp-content\/uploads\/2017\/05\/FAB-events-LAB-Wedding-Planner-Mallorca-3-300x225.png 300w, https:\/\/fabeventslab.com\/wp-content\/uploads\/2017\/05\/FAB-events-LAB-Wedding-Planner-Mallorca-3.png 640w\" sizes=\"(max-width: 300px) 100vw, 300px\" \/><\/a><\/p>\n<h2>Acerca de Fabr\u00edcio\u00a0(fundador y organizador principal)<\/h2>\n<p>Fab enfoca su trabajo como una oportunidad para <strong>hacer realidad los sue\u00f1os de la gente<\/strong>. Es <em>reflexivo, creativo y cumplidor<\/em> con cada uno de los proyectos que le son encomendados, cualidades que hacen de \u00e9l una persona claramente llamada a desempe\u00f1ar la profesi\u00f3n de organizaci\u00f3n de bodas. Se considera sumamente preparado para desarrollar una actividad que realmente le apasiona.<\/p>\n<p>&nbsp;<\/p>\n<h3>Leer m\u00e1s:<\/h3>\n<p>\u21d2 <a href=\"http:\/\/fabeventslab.com\/es\/organizador-bodas-mallorca\/\">Organizaci\u00f3n de bodas en Mallorca<\/a>:\u00a0Mallorca permite celebrar ceremonias de boda y renovaci\u00f3n de votos espectaculares gracias a unos entornos maravillosos &#8230;<\/p>\n<p>\u21d2 <a href=\"https:\/\/fabeventslab.com\/es\/organizador-bodas-mallorca\/testimonios\/\">Testimonios<\/a>: Hemos tenido el incre\u00edble placer de trabajar con algunas de las parejas m\u00e1s maravillosas de todo el mundo &#8230;<\/p>\n<p>\u21d2\u00a0<a href=\"http:\/\/fabeventslab.com\/es\/organizador-bodas-mallorca\/catering-eventos-bodas\/\">Catering para eventos y bodas en Mallorca<\/a>: Nuestro servicio de catering en Mallorca, dise\u00f1ado seg\u00fan tus necesidades, cuenta con productos de primera calidad &#8230;<\/p>\n<p>\u21d2 <a href=\"https:\/\/fabeventslab.com\/es\/fincas-para-bodas-en-mallorca\/\">Fincas para bodas en Mallorca<\/a>: Aqu\u00ed te mostramos una galer\u00eda con espacios para bodas en Mallorca. \u00a1Cu\u00e9ntenos cual te gusta m\u00e1s![\/vc_column_text][\/vc_column][\/vc_row]<\/p>\n<\/div>","protected":false},"excerpt":{"rendered":"<p>[vc_row full_width=\u00bbstretch_row\u00bb full_height=\u00bbyes\u00bb css=\u00bb.vc_custom_1569145892295{margin-top: 0px !important;margin-bottom: 0px !important;background-image: url(https:\/\/fabeventslab.com\/wp-content\/uploads\/2019\/09\/Wedding-Planning-Mallorca.jpg?id=4495) !important;background-position: center !important;background-repeat: no-repeat !important;background-size: cover !important;}\u00bb][vc_column width=\u00bb1\/2&#8243;][vc_custom_heading text=\u00bbNuestro compromiso le permitir\u00e1 organizar su boda 100% libre de estr\u00e9s.\u00bb font_container=\u00bbtag:h4|text_align:left|color:%23000000&#8243; use_theme_fonts=\u00bbyes\u00bb [&hellip;]<\/p>\n","protected":false},"author":3,"featured_media":0,"parent":0,"menu_order":0,"comment_status":"closed","ping_status":"closed","template":"","meta":{"_monsterinsights_skip_tracking":false,"_monsterinsights_sitenote_active":false,"_monsterinsights_sitenote_note":"","_monsterinsights_sitenote_category":0,"footnotes":""},"class_list":["post-372","page","type-page","status-publish","hentry"],"yoast_head":"<!-- This site is optimized with the Yoast SEO plugin v27.3 - https:\/\/yoast.com\/product\/yoast-seo-wordpress\/ -->\n<title>Wedding Planner FAB events LAB: Con\u00f3cenos<\/title>\n<meta name=\"description\" content=\"Wedding Planner FAB events LAB\u00a0organiza magnificas e inolvidables bodas en Mallorca. El nuestro es un enfoque personal y a medida.\" \/>\n<meta name=\"robots\" content=\"index, follow, max-snippet:-1, max-image-preview:large, max-video-preview:-1\" \/>\n<link rel=\"canonical\" href=\"https:\/\/fabeventslab.com\/es\/organizacion-de-bodas-en-mallorca\/\" \/>\n<meta property=\"og:locale\" content=\"es_ES\" \/>\n<meta property=\"og:type\" content=\"article\" \/>\n<meta property=\"og:title\" content=\"Wedding Planner FAB events LAB: Con\u00f3cenos\" \/>\n<meta property=\"og:description\" content=\"Wedding Planner FAB events LAB\u00a0organiza magnificas e inolvidables bodas en Mallorca. El nuestro es un enfoque personal y a medida.\" \/>\n<meta property=\"og:url\" content=\"https:\/\/fabeventslab.com\/es\/organizacion-de-bodas-en-mallorca\/\" \/>\n<meta property=\"og:site_name\" content=\"FAB events LAB\" \/>\n<meta property=\"article:publisher\" content=\"https:\/\/www.facebook.com\/event.wedding.planners.mallorca\" \/>\n<meta property=\"article:modified_time\" content=\"2023-03-11T11:37:09+00:00\" \/>\n<meta property=\"og:image\" content=\"http:\/\/fabeventslab.com\/wp-content\/uploads\/2017\/05\/FAB-events-LAB-Wedding-Planner-Mallorca-3-300x225.png\" \/>\n<meta name=\"twitter:card\" content=\"summary_large_image\" \/>\n<meta name=\"twitter:site\" content=\"@FABweddingsLAB\" \/>\n<meta name=\"twitter:label1\" content=\"Tiempo de lectura\" \/>\n\t<meta name=\"twitter:data1\" content=\"2 minutos\" \/>\n<script type=\"application\/ld+json\" class=\"yoast-schema-graph\">{\"@context\":\"https:\\\/\\\/schema.org\",\"@graph\":[{\"@type\":\"WebPage\",\"@id\":\"https:\\\/\\\/fabeventslab.com\\\/es\\\/organizacion-de-bodas-en-mallorca\\\/\",\"url\":\"https:\\\/\\\/fabeventslab.com\\\/es\\\/organizacion-de-bodas-en-mallorca\\\/\",\"name\":\"Wedding Planner FAB events LAB: Con\u00f3cenos\",\"isPartOf\":{\"@id\":\"https:\\\/\\\/fabeventslab.com\\\/#website\"},\"primaryImageOfPage\":{\"@id\":\"https:\\\/\\\/fabeventslab.com\\\/es\\\/organizacion-de-bodas-en-mallorca\\\/#primaryimage\"},\"image\":{\"@id\":\"https:\\\/\\\/fabeventslab.com\\\/es\\\/organizacion-de-bodas-en-mallorca\\\/#primaryimage\"},\"thumbnailUrl\":\"http:\\\/\\\/fabeventslab.com\\\/wp-content\\\/uploads\\\/2017\\\/05\\\/FAB-events-LAB-Wedding-Planner-Mallorca-3-300x225.png\",\"datePublished\":\"2014-10-14T17:38:28+00:00\",\"dateModified\":\"2023-03-11T11:37:09+00:00\",\"description\":\"Wedding Planner FAB events LAB\u00a0organiza magnificas e inolvidables bodas en Mallorca. El nuestro es un enfoque personal y a medida.\",\"breadcrumb\":{\"@id\":\"https:\\\/\\\/fabeventslab.com\\\/es\\\/organizacion-de-bodas-en-mallorca\\\/#breadcrumb\"},\"inLanguage\":\"es\",\"potentialAction\":[{\"@type\":\"ReadAction\",\"target\":[\"https:\\\/\\\/fabeventslab.com\\\/es\\\/organizacion-de-bodas-en-mallorca\\\/\"]}]},{\"@type\":\"ImageObject\",\"inLanguage\":\"es\",\"@id\":\"https:\\\/\\\/fabeventslab.com\\\/es\\\/organizacion-de-bodas-en-mallorca\\\/#primaryimage\",\"url\":\"http:\\\/\\\/fabeventslab.com\\\/wp-content\\\/uploads\\\/2017\\\/05\\\/FAB-events-LAB-Wedding-Planner-Mallorca-3-300x225.png\",\"contentUrl\":\"http:\\\/\\\/fabeventslab.com\\\/wp-content\\\/uploads\\\/2017\\\/05\\\/FAB-events-LAB-Wedding-Planner-Mallorca-3-300x225.png\"},{\"@type\":\"BreadcrumbList\",\"@id\":\"https:\\\/\\\/fabeventslab.com\\\/es\\\/organizacion-de-bodas-en-mallorca\\\/#breadcrumb\",\"itemListElement\":[{\"@type\":\"ListItem\",\"position\":1,\"name\":\"Home\",\"item\":\"https:\\\/\\\/fabeventslab.com\\\/es\\\/\"},{\"@type\":\"ListItem\",\"position\":2,\"name\":\"Wedding Planner FAB events LAB\"}]},{\"@type\":\"WebSite\",\"@id\":\"https:\\\/\\\/fabeventslab.com\\\/#website\",\"url\":\"https:\\\/\\\/fabeventslab.com\\\/\",\"name\":\"FAB events LAB\",\"description\":\"Wedding Planner in Mallorca\",\"publisher\":{\"@id\":\"https:\\\/\\\/fabeventslab.com\\\/#organization\"},\"potentialAction\":[{\"@type\":\"SearchAction\",\"target\":{\"@type\":\"EntryPoint\",\"urlTemplate\":\"https:\\\/\\\/fabeventslab.com\\\/?s={search_term_string}\"},\"query-input\":{\"@type\":\"PropertyValueSpecification\",\"valueRequired\":true,\"valueName\":\"search_term_string\"}}],\"inLanguage\":\"es\"},{\"@type\":\"Organization\",\"@id\":\"https:\\\/\\\/fabeventslab.com\\\/#organization\",\"name\":\"FAB events LAB Wedding Planner Mallorca\",\"alternateName\":\"FAB events LAB\",\"url\":\"https:\\\/\\\/fabeventslab.com\\\/\",\"logo\":{\"@type\":\"ImageObject\",\"inLanguage\":\"es\",\"@id\":\"https:\\\/\\\/fabeventslab.com\\\/#\\\/schema\\\/logo\\\/image\\\/\",\"url\":\"https:\\\/\\\/fabeventslab.com\\\/wp-content\\\/uploads\\\/2017\\\/05\\\/FAB-events-LAB-Wedding-Planner-Mallorca-3-Kopie.png\",\"contentUrl\":\"https:\\\/\\\/fabeventslab.com\\\/wp-content\\\/uploads\\\/2017\\\/05\\\/FAB-events-LAB-Wedding-Planner-Mallorca-3-Kopie.png\",\"width\":\"224\",\"height\":\"220\",\"caption\":\"FAB events LAB Wedding Planner Mallorca\"},\"image\":{\"@id\":\"https:\\\/\\\/fabeventslab.com\\\/#\\\/schema\\\/logo\\\/image\\\/\"},\"sameAs\":[\"https:\\\/\\\/www.facebook.com\\\/event.wedding.planners.mallorca\",\"https:\\\/\\\/x.com\\\/FABweddingsLAB\",\"https:\\\/\\\/www.instagram.com\\\/fab_events_lab\\\/\",\"https:\\\/\\\/www.linkedin.com\\\/company\\\/fab-events-lab\",\"https:\\\/\\\/es.pinterest.com\\\/mallorcaevents\\\/\",\"https:\\\/\\\/www.youtube.com\\\/channel\\\/UC-9PwyQerpHS3ULinxpawBA\"]}]}<\/script>\n<!-- \/ Yoast SEO plugin. -->","yoast_head_json":{"title":"Wedding Planner FAB events LAB: Con\u00f3cenos","description":"Wedding Planner FAB events LAB\u00a0organiza magnificas e inolvidables bodas en Mallorca. El nuestro es un enfoque personal y a medida.","robots":{"index":"index","follow":"follow","max-snippet":"max-snippet:-1","max-image-preview":"max-image-preview:large","max-video-preview":"max-video-preview:-1"},"canonical":"https:\/\/fabeventslab.com\/es\/organizacion-de-bodas-en-mallorca\/","og_locale":"es_ES","og_type":"article","og_title":"Wedding Planner FAB events LAB: Con\u00f3cenos","og_description":"Wedding Planner FAB events LAB\u00a0organiza magnificas e inolvidables bodas en Mallorca. El nuestro es un enfoque personal y a medida.","og_url":"https:\/\/fabeventslab.com\/es\/organizacion-de-bodas-en-mallorca\/","og_site_name":"FAB events LAB","article_publisher":"https:\/\/www.facebook.com\/event.wedding.planners.mallorca","article_modified_time":"2023-03-11T11:37:09+00:00","og_image":[{"url":"http:\/\/fabeventslab.com\/wp-content\/uploads\/2017\/05\/FAB-events-LAB-Wedding-Planner-Mallorca-3-300x225.png","type":"","width":"","height":""}],"twitter_card":"summary_large_image","twitter_site":"@FABweddingsLAB","twitter_misc":{"Tiempo de lectura":"2 minutos"},"schema":{"@context":"https:\/\/schema.org","@graph":[{"@type":"WebPage","@id":"https:\/\/fabeventslab.com\/es\/organizacion-de-bodas-en-mallorca\/","url":"https:\/\/fabeventslab.com\/es\/organizacion-de-bodas-en-mallorca\/","name":"Wedding Planner FAB events LAB: Con\u00f3cenos","isPartOf":{"@id":"https:\/\/fabeventslab.com\/#website"},"primaryImageOfPage":{"@id":"https:\/\/fabeventslab.com\/es\/organizacion-de-bodas-en-mallorca\/#primaryimage"},"image":{"@id":"https:\/\/fabeventslab.com\/es\/organizacion-de-bodas-en-mallorca\/#primaryimage"},"thumbnailUrl":"http:\/\/fabeventslab.com\/wp-content\/uploads\/2017\/05\/FAB-events-LAB-Wedding-Planner-Mallorca-3-300x225.png","datePublished":"2014-10-14T17:38:28+00:00","dateModified":"2023-03-11T11:37:09+00:00","description":"Wedding Planner FAB events LAB\u00a0organiza magnificas e inolvidables bodas en Mallorca. El nuestro es un enfoque personal y a medida.","breadcrumb":{"@id":"https:\/\/fabeventslab.com\/es\/organizacion-de-bodas-en-mallorca\/#breadcrumb"},"inLanguage":"es","potentialAction":[{"@type":"ReadAction","target":["https:\/\/fabeventslab.com\/es\/organizacion-de-bodas-en-mallorca\/"]}]},{"@type":"ImageObject","inLanguage":"es","@id":"https:\/\/fabeventslab.com\/es\/organizacion-de-bodas-en-mallorca\/#primaryimage","url":"http:\/\/fabeventslab.com\/wp-content\/uploads\/2017\/05\/FAB-events-LAB-Wedding-Planner-Mallorca-3-300x225.png","contentUrl":"http:\/\/fabeventslab.com\/wp-content\/uploads\/2017\/05\/FAB-events-LAB-Wedding-Planner-Mallorca-3-300x225.png"},{"@type":"BreadcrumbList","@id":"https:\/\/fabeventslab.com\/es\/organizacion-de-bodas-en-mallorca\/#breadcrumb","itemListElement":[{"@type":"ListItem","position":1,"name":"Home","item":"https:\/\/fabeventslab.com\/es\/"},{"@type":"ListItem","position":2,"name":"Wedding Planner FAB events LAB"}]},{"@type":"WebSite","@id":"https:\/\/fabeventslab.com\/#website","url":"https:\/\/fabeventslab.com\/","name":"FAB events LAB","description":"Wedding Planner in Mallorca","publisher":{"@id":"https:\/\/fabeventslab.com\/#organization"},"potentialAction":[{"@type":"SearchAction","target":{"@type":"EntryPoint","urlTemplate":"https:\/\/fabeventslab.com\/?s={search_term_string}"},"query-input":{"@type":"PropertyValueSpecification","valueRequired":true,"valueName":"search_term_string"}}],"inLanguage":"es"},{"@type":"Organization","@id":"https:\/\/fabeventslab.com\/#organization","name":"FAB events LAB Wedding Planner Mallorca","alternateName":"FAB events LAB","url":"https:\/\/fabeventslab.com\/","logo":{"@type":"ImageObject","inLanguage":"es","@id":"https:\/\/fabeventslab.com\/#\/schema\/logo\/image\/","url":"https:\/\/fabeventslab.com\/wp-content\/uploads\/2017\/05\/FAB-events-LAB-Wedding-Planner-Mallorca-3-Kopie.png","contentUrl":"https:\/\/fabeventslab.com\/wp-content\/uploads\/2017\/05\/FAB-events-LAB-Wedding-Planner-Mallorca-3-Kopie.png","width":"224","height":"220","caption":"FAB events LAB Wedding Planner Mallorca"},"image":{"@id":"https:\/\/fabeventslab.com\/#\/schema\/logo\/image\/"},"sameAs":["https:\/\/www.facebook.com\/event.wedding.planners.mallorca","https:\/\/x.com\/FABweddingsLAB","https:\/\/www.instagram.com\/fab_events_lab\/","https:\/\/www.linkedin.com\/company\/fab-events-lab","https:\/\/es.pinterest.com\/mallorcaevents\/","https:\/\/www.youtube.com\/channel\/UC-9PwyQerpHS3ULinxpawBA"]}]}},"_links":{"self":[{"href":"https:\/\/fabeventslab.com\/es\/wp-json\/wp\/v2\/pages\/372","targetHints":{"allow":["GET"]}}],"collection":[{"href":"https:\/\/fabeventslab.com\/es\/wp-json\/wp\/v2\/pages"}],"about":[{"href":"https:\/\/fabeventslab.com\/es\/wp-json\/wp\/v2\/types\/page"}],"author":[{"embeddable":true,"href":"https:\/\/fabeventslab.com\/es\/wp-json\/wp\/v2\/users\/3"}],"replies":[{"embeddable":true,"href":"https:\/\/fabeventslab.com\/es\/wp-json\/wp\/v2\/comments?post=372"}],"version-history":[{"count":4,"href":"https:\/\/fabeventslab.com\/es\/wp-json\/wp\/v2\/pages\/372\/revisions"}],"predecessor-version":[{"id":4499,"href":"https:\/\/fabeventslab.com\/es\/wp-json\/wp\/v2\/pages\/372\/revisions\/4499"}],"wp:attachment":[{"href":"https:\/\/fabeventslab.com\/es\/wp-json\/wp\/v2\/media?parent=372"}],"curies":[{"name":"wp","href":"https:\/\/api.w.org\/{rel}","templated":true}]}}