{"id":4674,"date":"2023-01-14T19:23:18","date_gmt":"2023-01-14T17:23:18","guid":{"rendered":"https:\/\/fabeventslab.com\/organizador-bodas-mallorca\/testimonios-de-nuestro-servicio-de-organizacion-de-bodas-en-mallorca\/"},"modified":"2023-01-14T19:27:28","modified_gmt":"2023-01-14T17:27:28","slug":"testimonios","status":"publish","type":"page","link":"https:\/\/fabeventslab.com\/es\/organizador-bodas-mallorca\/testimonios\/","title":{"rendered":"Testimonios sobre nuestro servicio de organizaci\u00f3n de bodas en Mallorca"},"content":{"rendered":"<div class=\"wpb-content-wrapper\"><p>[vc_row full_width=\u00bbstretch_row\u00bb full_height=\u00bbyes\u00bb css=\u00bb.vc_custom_1495220905944{background-image: url(https:\/\/fabeventslab.com\/wp-content\/uploads\/2023\/01\/Mallorca-Wedding-Planner.jpg?id=3648) !important;background-position: center !important;background-repeat: no-repeat !important;background-size: cover !important;}\u00bb][vc_column][\/vc_column][\/vc_row][vc_row][vc_column][vc_column_text]<\/p>\n<h2>\u00bfEst\u00e1 buscando testimonios sobre wedding planners en Mallorca?<\/h2>\n<p>Hemos tenido el incre\u00edble placer de trabajar con algunas de las parejas m\u00e1s maravillosas de todo el mundo.<\/p>\n<p>A continuaci\u00f3n puedes encontrar algunas <em>opiniones de clientes<\/em> sobre nuestros <a href=\"https:\/\/fabeventslab.com\/es\/organizacion-de-bodas-en-mallorca\/\">servicios de organizaci\u00f3n de bodas en Mallorca<\/a>.<\/p>\n<p><strong>M\u00e1s rese\u00f1as<\/strong> encontrar\u00e1s en nuestra p\u00e1gina de <a href=\"https:\/\/www.google.com\/search?q=fab+events+lab&amp;rlz=1C1JZAP_esES715ES715&amp;oq=fab+events+lab&amp;aqs=chrome.0.69i59l2j0i512j0i22i30l2j69i60l3.4255j0j7&amp;sourceid=chrome&amp;ie=UTF-8#lrd=0x12979823b9d5f4e5:0x7594d3c80a448f1c,1,,,,\">Google<\/a> o en la cuenta de <a href=\"https:\/\/www.facebook.com\/event.wedding.planners.mallorca\/reviews\">Facebook<\/a>.<\/p>\n<p>&nbsp;<\/p>\n<h2><a href=\"https:\/\/fabeventslab.com\/wp-content\/uploads\/2023\/01\/cm-wedding-planner-mallorca-review-1024x683.jpg\"><img decoding=\"async\" class=\" wp-image-4640 alignleft\" src=\"https:\/\/fabeventslab.com\/wp-content\/uploads\/2023\/01\/cm-wedding-planner-mallorca-review-1024x683.jpg\" alt=\"C&amp;M Wedding Planner Mallorca Review\" width=\"704\" height=\"469\" srcset=\"https:\/\/fabeventslab.com\/wp-content\/uploads\/2023\/01\/cm-wedding-planner-mallorca-review-1024x683.jpg 1024w, https:\/\/fabeventslab.com\/wp-content\/uploads\/2023\/01\/cm-wedding-planner-mallorca-review-300x200.jpg 300w, https:\/\/fabeventslab.com\/wp-content\/uploads\/2023\/01\/cm-wedding-planner-mallorca-review-768x512.jpg 768w, https:\/\/fabeventslab.com\/wp-content\/uploads\/2023\/01\/cm-wedding-planner-mallorca-review-1536x1024.jpg 1536w, https:\/\/fabeventslab.com\/wp-content\/uploads\/2023\/01\/cm-wedding-planner-mallorca-review-1144x763.jpg 1144w, https:\/\/fabeventslab.com\/wp-content\/uploads\/2023\/01\/cm-wedding-planner-mallorca-review.jpg 1600w\" sizes=\"(max-width: 704px) 100vw, 704px\" \/><\/a>La planificaci\u00f3n y organizaci\u00f3n de la boda antes del gran d\u00eda fue f\u00e1cil y sin estr\u00e9s<\/h2>\n<p>\u00abNos encant\u00f3 trabajar con Fab en la organizaci\u00f3n de nuestra boda. Cuando hablamos con \u00e9l por primera vez, nos dio una descripci\u00f3n muy clara de cu\u00e1l ser\u00eda su papel y sab\u00edamos que su enfoque era exactamente lo que necesit\u00e1bamos.<\/p>\n<p>La planificaci\u00f3n y organizaci\u00f3n del evento hasta el gran d\u00eda fue f\u00e1cil y sin estr\u00e9s. Disfrut\u00e9 mucho trabajando con Fab en los detalles, se ajust\u00f3 a nuestro presupuesto y nos dio algunas recomendaciones y alternativas estupendas. El d\u00eda en s\u00ed fue perfecto, Fab y Dani son incre\u00edblemente tranquilos y se lo toman todo con calma, es muy agradable trabajar con ellos y son muy dignos de confianza. Recomendar\u00eda encarecidamente a cualquiera que quiera casarse en Mallorca que trabaje con Fab\u00bb.<\/p>\n<p>C\u2661M<\/p>\n<p>&nbsp;<\/p>\n<p>&nbsp;<\/p>\n<p>&nbsp;<\/p>\n<p>&nbsp;<\/p>\n<h2><a href=\"https:\/\/fabeventslab.com\/wp-content\/uploads\/2023\/01\/cg-wedding-planner-mallorca-review-1024x683.jpg\"><img decoding=\"async\" class=\"wp-image-4643 alignright\" src=\"https:\/\/fabeventslab.com\/wp-content\/uploads\/2023\/01\/cg-wedding-planner-mallorca-review-1024x683.jpg\" alt=\"C&amp;G Wedding Planner Mallorca Review\" width=\"698\" height=\"466\" srcset=\"https:\/\/fabeventslab.com\/wp-content\/uploads\/2023\/01\/cg-wedding-planner-mallorca-review-1024x683.jpg 1024w, https:\/\/fabeventslab.com\/wp-content\/uploads\/2023\/01\/cg-wedding-planner-mallorca-review-300x200.jpg 300w, https:\/\/fabeventslab.com\/wp-content\/uploads\/2023\/01\/cg-wedding-planner-mallorca-review-768x512.jpg 768w, https:\/\/fabeventslab.com\/wp-content\/uploads\/2023\/01\/cg-wedding-planner-mallorca-review-1536x1024.jpg 1536w, https:\/\/fabeventslab.com\/wp-content\/uploads\/2023\/01\/cg-wedding-planner-mallorca-review-1144x763.jpg 1144w, https:\/\/fabeventslab.com\/wp-content\/uploads\/2023\/01\/cg-wedding-planner-mallorca-review.jpg 1773w\" sizes=\"(max-width: 698px) 100vw, 698px\" \/><\/a>No podr\u00edamos estar m\u00e1s contentos con el resultado<\/h2>\n<p>\u00abFab es un EXPERTO y de alguna manera consigui\u00f3 la boda de ensue\u00f1o m\u00e1s bonita para la novia m\u00e1s exigente del mundo. Fue capaz de asegurar una finca dif\u00edcil de conseguir, los mejores proveedores, y orquestar todas las piezas durante el Covid y dos aplazamientos. Cualquier cosa que le ped\u00ed, y me refiero a cualquier cosa, no importa que espec\u00edfico fue (por ejemplo <em>macarons<\/em> de caviar), lo hizo realidad. Fab fue capaz de entender r\u00e1pidamente mi visi\u00f3n y siempre ten\u00eda una opini\u00f3n sobre lo que har\u00eda o no tendr\u00eda sentido para que todo pudiera unirse de una manera perfecta. No podr\u00eda estar m\u00e1s contenta con el resultado\u00bb.<\/p>\n<p>C\u2661G<\/p>\n<p>&nbsp;<\/p>\n<p>&nbsp;<\/p>\n<p>&nbsp;<\/p>\n<p>&nbsp;<\/p>\n<p>&nbsp;<\/p>\n<p>&nbsp;<\/p>\n<p>&nbsp;<\/p>\n<h2><a href=\"https:\/\/fabeventslab.com\/wp-content\/uploads\/2023\/01\/sj-wedding-planner-mallorca-review-1024x684.jpg\"><img decoding=\"async\" class=\" wp-image-4646 alignleft\" src=\"https:\/\/fabeventslab.com\/wp-content\/uploads\/2023\/01\/sj-wedding-planner-mallorca-review-1024x684.jpg\" alt=\"S&amp;J Wedding Planner Mallorca Review\" width=\"707\" height=\"472\" srcset=\"https:\/\/fabeventslab.com\/wp-content\/uploads\/2023\/01\/sj-wedding-planner-mallorca-review-1024x684.jpg 1024w, https:\/\/fabeventslab.com\/wp-content\/uploads\/2023\/01\/sj-wedding-planner-mallorca-review-300x200.jpg 300w, https:\/\/fabeventslab.com\/wp-content\/uploads\/2023\/01\/sj-wedding-planner-mallorca-review-768x513.jpg 768w, https:\/\/fabeventslab.com\/wp-content\/uploads\/2023\/01\/sj-wedding-planner-mallorca-review-1144x764.jpg 1144w, https:\/\/fabeventslab.com\/wp-content\/uploads\/2023\/01\/sj-wedding-planner-mallorca-review.jpg 1200w\" sizes=\"(max-width: 707px) 100vw, 707px\" \/><\/a>Tiene buenas relaciones con los mejores lugares de Mallorca, as\u00ed como una gran selecci\u00f3n de proveedores<\/h2>\n<p>\u00abNuestra reciente boda en Mallorca fue el momento m\u00e1s fant\u00e1stico de nuestras vidas&#8230; pero no podr\u00edamos haberlo hecho sin el incre\u00edble servicio, los detalles y la inspiraci\u00f3n de Fab. Todo, desde el principio hasta el final, fue muy f\u00e1cil y se pens\u00f3 en cada peque\u00f1o detalle. Fab realmente escuch\u00f3 nuestros comentarios y necesidades, y cre\u00f3 el escenario m\u00e1s m\u00e1gico para nuestro d\u00eda especial. Fab fue siempre muy receptivo y profesional, su dedicaci\u00f3n y pasi\u00f3n realmente se nota. Realmente no podemos recomendarle lo suficiente si est\u00e1s pensando en contratarlo como wedding planner. Fab tiene relaciones con los mejores lugares en Mallorca, as\u00ed como una gran selecci\u00f3n de proveedores, sacando todo el trabajo duro \u00ab.<\/p>\n<p>S\u2661J<\/p>\n<p>&nbsp;<\/p>\n<p>&nbsp;<\/p>\n<p>&nbsp;<\/p>\n<p>&nbsp;<\/p>\n<h2><a href=\"https:\/\/fabeventslab.com\/wp-content\/uploads\/2023\/01\/cj-mallorca-wedding-planner-review.jpg\"><img decoding=\"async\" class=\" wp-image-4651 alignright\" src=\"https:\/\/fabeventslab.com\/wp-content\/uploads\/2023\/01\/cj-mallorca-wedding-planner-review.jpg\" alt=\"C&amp;J Wedding Planner Mallorca Review\" width=\"709\" height=\"496\" srcset=\"https:\/\/fabeventslab.com\/wp-content\/uploads\/2023\/01\/cj-mallorca-wedding-planner-review.jpg 1025w, https:\/\/fabeventslab.com\/wp-content\/uploads\/2023\/01\/cj-mallorca-wedding-planner-review-300x210.jpg 300w, https:\/\/fabeventslab.com\/wp-content\/uploads\/2023\/01\/cj-mallorca-wedding-planner-review-768x537.jpg 768w\" sizes=\"(max-width: 709px) 100vw, 709px\" \/><\/a>Le estamos muy agradecidos por hacer que todo saliera como hab\u00edamos so\u00f1ado<\/h2>\n<p>\u00abFab y su equipo crearon el d\u00eda m\u00e1s bonito para mi marido y para m\u00ed, no podr\u00edamos haber pedido m\u00e1s. De principio a fin fue receptivo, amable, extremadamente organizado e hizo que la experiencia de la planificaci\u00f3n fuera muy agradable. Debido a la pandemia, Fab tuvo que reorganizar la boda varias veces y le estamos muy agradecidos por hacerla realidad tal y como hab\u00edamos so\u00f1ado. Muchas gracias, Fab y Dani\u00bb.<\/p>\n<p>C\u2661J<\/p>\n<p>&nbsp;<\/p>\n<p>&nbsp;<\/p>\n<p>&nbsp;<\/p>\n<p>&nbsp;<\/p>\n<p>&nbsp;<\/p>\n<p>&nbsp;<\/p>\n<p>&nbsp;<\/p>\n<p>&nbsp;<\/p>\n<h2><a href=\"https:\/\/fabeventslab.com\/wp-content\/uploads\/2023\/01\/lr-wedding-planner-mallorca-review.jpg\"><img decoding=\"async\" class=\" wp-image-4654 alignleft\" src=\"https:\/\/fabeventslab.com\/wp-content\/uploads\/2023\/01\/lr-wedding-planner-mallorca-review.jpg\" alt=\"L&amp;R Wedding Planner Mallorca Reviews\" width=\"699\" height=\"466\" srcset=\"https:\/\/fabeventslab.com\/wp-content\/uploads\/2023\/01\/lr-wedding-planner-mallorca-review.jpg 1024w, https:\/\/fabeventslab.com\/wp-content\/uploads\/2023\/01\/lr-wedding-planner-mallorca-review-300x200.jpg 300w, https:\/\/fabeventslab.com\/wp-content\/uploads\/2023\/01\/lr-wedding-planner-mallorca-review-768x512.jpg 768w\" sizes=\"(max-width: 699px) 100vw, 699px\" \/><\/a><\/h2>\n<h2>Realmente tuvimos el mejor d\u00eda de nuestras vidas<\/h2>\n<p>\u00abNo podr\u00eda recomendar lo suficiente a Fab y a su equipo, Dani en particular. De principio a fin, todo el proceso fue fluido, profesional y agradable. Fue un placer absoluto y estamos muy contentos de haberles elegido y confiado nuestro gran d\u00eda. Realmente tuvimos el mejor d\u00eda de nuestras vidas. Fab cre\u00f3 la atm\u00f3sfera y el entorno m\u00e1s perfectos para ello. No tenemos palabras para agradec\u00e9rselo. No puedo esperar a ver y compartir todas las fotos. Con todo nuestro amor.<\/p>\n<p>\u00a1Sr. y Sra. G! Xx\u00bb<\/p>\n<\/div>","protected":false},"excerpt":{"rendered":"<p>[vc_row full_width=\u00bbstretch_row\u00bb full_height=\u00bbyes\u00bb css=\u00bb.vc_custom_1495220905944{background-image: url(https:\/\/fabeventslab.com\/wp-content\/uploads\/2023\/01\/Mallorca-Wedding-Planner.jpg?id=3648) !important;background-position: center !important;background-repeat: no-repeat !important;background-size: cover !important;}\u00bb][vc_column][\/vc_column][\/vc_row][vc_row][vc_column][vc_column_text] \u00bfEst\u00e1 buscando testimonios sobre wedding planners en Mallorca? Hemos tenido el incre\u00edble placer de trabajar con algunas de [&hellip;]<\/p>\n","protected":false},"author":3,"featured_media":0,"parent":382,"menu_order":0,"comment_status":"closed","ping_status":"closed","template":"","meta":{"_monsterinsights_skip_tracking":false,"_monsterinsights_sitenote_active":false,"_monsterinsights_sitenote_note":"","_monsterinsights_sitenote_category":0,"footnotes":""},"class_list":["post-4674","page","type-page","status-publish","hentry"],"yoast_head":"<!-- This site is optimized with the Yoast SEO plugin v27.4 - https:\/\/yoast.com\/product\/yoast-seo-wordpress\/ -->\n<title>Wedding Planner Mallorca: Testimonios | FAB events LAB<\/title>\n<meta name=\"description\" content=\"\u00bfEst\u00e1 buscando opiniones o rese\u00f1as sobre organizadores de bodas en Mallorca? Aqu\u00ed puedes leer testimonios de algunos de nuestros clientes.\" \/>\n<meta name=\"robots\" content=\"index, follow, max-snippet:-1, max-image-preview:large, max-video-preview:-1\" \/>\n<link rel=\"canonical\" href=\"https:\/\/fabeventslab.com\/es\/organizador-bodas-mallorca\/testimonios\/\" \/>\n<meta property=\"og:locale\" content=\"es_ES\" \/>\n<meta property=\"og:type\" content=\"article\" \/>\n<meta property=\"og:title\" content=\"Wedding Planner Mallorca: Testimonios | FAB events LAB\" \/>\n<meta property=\"og:description\" content=\"\u00bfEst\u00e1 buscando opiniones o rese\u00f1as sobre organizadores de bodas en Mallorca? Aqu\u00ed puedes leer testimonios de algunos de nuestros clientes.\" \/>\n<meta property=\"og:url\" content=\"https:\/\/fabeventslab.com\/es\/organizador-bodas-mallorca\/testimonios\/\" \/>\n<meta property=\"og:site_name\" content=\"FAB events LAB\" \/>\n<meta property=\"article:publisher\" content=\"https:\/\/www.facebook.com\/event.wedding.planners.mallorca\" \/>\n<meta property=\"article:modified_time\" content=\"2023-01-14T17:27:28+00:00\" \/>\n<meta property=\"og:image\" content=\"https:\/\/fabeventslab.com\/wp-content\/uploads\/2023\/01\/cm-wedding-planner-mallorca-review-1024x683.jpg\" \/>\n<meta name=\"twitter:card\" content=\"summary_large_image\" \/>\n<meta name=\"twitter:site\" content=\"@FABweddingsLAB\" \/>\n<meta name=\"twitter:label1\" content=\"Tiempo de lectura\" \/>\n\t<meta name=\"twitter:data1\" content=\"4 minutos\" \/>\n<script type=\"application\/ld+json\" class=\"yoast-schema-graph\">{\"@context\":\"https:\\\/\\\/schema.org\",\"@graph\":[{\"@type\":\"WebPage\",\"@id\":\"https:\\\/\\\/fabeventslab.com\\\/es\\\/organizador-bodas-mallorca\\\/testimonios\\\/\",\"url\":\"https:\\\/\\\/fabeventslab.com\\\/es\\\/organizador-bodas-mallorca\\\/testimonios\\\/\",\"name\":\"Wedding Planner Mallorca: Testimonios | FAB events LAB\",\"isPartOf\":{\"@id\":\"https:\\\/\\\/fabeventslab.com\\\/#website\"},\"primaryImageOfPage\":{\"@id\":\"https:\\\/\\\/fabeventslab.com\\\/es\\\/organizador-bodas-mallorca\\\/testimonios\\\/#primaryimage\"},\"image\":{\"@id\":\"https:\\\/\\\/fabeventslab.com\\\/es\\\/organizador-bodas-mallorca\\\/testimonios\\\/#primaryimage\"},\"thumbnailUrl\":\"https:\\\/\\\/fabeventslab.com\\\/wp-content\\\/uploads\\\/2023\\\/01\\\/cm-wedding-planner-mallorca-review-1024x683.jpg\",\"datePublished\":\"2023-01-14T17:23:18+00:00\",\"dateModified\":\"2023-01-14T17:27:28+00:00\",\"description\":\"\u00bfEst\u00e1 buscando opiniones o rese\u00f1as sobre organizadores de bodas en Mallorca? Aqu\u00ed puedes leer testimonios de algunos de nuestros clientes.\",\"breadcrumb\":{\"@id\":\"https:\\\/\\\/fabeventslab.com\\\/es\\\/organizador-bodas-mallorca\\\/testimonios\\\/#breadcrumb\"},\"inLanguage\":\"es\",\"potentialAction\":[{\"@type\":\"ReadAction\",\"target\":[\"https:\\\/\\\/fabeventslab.com\\\/es\\\/organizador-bodas-mallorca\\\/testimonios\\\/\"]}]},{\"@type\":\"ImageObject\",\"inLanguage\":\"es\",\"@id\":\"https:\\\/\\\/fabeventslab.com\\\/es\\\/organizador-bodas-mallorca\\\/testimonios\\\/#primaryimage\",\"url\":\"https:\\\/\\\/fabeventslab.com\\\/wp-content\\\/uploads\\\/2023\\\/01\\\/cm-wedding-planner-mallorca-review-1024x683.jpg\",\"contentUrl\":\"https:\\\/\\\/fabeventslab.com\\\/wp-content\\\/uploads\\\/2023\\\/01\\\/cm-wedding-planner-mallorca-review-1024x683.jpg\"},{\"@type\":\"BreadcrumbList\",\"@id\":\"https:\\\/\\\/fabeventslab.com\\\/es\\\/organizador-bodas-mallorca\\\/testimonios\\\/#breadcrumb\",\"itemListElement\":[{\"@type\":\"ListItem\",\"position\":1,\"name\":\"Home\",\"item\":\"https:\\\/\\\/fabeventslab.com\\\/es\\\/\"},{\"@type\":\"ListItem\",\"position\":2,\"name\":\"Wedding Planner en Mallorca\",\"item\":\"https:\\\/\\\/fabeventslab.com\\\/es\\\/organizador-bodas-mallorca\\\/\"},{\"@type\":\"ListItem\",\"position\":3,\"name\":\"Testimonios sobre nuestro servicio de organizaci\u00f3n de bodas en Mallorca\"}]},{\"@type\":\"WebSite\",\"@id\":\"https:\\\/\\\/fabeventslab.com\\\/#website\",\"url\":\"https:\\\/\\\/fabeventslab.com\\\/\",\"name\":\"FAB events LAB\",\"description\":\"Wedding Planner in Mallorca\",\"publisher\":{\"@id\":\"https:\\\/\\\/fabeventslab.com\\\/#organization\"},\"potentialAction\":[{\"@type\":\"SearchAction\",\"target\":{\"@type\":\"EntryPoint\",\"urlTemplate\":\"https:\\\/\\\/fabeventslab.com\\\/?s={search_term_string}\"},\"query-input\":{\"@type\":\"PropertyValueSpecification\",\"valueRequired\":true,\"valueName\":\"search_term_string\"}}],\"inLanguage\":\"es\"},{\"@type\":\"Organization\",\"@id\":\"https:\\\/\\\/fabeventslab.com\\\/#organization\",\"name\":\"FAB events LAB Wedding Planner Mallorca\",\"alternateName\":\"FAB events LAB\",\"url\":\"https:\\\/\\\/fabeventslab.com\\\/\",\"logo\":{\"@type\":\"ImageObject\",\"inLanguage\":\"es\",\"@id\":\"https:\\\/\\\/fabeventslab.com\\\/#\\\/schema\\\/logo\\\/image\\\/\",\"url\":\"https:\\\/\\\/fabeventslab.com\\\/wp-content\\\/uploads\\\/2017\\\/05\\\/FAB-events-LAB-Wedding-Planner-Mallorca-3-Kopie.png\",\"contentUrl\":\"https:\\\/\\\/fabeventslab.com\\\/wp-content\\\/uploads\\\/2017\\\/05\\\/FAB-events-LAB-Wedding-Planner-Mallorca-3-Kopie.png\",\"width\":\"224\",\"height\":\"220\",\"caption\":\"FAB events LAB Wedding Planner Mallorca\"},\"image\":{\"@id\":\"https:\\\/\\\/fabeventslab.com\\\/#\\\/schema\\\/logo\\\/image\\\/\"},\"sameAs\":[\"https:\\\/\\\/www.facebook.com\\\/event.wedding.planners.mallorca\",\"https:\\\/\\\/x.com\\\/FABweddingsLAB\",\"https:\\\/\\\/www.instagram.com\\\/fab_events_lab\\\/\",\"https:\\\/\\\/www.linkedin.com\\\/company\\\/fab-events-lab\",\"https:\\\/\\\/es.pinterest.com\\\/mallorcaevents\\\/\",\"https:\\\/\\\/www.youtube.com\\\/channel\\\/UC-9PwyQerpHS3ULinxpawBA\"]}]}<\/script>\n<!-- \/ Yoast SEO plugin. -->","yoast_head_json":{"title":"Wedding Planner Mallorca: Testimonios | FAB events LAB","description":"\u00bfEst\u00e1 buscando opiniones o rese\u00f1as sobre organizadores de bodas en Mallorca? Aqu\u00ed puedes leer testimonios de algunos de nuestros clientes.","robots":{"index":"index","follow":"follow","max-snippet":"max-snippet:-1","max-image-preview":"max-image-preview:large","max-video-preview":"max-video-preview:-1"},"canonical":"https:\/\/fabeventslab.com\/es\/organizador-bodas-mallorca\/testimonios\/","og_locale":"es_ES","og_type":"article","og_title":"Wedding Planner Mallorca: Testimonios | FAB events LAB","og_description":"\u00bfEst\u00e1 buscando opiniones o rese\u00f1as sobre organizadores de bodas en Mallorca? Aqu\u00ed puedes leer testimonios de algunos de nuestros clientes.","og_url":"https:\/\/fabeventslab.com\/es\/organizador-bodas-mallorca\/testimonios\/","og_site_name":"FAB events LAB","article_publisher":"https:\/\/www.facebook.com\/event.wedding.planners.mallorca","article_modified_time":"2023-01-14T17:27:28+00:00","og_image":[{"url":"https:\/\/fabeventslab.com\/wp-content\/uploads\/2023\/01\/cm-wedding-planner-mallorca-review-1024x683.jpg","type":"","width":"","height":""}],"twitter_card":"summary_large_image","twitter_site":"@FABweddingsLAB","twitter_misc":{"Tiempo de lectura":"4 minutos"},"schema":{"@context":"https:\/\/schema.org","@graph":[{"@type":"WebPage","@id":"https:\/\/fabeventslab.com\/es\/organizador-bodas-mallorca\/testimonios\/","url":"https:\/\/fabeventslab.com\/es\/organizador-bodas-mallorca\/testimonios\/","name":"Wedding Planner Mallorca: Testimonios | FAB events LAB","isPartOf":{"@id":"https:\/\/fabeventslab.com\/#website"},"primaryImageOfPage":{"@id":"https:\/\/fabeventslab.com\/es\/organizador-bodas-mallorca\/testimonios\/#primaryimage"},"image":{"@id":"https:\/\/fabeventslab.com\/es\/organizador-bodas-mallorca\/testimonios\/#primaryimage"},"thumbnailUrl":"https:\/\/fabeventslab.com\/wp-content\/uploads\/2023\/01\/cm-wedding-planner-mallorca-review-1024x683.jpg","datePublished":"2023-01-14T17:23:18+00:00","dateModified":"2023-01-14T17:27:28+00:00","description":"\u00bfEst\u00e1 buscando opiniones o rese\u00f1as sobre organizadores de bodas en Mallorca? Aqu\u00ed puedes leer testimonios de algunos de nuestros clientes.","breadcrumb":{"@id":"https:\/\/fabeventslab.com\/es\/organizador-bodas-mallorca\/testimonios\/#breadcrumb"},"inLanguage":"es","potentialAction":[{"@type":"ReadAction","target":["https:\/\/fabeventslab.com\/es\/organizador-bodas-mallorca\/testimonios\/"]}]},{"@type":"ImageObject","inLanguage":"es","@id":"https:\/\/fabeventslab.com\/es\/organizador-bodas-mallorca\/testimonios\/#primaryimage","url":"https:\/\/fabeventslab.com\/wp-content\/uploads\/2023\/01\/cm-wedding-planner-mallorca-review-1024x683.jpg","contentUrl":"https:\/\/fabeventslab.com\/wp-content\/uploads\/2023\/01\/cm-wedding-planner-mallorca-review-1024x683.jpg"},{"@type":"BreadcrumbList","@id":"https:\/\/fabeventslab.com\/es\/organizador-bodas-mallorca\/testimonios\/#breadcrumb","itemListElement":[{"@type":"ListItem","position":1,"name":"Home","item":"https:\/\/fabeventslab.com\/es\/"},{"@type":"ListItem","position":2,"name":"Wedding Planner en Mallorca","item":"https:\/\/fabeventslab.com\/es\/organizador-bodas-mallorca\/"},{"@type":"ListItem","position":3,"name":"Testimonios sobre nuestro servicio de organizaci\u00f3n de bodas en Mallorca"}]},{"@type":"WebSite","@id":"https:\/\/fabeventslab.com\/#website","url":"https:\/\/fabeventslab.com\/","name":"FAB events LAB","description":"Wedding Planner in Mallorca","publisher":{"@id":"https:\/\/fabeventslab.com\/#organization"},"potentialAction":[{"@type":"SearchAction","target":{"@type":"EntryPoint","urlTemplate":"https:\/\/fabeventslab.com\/?s={search_term_string}"},"query-input":{"@type":"PropertyValueSpecification","valueRequired":true,"valueName":"search_term_string"}}],"inLanguage":"es"},{"@type":"Organization","@id":"https:\/\/fabeventslab.com\/#organization","name":"FAB events LAB Wedding Planner Mallorca","alternateName":"FAB events LAB","url":"https:\/\/fabeventslab.com\/","logo":{"@type":"ImageObject","inLanguage":"es","@id":"https:\/\/fabeventslab.com\/#\/schema\/logo\/image\/","url":"https:\/\/fabeventslab.com\/wp-content\/uploads\/2017\/05\/FAB-events-LAB-Wedding-Planner-Mallorca-3-Kopie.png","contentUrl":"https:\/\/fabeventslab.com\/wp-content\/uploads\/2017\/05\/FAB-events-LAB-Wedding-Planner-Mallorca-3-Kopie.png","width":"224","height":"220","caption":"FAB events LAB Wedding Planner Mallorca"},"image":{"@id":"https:\/\/fabeventslab.com\/#\/schema\/logo\/image\/"},"sameAs":["https:\/\/www.facebook.com\/event.wedding.planners.mallorca","https:\/\/x.com\/FABweddingsLAB","https:\/\/www.instagram.com\/fab_events_lab\/","https:\/\/www.linkedin.com\/company\/fab-events-lab","https:\/\/es.pinterest.com\/mallorcaevents\/","https:\/\/www.youtube.com\/channel\/UC-9PwyQerpHS3ULinxpawBA"]}]}},"_links":{"self":[{"href":"https:\/\/fabeventslab.com\/es\/wp-json\/wp\/v2\/pages\/4674","targetHints":{"allow":["GET"]}}],"collection":[{"href":"https:\/\/fabeventslab.com\/es\/wp-json\/wp\/v2\/pages"}],"about":[{"href":"https:\/\/fabeventslab.com\/es\/wp-json\/wp\/v2\/types\/page"}],"author":[{"embeddable":true,"href":"https:\/\/fabeventslab.com\/es\/wp-json\/wp\/v2\/users\/3"}],"replies":[{"embeddable":true,"href":"https:\/\/fabeventslab.com\/es\/wp-json\/wp\/v2\/comments?post=4674"}],"version-history":[{"count":5,"href":"https:\/\/fabeventslab.com\/es\/wp-json\/wp\/v2\/pages\/4674\/revisions"}],"predecessor-version":[{"id":4679,"href":"https:\/\/fabeventslab.com\/es\/wp-json\/wp\/v2\/pages\/4674\/revisions\/4679"}],"up":[{"embeddable":true,"href":"https:\/\/fabeventslab.com\/es\/wp-json\/wp\/v2\/pages\/382"}],"wp:attachment":[{"href":"https:\/\/fabeventslab.com\/es\/wp-json\/wp\/v2\/media?parent=4674"}],"curies":[{"name":"wp","href":"https:\/\/api.w.org\/{rel}","templated":true}]}}