{"id":536,"date":"2014-11-09T14:36:11","date_gmt":"2014-11-09T12:36:11","guid":{"rendered":"http:\/\/fabeventslab.com\/?page_id=536"},"modified":"2023-03-11T14:08:21","modified_gmt":"2023-03-11T12:08:21","slug":"fincas-para-bodas-en-mallorca","status":"publish","type":"page","link":"https:\/\/fabeventslab.com\/es\/fincas-para-bodas-en-mallorca\/","title":{"rendered":"Fincas para bodas en Mallorca"},"content":{"rendered":"<div class=\"wpb-content-wrapper\"><span><span><a href=\"https:\/\/fabeventslab.com\/es\/\">Home<\/a><\/span><\/span>\n<p>[vc_row full_width=\u00bbstretch_row\u00bb full_height=\u00bbyes\u00bb css=\u00bb.vc_custom_1569145108199{background-image: url(https:\/\/fabeventslab.com\/wp-content\/uploads\/2019\/09\/Wedding-Venues-Mallorca.jpg?id=4489) !important;background-position: center !important;background-repeat: no-repeat !important;background-size: cover !important;}\u00bb][vc_column][\/vc_column][\/vc_row][vc_row][vc_column][vc_column_text]<\/p>\n<h2>Espacios singulares y fincas para bodas en Mallorca<\/h2>\n<p>Con impresionantes paisajes mediterr\u00e1neos y un sinf\u00edn de lugares de cuento de hadas, <strong>Mallorca tiene todo lo que necesitas<\/strong> para que el d\u00eda de tu boda te deje boquiabierto. Si nos contratas como tu organizador de bodas y una de nuestras <em>fincas para bodas en Mallorca<\/em>, s\u00f3lo tendr\u00e1s el l\u00edmite de tu imaginaci\u00f3n.<\/p>\n<p>Desde bodas r\u00fasticas, modernas o de lujo hasta <strong>fiestas por todo lo alto<\/strong>, Mallorca ofrece todo lo que puedas necesitar para que tu gran d\u00eda sea muy especial. Lo m\u00e1s probable es que ya tengas una idea del tipo de boda que deseas, pero eso podr\u00eda cambiar si echas un vistazo a nuestra selecci\u00f3n de <em>impresionantes fincas<\/em>.<\/p>\n<p>[\/vc_column_text][\/vc_column][\/vc_row][vc_row][vc_column][vc_basic_grid post_type=\u00bbpost\u00bb max_items=\u00bb30&#8243; item=\u00bbbasicGrid_ScaleInWithRotation\u00bb grid_id=\u00bbvc_gid:1569145079661-1495ab2b-b421-0&#8243;][\/vc_column][\/vc_row]<\/p>\n<h2>La elecci\u00f3n de la finca para tu boda en Mallorca es una de las decisiones m\u00e1s importantes que tomar\u00e1s<\/h2>\n<p>Si est\u00e1s planeando una <strong>ceremonia religiosa<\/strong> y quieres minimizar el tiempo de viaje entre la iglesia y la recepci\u00f3n, una <em>finca para bodas con capilla<\/em> es la soluci\u00f3n perfecta para maximizar el tiempo de la fiesta. No importa qu\u00e9 estilo de lugar de celebraci\u00f3n de bodas est\u00e9s buscando, seguro que encontrar\u00e1s el perfecto para vosotros navegando por nuestro cat\u00e1logo de preciosas fincas de celebraci\u00f3n de bodas en Mallorca. Desde bonitas y acogedoras villas hasta lujosas fincas se\u00f1oriales, aqu\u00ed hay algo que se adapta a cada tipo de pareja.<\/p>\n<\/div>","protected":false},"excerpt":{"rendered":"<p>[vc_row full_width=\u00bbstretch_row\u00bb full_height=\u00bbyes\u00bb css=\u00bb.vc_custom_1569145108199{background-image: url(https:\/\/fabeventslab.com\/wp-content\/uploads\/2019\/09\/Wedding-Venues-Mallorca.jpg?id=4489) !important;background-position: center !important;background-repeat: no-repeat !important;background-size: cover !important;}\u00bb][vc_column][\/vc_column][\/vc_row][vc_row][vc_column][vc_column_text] Espacios singulares y fincas para bodas en Mallorca Con impresionantes paisajes mediterr\u00e1neos y un sinf\u00edn de lugares de [&hellip;]<\/p>\n","protected":false},"author":3,"featured_media":0,"parent":0,"menu_order":0,"comment_status":"closed","ping_status":"closed","template":"","meta":{"_monsterinsights_skip_tracking":false,"_monsterinsights_sitenote_active":false,"_monsterinsights_sitenote_note":"","_monsterinsights_sitenote_category":0,"footnotes":""},"class_list":["post-536","page","type-page","status-publish","hentry"],"yoast_head":"<!-- This site is optimized with the Yoast SEO plugin v27.6 - https:\/\/yoast.com\/product\/yoast-seo-wordpress\/ -->\n<title>Fincas para bodas en Mallorca | FAB events LAB<\/title>\n<meta name=\"description\" content=\"Lugares singulares y fincas para bodas en Mallorca: Nuestros organizadores de boda conocen muchos espacios para celebraciones muy especiales.\" \/>\n<meta name=\"robots\" content=\"index, follow, max-snippet:-1, max-image-preview:large, max-video-preview:-1\" \/>\n<link rel=\"canonical\" href=\"https:\/\/fabeventslab.com\/es\/fincas-para-bodas-en-mallorca\/\" \/>\n<meta property=\"og:locale\" content=\"es_ES\" \/>\n<meta property=\"og:type\" content=\"article\" \/>\n<meta property=\"og:title\" content=\"Fincas para bodas en Mallorca | FAB events LAB\" \/>\n<meta property=\"og:description\" content=\"Lugares singulares y fincas para bodas en Mallorca: Nuestros organizadores de boda conocen muchos espacios para celebraciones muy especiales.\" \/>\n<meta property=\"og:url\" content=\"https:\/\/fabeventslab.com\/es\/fincas-para-bodas-en-mallorca\/\" \/>\n<meta property=\"og:site_name\" content=\"FAB events LAB\" \/>\n<meta property=\"article:publisher\" content=\"https:\/\/www.facebook.com\/event.wedding.planners.mallorca\" \/>\n<meta property=\"article:modified_time\" content=\"2023-03-11T12:08:21+00:00\" \/>\n<meta property=\"og:image\" content=\"https:\/\/fabeventslab.com\/wp-content\/uploads\/2023\/02\/wedding-planner-mallorca-fabeventslab.jpg\" \/>\n\t<meta property=\"og:image:width\" content=\"2000\" \/>\n\t<meta property=\"og:image:height\" content=\"1330\" \/>\n\t<meta property=\"og:image:type\" content=\"image\/jpeg\" \/>\n<meta name=\"twitter:card\" content=\"summary_large_image\" \/>\n<meta name=\"twitter:site\" content=\"@FABweddingsLAB\" \/>\n<meta name=\"twitter:label1\" content=\"Tiempo de lectura\" \/>\n\t<meta name=\"twitter:data1\" content=\"2 minutos\" \/>\n<script type=\"application\/ld+json\" class=\"yoast-schema-graph\">{\"@context\":\"https:\\\/\\\/schema.org\",\"@graph\":[{\"@type\":\"WebPage\",\"@id\":\"https:\\\/\\\/fabeventslab.com\\\/es\\\/fincas-para-bodas-en-mallorca\\\/\",\"url\":\"https:\\\/\\\/fabeventslab.com\\\/es\\\/fincas-para-bodas-en-mallorca\\\/\",\"name\":\"Fincas para bodas en Mallorca | FAB events LAB\",\"isPartOf\":{\"@id\":\"https:\\\/\\\/fabeventslab.com\\\/#website\"},\"datePublished\":\"2014-11-09T12:36:11+00:00\",\"dateModified\":\"2023-03-11T12:08:21+00:00\",\"description\":\"Lugares singulares y fincas para bodas en Mallorca: Nuestros organizadores de boda conocen muchos espacios para celebraciones muy especiales.\",\"breadcrumb\":{\"@id\":\"https:\\\/\\\/fabeventslab.com\\\/es\\\/fincas-para-bodas-en-mallorca\\\/#breadcrumb\"},\"inLanguage\":\"es\",\"potentialAction\":[{\"@type\":\"ReadAction\",\"target\":[\"https:\\\/\\\/fabeventslab.com\\\/es\\\/fincas-para-bodas-en-mallorca\\\/\"]}]},{\"@type\":\"BreadcrumbList\",\"@id\":\"https:\\\/\\\/fabeventslab.com\\\/es\\\/fincas-para-bodas-en-mallorca\\\/#breadcrumb\",\"itemListElement\":[{\"@type\":\"ListItem\",\"position\":1,\"name\":\"Home\",\"item\":\"https:\\\/\\\/fabeventslab.com\\\/es\\\/\"},{\"@type\":\"ListItem\",\"position\":2,\"name\":\"Fincas para bodas en Mallorca\"}]},{\"@type\":\"WebSite\",\"@id\":\"https:\\\/\\\/fabeventslab.com\\\/#website\",\"url\":\"https:\\\/\\\/fabeventslab.com\\\/\",\"name\":\"FAB events LAB\",\"description\":\"Wedding Planner in Mallorca\",\"publisher\":{\"@id\":\"https:\\\/\\\/fabeventslab.com\\\/#organization\"},\"potentialAction\":[{\"@type\":\"SearchAction\",\"target\":{\"@type\":\"EntryPoint\",\"urlTemplate\":\"https:\\\/\\\/fabeventslab.com\\\/?s={search_term_string}\"},\"query-input\":{\"@type\":\"PropertyValueSpecification\",\"valueRequired\":true,\"valueName\":\"search_term_string\"}}],\"inLanguage\":\"es\"},{\"@type\":\"Organization\",\"@id\":\"https:\\\/\\\/fabeventslab.com\\\/#organization\",\"name\":\"FAB events LAB Wedding Planner Mallorca\",\"alternateName\":\"FAB events LAB\",\"url\":\"https:\\\/\\\/fabeventslab.com\\\/\",\"logo\":{\"@type\":\"ImageObject\",\"inLanguage\":\"es\",\"@id\":\"https:\\\/\\\/fabeventslab.com\\\/#\\\/schema\\\/logo\\\/image\\\/\",\"url\":\"https:\\\/\\\/fabeventslab.com\\\/wp-content\\\/uploads\\\/2017\\\/05\\\/FAB-events-LAB-Wedding-Planner-Mallorca-3-Kopie.png\",\"contentUrl\":\"https:\\\/\\\/fabeventslab.com\\\/wp-content\\\/uploads\\\/2017\\\/05\\\/FAB-events-LAB-Wedding-Planner-Mallorca-3-Kopie.png\",\"width\":\"224\",\"height\":\"220\",\"caption\":\"FAB events LAB Wedding Planner Mallorca\"},\"image\":{\"@id\":\"https:\\\/\\\/fabeventslab.com\\\/#\\\/schema\\\/logo\\\/image\\\/\"},\"sameAs\":[\"https:\\\/\\\/www.facebook.com\\\/event.wedding.planners.mallorca\",\"https:\\\/\\\/x.com\\\/FABweddingsLAB\",\"https:\\\/\\\/www.instagram.com\\\/fab_events_lab\\\/\",\"https:\\\/\\\/www.linkedin.com\\\/company\\\/fab-events-lab\",\"https:\\\/\\\/es.pinterest.com\\\/mallorcaevents\\\/\",\"https:\\\/\\\/www.youtube.com\\\/channel\\\/UC-9PwyQerpHS3ULinxpawBA\"]}]}<\/script>\n<!-- \/ Yoast SEO plugin. -->","yoast_head_json":{"title":"Fincas para bodas en Mallorca | FAB events LAB","description":"Lugares singulares y fincas para bodas en Mallorca: Nuestros organizadores de boda conocen muchos espacios para celebraciones muy especiales.","robots":{"index":"index","follow":"follow","max-snippet":"max-snippet:-1","max-image-preview":"max-image-preview:large","max-video-preview":"max-video-preview:-1"},"canonical":"https:\/\/fabeventslab.com\/es\/fincas-para-bodas-en-mallorca\/","og_locale":"es_ES","og_type":"article","og_title":"Fincas para bodas en Mallorca | FAB events LAB","og_description":"Lugares singulares y fincas para bodas en Mallorca: Nuestros organizadores de boda conocen muchos espacios para celebraciones muy especiales.","og_url":"https:\/\/fabeventslab.com\/es\/fincas-para-bodas-en-mallorca\/","og_site_name":"FAB events LAB","article_publisher":"https:\/\/www.facebook.com\/event.wedding.planners.mallorca","article_modified_time":"2023-03-11T12:08:21+00:00","og_image":[{"width":2000,"height":1330,"url":"https:\/\/fabeventslab.com\/wp-content\/uploads\/2023\/02\/wedding-planner-mallorca-fabeventslab.jpg","type":"image\/jpeg"}],"twitter_card":"summary_large_image","twitter_site":"@FABweddingsLAB","twitter_misc":{"Tiempo de lectura":"2 minutos"},"schema":{"@context":"https:\/\/schema.org","@graph":[{"@type":"WebPage","@id":"https:\/\/fabeventslab.com\/es\/fincas-para-bodas-en-mallorca\/","url":"https:\/\/fabeventslab.com\/es\/fincas-para-bodas-en-mallorca\/","name":"Fincas para bodas en Mallorca | FAB events LAB","isPartOf":{"@id":"https:\/\/fabeventslab.com\/#website"},"datePublished":"2014-11-09T12:36:11+00:00","dateModified":"2023-03-11T12:08:21+00:00","description":"Lugares singulares y fincas para bodas en Mallorca: Nuestros organizadores de boda conocen muchos espacios para celebraciones muy especiales.","breadcrumb":{"@id":"https:\/\/fabeventslab.com\/es\/fincas-para-bodas-en-mallorca\/#breadcrumb"},"inLanguage":"es","potentialAction":[{"@type":"ReadAction","target":["https:\/\/fabeventslab.com\/es\/fincas-para-bodas-en-mallorca\/"]}]},{"@type":"BreadcrumbList","@id":"https:\/\/fabeventslab.com\/es\/fincas-para-bodas-en-mallorca\/#breadcrumb","itemListElement":[{"@type":"ListItem","position":1,"name":"Home","item":"https:\/\/fabeventslab.com\/es\/"},{"@type":"ListItem","position":2,"name":"Fincas para bodas en Mallorca"}]},{"@type":"WebSite","@id":"https:\/\/fabeventslab.com\/#website","url":"https:\/\/fabeventslab.com\/","name":"FAB events LAB","description":"Wedding Planner in Mallorca","publisher":{"@id":"https:\/\/fabeventslab.com\/#organization"},"potentialAction":[{"@type":"SearchAction","target":{"@type":"EntryPoint","urlTemplate":"https:\/\/fabeventslab.com\/?s={search_term_string}"},"query-input":{"@type":"PropertyValueSpecification","valueRequired":true,"valueName":"search_term_string"}}],"inLanguage":"es"},{"@type":"Organization","@id":"https:\/\/fabeventslab.com\/#organization","name":"FAB events LAB Wedding Planner Mallorca","alternateName":"FAB events LAB","url":"https:\/\/fabeventslab.com\/","logo":{"@type":"ImageObject","inLanguage":"es","@id":"https:\/\/fabeventslab.com\/#\/schema\/logo\/image\/","url":"https:\/\/fabeventslab.com\/wp-content\/uploads\/2017\/05\/FAB-events-LAB-Wedding-Planner-Mallorca-3-Kopie.png","contentUrl":"https:\/\/fabeventslab.com\/wp-content\/uploads\/2017\/05\/FAB-events-LAB-Wedding-Planner-Mallorca-3-Kopie.png","width":"224","height":"220","caption":"FAB events LAB Wedding Planner Mallorca"},"image":{"@id":"https:\/\/fabeventslab.com\/#\/schema\/logo\/image\/"},"sameAs":["https:\/\/www.facebook.com\/event.wedding.planners.mallorca","https:\/\/x.com\/FABweddingsLAB","https:\/\/www.instagram.com\/fab_events_lab\/","https:\/\/www.linkedin.com\/company\/fab-events-lab","https:\/\/es.pinterest.com\/mallorcaevents\/","https:\/\/www.youtube.com\/channel\/UC-9PwyQerpHS3ULinxpawBA"]}]}},"_links":{"self":[{"href":"https:\/\/fabeventslab.com\/es\/wp-json\/wp\/v2\/pages\/536","targetHints":{"allow":["GET"]}}],"collection":[{"href":"https:\/\/fabeventslab.com\/es\/wp-json\/wp\/v2\/pages"}],"about":[{"href":"https:\/\/fabeventslab.com\/es\/wp-json\/wp\/v2\/types\/page"}],"author":[{"embeddable":true,"href":"https:\/\/fabeventslab.com\/es\/wp-json\/wp\/v2\/users\/3"}],"replies":[{"embeddable":true,"href":"https:\/\/fabeventslab.com\/es\/wp-json\/wp\/v2\/comments?post=536"}],"version-history":[{"count":5,"href":"https:\/\/fabeventslab.com\/es\/wp-json\/wp\/v2\/pages\/536\/revisions"}],"predecessor-version":[{"id":6024,"href":"https:\/\/fabeventslab.com\/es\/wp-json\/wp\/v2\/pages\/536\/revisions\/6024"}],"wp:attachment":[{"href":"https:\/\/fabeventslab.com\/es\/wp-json\/wp\/v2\/media?parent=536"}],"curies":[{"name":"wp","href":"https:\/\/api.w.org\/{rel}","templated":true}]}}