{"id":833,"date":"2014-12-29T15:26:00","date_gmt":"2014-12-29T13:26:00","guid":{"rendered":"http:\/\/fabeventslab.com\/?page_id=833"},"modified":"2023-01-27T19:14:11","modified_gmt":"2023-01-27T17:14:11","slug":"catering-eventos-bodas","status":"publish","type":"page","link":"https:\/\/fabeventslab.com\/es\/organizador-bodas-mallorca\/catering-eventos-bodas\/","title":{"rendered":"Catering para bodas en Mallorca"},"content":{"rendered":"<div class=\"wpb-content-wrapper\"><p>[vc_row full_width=\u00bbstretch_row\u00bb full_height=\u00bbyes\u00bb css=\u00bb.vc_custom_1495135914887{background-image: url(http:\/\/fabeventslab.com\/wp-content\/uploads\/2014\/12\/Event-and-Wedding-Catering-in-Mallorca.jpg?id=3605) !important;background-position: center !important;background-repeat: no-repeat !important;background-size: cover !important;}\u00bb][vc_column][\/vc_column][\/vc_row][vc_row][vc_column][vc_column_text]<\/p>\n<h2>Servicios de catering para bodas en Mallorca<\/h2>\n<p>Nuestro <em>servicio de catering en Mallorca<\/em>, dise\u00f1ado seg\u00fan sus necesidades, cuenta con productos de <strong>primera calidad<\/strong>. Desde peque\u00f1as comidas para reuniones hasta fiestas con canap\u00e9s y ceremonias de boda con 150 invitados, nuestros colaboradores en el servicio de catering emplean los mejores productos locales disponibles en la elaboraci\u00f3n de un gran surtido de men\u00fas frescos, sencillos y contempor\u00e1neos.<\/p>\n<p>&nbsp;<\/p>\n<h3 style=\"text-align: center;\">Ofrecemos servicio de catering para:<\/h3>\n<p style=\"text-align: center;\">\u21d2 Bodas y banquetes<\/p>\n<p style=\"text-align: center;\">\u21d2 Prebodas y postbodas<\/p>\n<p>&nbsp;<\/p>\n<h2 style=\"text-align: left;\">Servicios de wedding planner y catering en Mallorca<\/h2>\n<p style=\"text-align: left;\"><a href=\"http:\/\/fabeventslab.com\/wp-content\/uploads\/2014\/12\/Event-Wedding-Catering-Mallorca-1.jpg\"><img decoding=\"async\" class=\"alignright wp-image-3607\" src=\"http:\/\/fabeventslab.com\/wp-content\/uploads\/2014\/12\/Event-Wedding-Catering-Mallorca-1.jpg\" alt=\"Event Wedding Catering Mallorca\" width=\"500\" height=\"500\" srcset=\"https:\/\/fabeventslab.com\/wp-content\/uploads\/2014\/12\/Event-Wedding-Catering-Mallorca-1.jpg 750w, https:\/\/fabeventslab.com\/wp-content\/uploads\/2014\/12\/Event-Wedding-Catering-Mallorca-1-150x150.jpg 150w, https:\/\/fabeventslab.com\/wp-content\/uploads\/2014\/12\/Event-Wedding-Catering-Mallorca-1-300x300.jpg 300w, https:\/\/fabeventslab.com\/wp-content\/uploads\/2014\/12\/Event-Wedding-Catering-Mallorca-1-720x720.jpg 720w\" sizes=\"(max-width: 500px) 100vw, 500px\" \/><\/a>La <strong>organizaci\u00f3n de una boda<\/strong> es sin duda el evento social que implica la m\u00e1xima responsabilidad. El servicio de organizaci\u00f3n y catering es uno de los aspectos m\u00e1s importantes para la <em>satisfacci\u00f3n de todos los asistentes<\/em>. Nuestras propuestas incluyen:<\/p>\n<p style=\"text-align: left;\">\u21d2 Bodas tipo banquete<\/p>\n<p style=\"text-align: left;\">\u21d2 Bodas tipo cocktail<\/p>\n<p style=\"text-align: left;\">\u21d2 Bodas tipo buffet<\/p>\n<p style=\"text-align: left;\">\u21d2 Montajes y decoraciones (manteler\u00edas, flores, luces, velas,\u00a0y mucho m\u00e1s)<\/p>\n<p style=\"text-align: left;\">Todo un universo de posibilidades para que juntos hagamos la boda en Mallorca que deseas.<\/p>\n<p>&nbsp;<\/p>\n<h2>El mejor servicio de catering fresco calidad-precio de Mallorca!<\/h2>\n<p>Si deseas m\u00e1s informaci\u00f3n sobre nuestro servicio de Wedding Planner y Catering, no dudes en <span style=\"text-decoration: underline;\"><a title=\"Contacto\" href=\"http:\/\/fabeventslab.com\/es\/contacto-organizacion-eventos-bodas-mallorca\/\">contactarnos<\/a><\/span>. Nosotros te organizamos tu boda perfecta con estilo.<\/p>\n<p>[\/vc_column_text][\/vc_column][\/vc_row]<\/p>\n<\/div>","protected":false},"excerpt":{"rendered":"<p>[vc_row full_width=\u00bbstretch_row\u00bb full_height=\u00bbyes\u00bb css=\u00bb.vc_custom_1495135914887{background-image: url(http:\/\/fabeventslab.com\/wp-content\/uploads\/2014\/12\/Event-and-Wedding-Catering-in-Mallorca.jpg?id=3605) !important;background-position: center !important;background-repeat: no-repeat !important;background-size: cover !important;}\u00bb][vc_column][\/vc_column][\/vc_row][vc_row][vc_column][vc_column_text] Servicios de catering para bodas en Mallorca Nuestro servicio de catering en Mallorca, dise\u00f1ado seg\u00fan sus necesidades, cuenta [&hellip;]<\/p>\n","protected":false},"author":3,"featured_media":0,"parent":382,"menu_order":0,"comment_status":"closed","ping_status":"closed","template":"","meta":{"_monsterinsights_skip_tracking":false,"_monsterinsights_sitenote_active":false,"_monsterinsights_sitenote_note":"","_monsterinsights_sitenote_category":0,"footnotes":""},"class_list":["post-833","page","type-page","status-publish","hentry"],"yoast_head":"<!-- This site is optimized with the Yoast SEO plugin v27.5 - https:\/\/yoast.com\/product\/yoast-seo-wordpress\/ -->\n<title>Catering para bodas en Mallorca | FAB events LAB<\/title>\n<meta name=\"description\" content=\"Ofrecemos servicios de Wedding Planner personalizado con catering para bodas en Mallorca. Nos adaptamos a t\u00ed.\" \/>\n<meta name=\"robots\" content=\"index, follow, max-snippet:-1, max-image-preview:large, max-video-preview:-1\" \/>\n<link rel=\"canonical\" href=\"https:\/\/fabeventslab.com\/es\/organizador-bodas-mallorca\/catering-eventos-bodas\/\" \/>\n<meta property=\"og:locale\" content=\"es_ES\" \/>\n<meta property=\"og:type\" content=\"article\" \/>\n<meta property=\"og:title\" content=\"Catering para bodas en Mallorca | FAB events LAB\" \/>\n<meta property=\"og:description\" content=\"Ofrecemos servicios de Wedding Planner personalizado con catering para bodas en Mallorca. Nos adaptamos a t\u00ed.\" \/>\n<meta property=\"og:url\" content=\"https:\/\/fabeventslab.com\/es\/organizador-bodas-mallorca\/catering-eventos-bodas\/\" \/>\n<meta property=\"og:site_name\" content=\"FAB events LAB\" \/>\n<meta property=\"article:publisher\" content=\"https:\/\/www.facebook.com\/event.wedding.planners.mallorca\" \/>\n<meta property=\"article:modified_time\" content=\"2023-01-27T17:14:11+00:00\" \/>\n<meta property=\"og:image\" content=\"http:\/\/fabeventslab.com\/wp-content\/uploads\/2014\/12\/Event-Wedding-Catering-Mallorca-1.jpg\" \/>\n<meta name=\"twitter:card\" content=\"summary_large_image\" \/>\n<meta name=\"twitter:site\" content=\"@FABweddingsLAB\" \/>\n<meta name=\"twitter:label1\" content=\"Tiempo de lectura\" \/>\n\t<meta name=\"twitter:data1\" content=\"2 minutos\" \/>\n<script type=\"application\/ld+json\" class=\"yoast-schema-graph\">{\"@context\":\"https:\\\/\\\/schema.org\",\"@graph\":[{\"@type\":\"WebPage\",\"@id\":\"https:\\\/\\\/fabeventslab.com\\\/es\\\/organizador-bodas-mallorca\\\/catering-eventos-bodas\\\/\",\"url\":\"https:\\\/\\\/fabeventslab.com\\\/es\\\/organizador-bodas-mallorca\\\/catering-eventos-bodas\\\/\",\"name\":\"Catering para bodas en Mallorca | FAB events LAB\",\"isPartOf\":{\"@id\":\"https:\\\/\\\/fabeventslab.com\\\/#website\"},\"primaryImageOfPage\":{\"@id\":\"https:\\\/\\\/fabeventslab.com\\\/es\\\/organizador-bodas-mallorca\\\/catering-eventos-bodas\\\/#primaryimage\"},\"image\":{\"@id\":\"https:\\\/\\\/fabeventslab.com\\\/es\\\/organizador-bodas-mallorca\\\/catering-eventos-bodas\\\/#primaryimage\"},\"thumbnailUrl\":\"http:\\\/\\\/fabeventslab.com\\\/wp-content\\\/uploads\\\/2014\\\/12\\\/Event-Wedding-Catering-Mallorca-1.jpg\",\"datePublished\":\"2014-12-29T13:26:00+00:00\",\"dateModified\":\"2023-01-27T17:14:11+00:00\",\"description\":\"Ofrecemos servicios de Wedding Planner personalizado con catering para bodas en Mallorca. Nos adaptamos a t\u00ed.\",\"breadcrumb\":{\"@id\":\"https:\\\/\\\/fabeventslab.com\\\/es\\\/organizador-bodas-mallorca\\\/catering-eventos-bodas\\\/#breadcrumb\"},\"inLanguage\":\"es\",\"potentialAction\":[{\"@type\":\"ReadAction\",\"target\":[\"https:\\\/\\\/fabeventslab.com\\\/es\\\/organizador-bodas-mallorca\\\/catering-eventos-bodas\\\/\"]}]},{\"@type\":\"ImageObject\",\"inLanguage\":\"es\",\"@id\":\"https:\\\/\\\/fabeventslab.com\\\/es\\\/organizador-bodas-mallorca\\\/catering-eventos-bodas\\\/#primaryimage\",\"url\":\"http:\\\/\\\/fabeventslab.com\\\/wp-content\\\/uploads\\\/2014\\\/12\\\/Event-Wedding-Catering-Mallorca-1.jpg\",\"contentUrl\":\"http:\\\/\\\/fabeventslab.com\\\/wp-content\\\/uploads\\\/2014\\\/12\\\/Event-Wedding-Catering-Mallorca-1.jpg\"},{\"@type\":\"BreadcrumbList\",\"@id\":\"https:\\\/\\\/fabeventslab.com\\\/es\\\/organizador-bodas-mallorca\\\/catering-eventos-bodas\\\/#breadcrumb\",\"itemListElement\":[{\"@type\":\"ListItem\",\"position\":1,\"name\":\"Home\",\"item\":\"https:\\\/\\\/fabeventslab.com\\\/es\\\/\"},{\"@type\":\"ListItem\",\"position\":2,\"name\":\"Wedding Planner en Mallorca\",\"item\":\"https:\\\/\\\/fabeventslab.com\\\/es\\\/organizador-bodas-mallorca\\\/\"},{\"@type\":\"ListItem\",\"position\":3,\"name\":\"Catering para bodas en Mallorca\"}]},{\"@type\":\"WebSite\",\"@id\":\"https:\\\/\\\/fabeventslab.com\\\/#website\",\"url\":\"https:\\\/\\\/fabeventslab.com\\\/\",\"name\":\"FAB events LAB\",\"description\":\"Wedding Planner in Mallorca\",\"publisher\":{\"@id\":\"https:\\\/\\\/fabeventslab.com\\\/#organization\"},\"potentialAction\":[{\"@type\":\"SearchAction\",\"target\":{\"@type\":\"EntryPoint\",\"urlTemplate\":\"https:\\\/\\\/fabeventslab.com\\\/?s={search_term_string}\"},\"query-input\":{\"@type\":\"PropertyValueSpecification\",\"valueRequired\":true,\"valueName\":\"search_term_string\"}}],\"inLanguage\":\"es\"},{\"@type\":\"Organization\",\"@id\":\"https:\\\/\\\/fabeventslab.com\\\/#organization\",\"name\":\"FAB events LAB Wedding Planner Mallorca\",\"alternateName\":\"FAB events LAB\",\"url\":\"https:\\\/\\\/fabeventslab.com\\\/\",\"logo\":{\"@type\":\"ImageObject\",\"inLanguage\":\"es\",\"@id\":\"https:\\\/\\\/fabeventslab.com\\\/#\\\/schema\\\/logo\\\/image\\\/\",\"url\":\"https:\\\/\\\/fabeventslab.com\\\/wp-content\\\/uploads\\\/2017\\\/05\\\/FAB-events-LAB-Wedding-Planner-Mallorca-3-Kopie.png\",\"contentUrl\":\"https:\\\/\\\/fabeventslab.com\\\/wp-content\\\/uploads\\\/2017\\\/05\\\/FAB-events-LAB-Wedding-Planner-Mallorca-3-Kopie.png\",\"width\":\"224\",\"height\":\"220\",\"caption\":\"FAB events LAB Wedding Planner Mallorca\"},\"image\":{\"@id\":\"https:\\\/\\\/fabeventslab.com\\\/#\\\/schema\\\/logo\\\/image\\\/\"},\"sameAs\":[\"https:\\\/\\\/www.facebook.com\\\/event.wedding.planners.mallorca\",\"https:\\\/\\\/x.com\\\/FABweddingsLAB\",\"https:\\\/\\\/www.instagram.com\\\/fab_events_lab\\\/\",\"https:\\\/\\\/www.linkedin.com\\\/company\\\/fab-events-lab\",\"https:\\\/\\\/es.pinterest.com\\\/mallorcaevents\\\/\",\"https:\\\/\\\/www.youtube.com\\\/channel\\\/UC-9PwyQerpHS3ULinxpawBA\"]}]}<\/script>\n<!-- \/ Yoast SEO plugin. -->","yoast_head_json":{"title":"Catering para bodas en Mallorca | FAB events LAB","description":"Ofrecemos servicios de Wedding Planner personalizado con catering para bodas en Mallorca. Nos adaptamos a t\u00ed.","robots":{"index":"index","follow":"follow","max-snippet":"max-snippet:-1","max-image-preview":"max-image-preview:large","max-video-preview":"max-video-preview:-1"},"canonical":"https:\/\/fabeventslab.com\/es\/organizador-bodas-mallorca\/catering-eventos-bodas\/","og_locale":"es_ES","og_type":"article","og_title":"Catering para bodas en Mallorca | FAB events LAB","og_description":"Ofrecemos servicios de Wedding Planner personalizado con catering para bodas en Mallorca. Nos adaptamos a t\u00ed.","og_url":"https:\/\/fabeventslab.com\/es\/organizador-bodas-mallorca\/catering-eventos-bodas\/","og_site_name":"FAB events LAB","article_publisher":"https:\/\/www.facebook.com\/event.wedding.planners.mallorca","article_modified_time":"2023-01-27T17:14:11+00:00","og_image":[{"url":"http:\/\/fabeventslab.com\/wp-content\/uploads\/2014\/12\/Event-Wedding-Catering-Mallorca-1.jpg","type":"","width":"","height":""}],"twitter_card":"summary_large_image","twitter_site":"@FABweddingsLAB","twitter_misc":{"Tiempo de lectura":"2 minutos"},"schema":{"@context":"https:\/\/schema.org","@graph":[{"@type":"WebPage","@id":"https:\/\/fabeventslab.com\/es\/organizador-bodas-mallorca\/catering-eventos-bodas\/","url":"https:\/\/fabeventslab.com\/es\/organizador-bodas-mallorca\/catering-eventos-bodas\/","name":"Catering para bodas en Mallorca | FAB events LAB","isPartOf":{"@id":"https:\/\/fabeventslab.com\/#website"},"primaryImageOfPage":{"@id":"https:\/\/fabeventslab.com\/es\/organizador-bodas-mallorca\/catering-eventos-bodas\/#primaryimage"},"image":{"@id":"https:\/\/fabeventslab.com\/es\/organizador-bodas-mallorca\/catering-eventos-bodas\/#primaryimage"},"thumbnailUrl":"http:\/\/fabeventslab.com\/wp-content\/uploads\/2014\/12\/Event-Wedding-Catering-Mallorca-1.jpg","datePublished":"2014-12-29T13:26:00+00:00","dateModified":"2023-01-27T17:14:11+00:00","description":"Ofrecemos servicios de Wedding Planner personalizado con catering para bodas en Mallorca. Nos adaptamos a t\u00ed.","breadcrumb":{"@id":"https:\/\/fabeventslab.com\/es\/organizador-bodas-mallorca\/catering-eventos-bodas\/#breadcrumb"},"inLanguage":"es","potentialAction":[{"@type":"ReadAction","target":["https:\/\/fabeventslab.com\/es\/organizador-bodas-mallorca\/catering-eventos-bodas\/"]}]},{"@type":"ImageObject","inLanguage":"es","@id":"https:\/\/fabeventslab.com\/es\/organizador-bodas-mallorca\/catering-eventos-bodas\/#primaryimage","url":"http:\/\/fabeventslab.com\/wp-content\/uploads\/2014\/12\/Event-Wedding-Catering-Mallorca-1.jpg","contentUrl":"http:\/\/fabeventslab.com\/wp-content\/uploads\/2014\/12\/Event-Wedding-Catering-Mallorca-1.jpg"},{"@type":"BreadcrumbList","@id":"https:\/\/fabeventslab.com\/es\/organizador-bodas-mallorca\/catering-eventos-bodas\/#breadcrumb","itemListElement":[{"@type":"ListItem","position":1,"name":"Home","item":"https:\/\/fabeventslab.com\/es\/"},{"@type":"ListItem","position":2,"name":"Wedding Planner en Mallorca","item":"https:\/\/fabeventslab.com\/es\/organizador-bodas-mallorca\/"},{"@type":"ListItem","position":3,"name":"Catering para bodas en Mallorca"}]},{"@type":"WebSite","@id":"https:\/\/fabeventslab.com\/#website","url":"https:\/\/fabeventslab.com\/","name":"FAB events LAB","description":"Wedding Planner in Mallorca","publisher":{"@id":"https:\/\/fabeventslab.com\/#organization"},"potentialAction":[{"@type":"SearchAction","target":{"@type":"EntryPoint","urlTemplate":"https:\/\/fabeventslab.com\/?s={search_term_string}"},"query-input":{"@type":"PropertyValueSpecification","valueRequired":true,"valueName":"search_term_string"}}],"inLanguage":"es"},{"@type":"Organization","@id":"https:\/\/fabeventslab.com\/#organization","name":"FAB events LAB Wedding Planner Mallorca","alternateName":"FAB events LAB","url":"https:\/\/fabeventslab.com\/","logo":{"@type":"ImageObject","inLanguage":"es","@id":"https:\/\/fabeventslab.com\/#\/schema\/logo\/image\/","url":"https:\/\/fabeventslab.com\/wp-content\/uploads\/2017\/05\/FAB-events-LAB-Wedding-Planner-Mallorca-3-Kopie.png","contentUrl":"https:\/\/fabeventslab.com\/wp-content\/uploads\/2017\/05\/FAB-events-LAB-Wedding-Planner-Mallorca-3-Kopie.png","width":"224","height":"220","caption":"FAB events LAB Wedding Planner Mallorca"},"image":{"@id":"https:\/\/fabeventslab.com\/#\/schema\/logo\/image\/"},"sameAs":["https:\/\/www.facebook.com\/event.wedding.planners.mallorca","https:\/\/x.com\/FABweddingsLAB","https:\/\/www.instagram.com\/fab_events_lab\/","https:\/\/www.linkedin.com\/company\/fab-events-lab","https:\/\/es.pinterest.com\/mallorcaevents\/","https:\/\/www.youtube.com\/channel\/UC-9PwyQerpHS3ULinxpawBA"]}]}},"_links":{"self":[{"href":"https:\/\/fabeventslab.com\/es\/wp-json\/wp\/v2\/pages\/833","targetHints":{"allow":["GET"]}}],"collection":[{"href":"https:\/\/fabeventslab.com\/es\/wp-json\/wp\/v2\/pages"}],"about":[{"href":"https:\/\/fabeventslab.com\/es\/wp-json\/wp\/v2\/types\/page"}],"author":[{"embeddable":true,"href":"https:\/\/fabeventslab.com\/es\/wp-json\/wp\/v2\/users\/3"}],"replies":[{"embeddable":true,"href":"https:\/\/fabeventslab.com\/es\/wp-json\/wp\/v2\/comments?post=833"}],"version-history":[{"count":2,"href":"https:\/\/fabeventslab.com\/es\/wp-json\/wp\/v2\/pages\/833\/revisions"}],"predecessor-version":[{"id":4808,"href":"https:\/\/fabeventslab.com\/es\/wp-json\/wp\/v2\/pages\/833\/revisions\/4808"}],"up":[{"embeddable":true,"href":"https:\/\/fabeventslab.com\/es\/wp-json\/wp\/v2\/pages\/382"}],"wp:attachment":[{"href":"https:\/\/fabeventslab.com\/es\/wp-json\/wp\/v2\/media?parent=833"}],"curies":[{"name":"wp","href":"https:\/\/api.w.org\/{rel}","templated":true}]}}